{"id":1859,"date":"2024-01-03T15:49:05","date_gmt":"2024-01-03T07:49:05","guid":{"rendered":"https:\/\/www.joysee-optical.com\/?post_type=product&#038;p=1859"},"modified":"2024-01-03T16:45:18","modified_gmt":"2024-01-03T08:45:18","slug":"blbal5611-aluminium-blue-light-blocking-glasses-night-time-eyewear-by-manufacturer-factory-direct","status":"publish","type":"product","link":"https:\/\/www.joysee-optical.com\/de\/produkt\/blbal5611-aluminium-blue-light-blocking-glasses-night-time-eyewear-by-manufacturer-factory-direct\/","title":{"rendered":"BLBAL5611- Aluminium Blue Light Blocking Brille Nachtbrille von Hersteller Factory Direct"},"content":{"rendered":"<h2>Erleben Sie Komfort und Schutz mit unseren Aluminium Blue Light Blocking Glasses<\/h2>\n<p>Im heutigen digitalen Zeitalter ist die Exposition gegen\u00fcber starkem blauem Licht von Bildschirmen ein weit verbreitetes Problem. Unsere ultraleichte, sportlich gestaltete Blaulichtschutzbrille ist die perfekte L\u00f6sung. Die aus hochwertigem Aluminium gefertigten Gl\u00e4ser sind nicht nur leicht und langlebig, sondern auch f\u00fcr optimalen Tragekomfort konzipiert.<\/p>\n<h3>Der perfekte Begleiter f\u00fcr Gamer und technisch versierte Personen<\/h3>\n<p>Diese Brille ist nicht nur f\u00fcr Computeranwender geeignet. Sie wurde speziell f\u00fcr Gamer entwickelt. Das schlanke Design, erg\u00e4nzt durch den sportlichen Stil, bietet eine perfekte Passform und sorgt f\u00fcr stundenlangen Spielkomfort.<\/p>\n<h3>Nachtsichtbrillen f\u00fcr einen besseren Schlaf<\/h3>\n<p>Die Exposition gegen\u00fcber blauem Licht in der Nacht kann Ihren Schlafzyklus st\u00f6ren. Unsere speziell entwickelten Gl\u00e4ser blockieren dieses blaue Licht und helfen so, den nat\u00fcrlichen Rhythmus Ihres K\u00f6rpers aufrechtzuerhalten. Das Ergebnis ist ein erholsamer Schlaf, der Sie erfrischt und fit f\u00fcr den n\u00e4chsten Tag macht.<\/p>\n<h2>Gro\u00dfhandel Sunclasses Vendor - Qualit\u00e4t und Erschwinglichkeit<\/h2>\n<p>Als f\u00fchrender Brillenhersteller und Gro\u00dfh\u00e4ndler bieten wir hochwertige Brillengestelle zu erschwinglichen Preisen an. Wir k\u00fcmmern uns um Gro\u00dfauftr\u00e4ge und sorgen f\u00fcr eine p\u00fcnktliche und effiziente Lieferung.<\/p>\n<h3>Verstellbare Lesebrillen und unzerbrechliche Brillen<\/h3>\n<p>Unser Sortiment umfasst verstellbare Lesebrillen f\u00fcr eine individuelle Passform und unzerbrechliche Brillen f\u00fcr eine lange Lebensdauer. Jedes Produkt ist so konzipiert, dass der Komfort f\u00fcr den Benutzer im Vordergrund steht.<\/p>\n<h2>Verabschieden Sie sich von \u00fcberanstrengten Augen mit einer Blaulichtschutzbrille<\/h2>\n<p>Unsere Gl\u00e4ser filtern das sch\u00e4dliche blaue Licht von Bildschirmen und beugen so einer \u00dcberanstrengung der Augen vor und f\u00f6rdern einen besseren Schlaf. Unsere Blaulichtbrille ist ein Muss f\u00fcr jeden, der viel Zeit vor dem Bildschirm verbringt.<\/p>\n<p>Zusammenfassend l\u00e4sst sich sagen, dass unsere Aluminium-Blaulichtschutzbrille ein unverzichtbares Accessoire im digitalen Zeitalter ist. Sie sch\u00fctzen nicht nur Ihre Augen, sondern verbessern auch Ihr Spielerlebnis und die Schlafqualit\u00e4t. Als renommierter Brillengro\u00dfh\u00e4ndler bieten wir modische Sonnenbrillen, Lesebrillen und mehr zu Gro\u00dfhandelspreisen an.<\/p>","protected":false},"excerpt":{"rendered":"<p>Unsere Aluminum Blue Light Blocking Glasses sind f\u00fcr Komfort und Schutz konzipiert. Perfekt f\u00fcr Gamer und technikbegeisterte Menschen, sch\u00fctzen diese Brillen Ihre Augen vor sch\u00e4dlichem Blaulicht und f\u00f6rdern einen erholsamen Schlaf. Als f\u00fchrender Brillengro\u00dfh\u00e4ndler bieten wir Qualit\u00e4tsbrillen zu erschwinglichen Preisen an. Unser Sortiment umfasst Blaulichtbrillen, Lesebrillen und vieles mehr.<\/p>","protected":false},"featured_media":1860,"comment_status":"closed","ping_status":"closed","template":"","meta":[],"product_cat":[42,57],"product_tag":[63,64],"class_list":{"0":"post-1859","1":"product","2":"type-product","3":"status-publish","4":"has-post-thumbnail","6":"product_cat-blue-light-blocking-glasses","7":"product_cat-high-end-blue-light-glasses","8":"product_tag-blue-light-blocking-glasses","9":"product_tag-light-weight","11":"first","12":"instock","13":"shipping-taxable","14":"product-type-simple"},"_links":{"self":[{"href":"https:\/\/www.joysee-optical.com\/de\/wp-json\/wp\/v2\/product\/1859","targetHints":{"allow":["GET"]}}],"collection":[{"href":"https:\/\/www.joysee-optical.com\/de\/wp-json\/wp\/v2\/product"}],"about":[{"href":"https:\/\/www.joysee-optical.com\/de\/wp-json\/wp\/v2\/types\/product"}],"replies":[{"embeddable":true,"href":"https:\/\/www.joysee-optical.com\/de\/wp-json\/wp\/v2\/comments?post=1859"}],"wp:featuredmedia":[{"embeddable":true,"href":"https:\/\/www.joysee-optical.com\/de\/wp-json\/wp\/v2\/media\/1860"}],"wp:attachment":[{"href":"https:\/\/www.joysee-optical.com\/de\/wp-json\/wp\/v2\/media?parent=1859"}],"wp:term":[{"taxonomy":"product_cat","embeddable":true,"href":"https:\/\/www.joysee-optical.com\/de\/wp-json\/wp\/v2\/product_cat?post=1859"},{"taxonomy":"product_tag","embeddable":true,"href":"https:\/\/www.joysee-optical.com\/de\/wp-json\/wp\/v2\/product_tag?post=1859"}],"curies":[{"name":"wp","href":"https:\/\/api.w.org\/{rel}","templated":true}]}}