{"id":1895,"date":"2024-01-04T10:09:37","date_gmt":"2024-01-04T02:09:37","guid":{"rendered":"https:\/\/www.joysee-optical.com\/?post_type=product&#038;p=1895"},"modified":"2024-01-04T19:37:01","modified_gmt":"2024-01-04T11:37:01","slug":"lt1179s-fashionable-designer-wholesale-sunglasses-vendors-manufacturers","status":"publish","type":"product","link":"https:\/\/www.joysee-optical.com\/de\/produkt\/lt1179s-fashionable-designer-wholesale-sunglasses-vendors-manufacturers\/","title":{"rendered":"LT1179S - Modische Designer-Sonnenbrillen f\u00fcr den Gro\u00dfhandel Hersteller"},"content":{"rendered":"<h2>Qualit\u00e4tssonnenbrillen von Top-Herstellern<\/h2>\n<p>Entdecken Sie unser Angebot an Sonnenbrillen von Top-Herstellern, die Qualit\u00e4t und Stil in jeder Brille bieten. Unsere Acetat-Sonnenbrillen werden von erfahrenen Sonnenbrillenverk\u00e4ufern hergestellt, die die neuesten Trends anwenden, um Ihnen modische Designs zu bieten.<\/p>\n<h3>Gewagte Designerbrillen f\u00fcr jeden Stil<\/h3>\n<p>Wir bieten Designerbrillen, die ebenso mutig wie stilvoll sind. Unsere Sonnenbrillen sind nicht einfach nur Accessoires, sie sind ein Statement. Unsere Auswahl reicht von klassischen bis zu modernen Modellen und deckt eine Vielzahl von Geschm\u00e4ckern ab. Ob Sie einen schlichten, minimalistischen Look oder ein lebendiges, auff\u00e4lliges Design bevorzugen, unsere Sonnenbrillenkollektion wird Sie nicht entt\u00e4uschen.<\/p>\n<h2>Gro\u00dfh\u00e4ndler f\u00fcr Sonnenbrillen: Qualit\u00e4t und Erschwinglichkeit<\/h2>\n<p>Wir sind Gro\u00dfh\u00e4ndler f\u00fcr Sonnenbrillen, die hochwertige Designerbrillen zu erschwinglichen Preisen anbieten wollen. Unsere Acetat-Sonnenbrillen sind nicht nur modisch, sondern auch langlebig, was sie zu einer lohnenswerten Investition macht.<\/p>\n<h3>Neue, trendige Designs von Sonnenbrillenherstellern<\/h3>\n<p>Unsere Sonnenbrillenhersteller arbeiten st\u00e4ndig an Innovationen, um Ihnen die neuesten Brillentrends zu bieten. Von einzigartigen Brillengestellen bis hin zu innovativen Gl\u00e4sern sind unsere neuen Kollektionen darauf ausgelegt, Sie zu beeindrucken. Jede Sonnenbrille, die wir anbieten, ist eine Mischung aus Komfort, Stil und Schutz.<\/p>\n<h2>Massenware Sonnenbrillen: Wert f\u00fcr Geld<\/h2>\n<p>Als Gro\u00dfh\u00e4ndler f\u00fcr Sonnenbrillen wissen wir, wie wichtig ein gutes Preis-Leistungs-Verh\u00e4ltnis ist. Deshalb bieten wir Sonnenbrillen in gro\u00dfen Mengen an und erm\u00f6glichen so gr\u00f6\u00dfere Einsparungen f\u00fcr diejenigen, die in gro\u00dfen Mengen einkaufen. Egal, ob Sie Einzelh\u00e4ndler oder Modefan sind, unsere Gro\u00dfhandels-Sonnenbrillenoptionen sind perfekt f\u00fcr Sie.<\/p>","protected":false},"excerpt":{"rendered":"<p>Entdecken Sie unser Angebot an Qualit\u00e4tssonnenbrillen von Top-Herstellern. Unsere k\u00fchnen Designerbrillen aus strapazierf\u00e4higem Acetat sind in einer Vielzahl von trendigen Designs erh\u00e4ltlich. Als f\u00fchrender Anbieter von Sonnenbrillen bieten wir Gro\u00dfmengenoptionen und Gro\u00dfhandelspreise, die ein gutes Preis-Leistungs-Verh\u00e4ltnis bieten, ohne Kompromisse beim Stil einzugehen.<\/p>","protected":false},"featured_media":1896,"comment_status":"closed","ping_status":"closed","template":"","meta":[],"product_cat":[51,41],"product_tag":[66,67],"class_list":{"0":"post-1895","1":"product","2":"type-product","3":"status-publish","4":"has-post-thumbnail","6":"product_cat-acetate-sunglasses","7":"product_cat-sunglasses","8":"product_tag-acetate-sunglasses","9":"product_tag-sunglasses","11":"first","12":"instock","13":"shipping-taxable","14":"product-type-simple"},"_links":{"self":[{"href":"https:\/\/www.joysee-optical.com\/de\/wp-json\/wp\/v2\/product\/1895","targetHints":{"allow":["GET"]}}],"collection":[{"href":"https:\/\/www.joysee-optical.com\/de\/wp-json\/wp\/v2\/product"}],"about":[{"href":"https:\/\/www.joysee-optical.com\/de\/wp-json\/wp\/v2\/types\/product"}],"replies":[{"embeddable":true,"href":"https:\/\/www.joysee-optical.com\/de\/wp-json\/wp\/v2\/comments?post=1895"}],"wp:featuredmedia":[{"embeddable":true,"href":"https:\/\/www.joysee-optical.com\/de\/wp-json\/wp\/v2\/media\/1896"}],"wp:attachment":[{"href":"https:\/\/www.joysee-optical.com\/de\/wp-json\/wp\/v2\/media?parent=1895"}],"wp:term":[{"taxonomy":"product_cat","embeddable":true,"href":"https:\/\/www.joysee-optical.com\/de\/wp-json\/wp\/v2\/product_cat?post=1895"},{"taxonomy":"product_tag","embeddable":true,"href":"https:\/\/www.joysee-optical.com\/de\/wp-json\/wp\/v2\/product_tag?post=1895"}],"curies":[{"name":"wp","href":"https:\/\/api.w.org\/{rel}","templated":true}]}}