{"id":1938,"date":"2024-01-04T11:20:19","date_gmt":"2024-01-04T03:20:19","guid":{"rendered":"https:\/\/www.joysee-optical.com\/?post_type=product&#038;p=1938"},"modified":"2024-01-04T19:39:05","modified_gmt":"2024-01-04T11:39:05","slug":"lt4004s-quality-vendor-wholesale-premium-acetate-unisex-custom-sunglasses-manufacturers","status":"publish","type":"product","link":"https:\/\/www.joysee-optical.com\/de\/produkt\/lt4004s-quality-vendor-wholesale-premium-acetate-unisex-custom-sunglasses-manufacturers\/","title":{"rendered":"LT4004S- Qualit\u00e4t Anbieter Gro\u00dfhandel Premium Acetat Unisex benutzerdefinierte Sonnenbrille Hersteller"},"content":{"rendered":"<h2>Wir stellen unsere individuellen Sonnenbrillen vor<\/h2>\n<p>Entdecken Sie die Welt der Mode und des Komforts mit unseren ma\u00dfgeschneiderten Sonnenbrillen. Als renommierter Sonnenbrillenhersteller stellen wir Ihre Sicht und Ihren Stil in den Vordergrund. Unsere Sonnenbrillen, die aus hochwertigem Acetatmaterial gefertigt sind, bieten maximale Haltbarkeit und Charme.<\/p>\n<h3>Qualit\u00e4tssonnenbrillen von zuverl\u00e4ssigen Herstellern<\/h3>\n<p>Als f\u00fchrender Hersteller von Sonnenbrillen nach Ma\u00df sorgen wir daf\u00fcr, dass Ihre Brillenbed\u00fcrfnisse mit unseren hochwertigen Produkten erf\u00fcllt werden. Unsere Sonnenbrillen sch\u00fctzen nicht nur Ihre Augen, sondern unterstreichen auch Ihren Style-Quotienten.<\/p>\n<h3>Klassisches Unisex-Design<\/h3>\n<p>Diese Sonnenbrille hat ein zeitloses Unisex-Design, das sie zu einem idealen Accessoire f\u00fcr alle macht. Das klassische Design, gepaart mit dem innenliegenden, flexiblen Scharnier, sorgt f\u00fcr angenehmen Tragekomfort bei jeder Gesichtsform.<\/p>\n<h2>Warum sollten Sie uns als Ihren Sonnenbrillen-Gro\u00dfh\u00e4ndler w\u00e4hlen?<\/h2>\n<p>Wir zeichnen uns in der Branche durch unser Engagement f\u00fcr h\u00f6chste Qualit\u00e4t und Stil aus. Unsere Sonnenbrillenfabrik produziert Brillen, die internationalen Standards entsprechen, was uns zu einem zuverl\u00e4ssigen Sonnenbrillenanbieter im Gro\u00dfhandel macht.<\/p>\n<h3>\u00dcberlegene Merkmale f\u00fcr optimalen Komfort<\/h3>\n<p>Diese Sonnenbrille ist mit polarisierten Gl\u00e4sern ausgestattet, die optimalen Schutz vor sch\u00e4dlichen UV-Strahlen bieten. Das Acetatmaterial ist nicht nur langlebig, sondern verbessert auch die Gesamt\u00e4sthetik der Sonnenbrille, was sie zu einer bevorzugten Wahl bei modernen Verbrauchern macht.<\/p>\n<h2>Sonnenbrillen Gro\u00dfhandel: Die Besten im Gesch\u00e4ft<\/h2>\n<p>Sie suchen einen zuverl\u00e4ssigen Partner f\u00fcr den Sonnenbrillen-Gro\u00dfhandel? Unsere ma\u00dfgefertigten Sonnenbrillen mit ihrem hochwertigen und stilvollen Design sind die perfekte L\u00f6sung f\u00fcr Ihr Unternehmen. Holen Sie sich die besten Sonnenbrillen in gro\u00dfen Mengen, von einem vertrauensw\u00fcrdigen Hersteller und Verk\u00e4ufer.<\/p>","protected":false},"excerpt":{"rendered":"<p>Sie suchen einen zuverl\u00e4ssigen Hersteller von Sonnenbrillen nach Ma\u00df? Unsere hochwertigen Unisex-Sonnenbrillen aus langlebigem Acetat bieten die perfekte Mischung aus Mode und Komfort. Als f\u00fchrender Sonnenbrillenanbieter im Gro\u00dfhandel entsprechen unsere Produkte internationalen Standards und garantieren Ihnen das Beste.<\/p>","protected":false},"featured_media":1939,"comment_status":"closed","ping_status":"closed","template":"","meta":[],"product_cat":[51,41],"product_tag":[66,67],"class_list":{"0":"post-1938","1":"product","2":"type-product","3":"status-publish","4":"has-post-thumbnail","6":"product_cat-acetate-sunglasses","7":"product_cat-sunglasses","8":"product_tag-acetate-sunglasses","9":"product_tag-sunglasses","11":"first","12":"instock","13":"shipping-taxable","14":"product-type-simple"},"_links":{"self":[{"href":"https:\/\/www.joysee-optical.com\/de\/wp-json\/wp\/v2\/product\/1938","targetHints":{"allow":["GET"]}}],"collection":[{"href":"https:\/\/www.joysee-optical.com\/de\/wp-json\/wp\/v2\/product"}],"about":[{"href":"https:\/\/www.joysee-optical.com\/de\/wp-json\/wp\/v2\/types\/product"}],"replies":[{"embeddable":true,"href":"https:\/\/www.joysee-optical.com\/de\/wp-json\/wp\/v2\/comments?post=1938"}],"wp:featuredmedia":[{"embeddable":true,"href":"https:\/\/www.joysee-optical.com\/de\/wp-json\/wp\/v2\/media\/1939"}],"wp:attachment":[{"href":"https:\/\/www.joysee-optical.com\/de\/wp-json\/wp\/v2\/media?parent=1938"}],"wp:term":[{"taxonomy":"product_cat","embeddable":true,"href":"https:\/\/www.joysee-optical.com\/de\/wp-json\/wp\/v2\/product_cat?post=1938"},{"taxonomy":"product_tag","embeddable":true,"href":"https:\/\/www.joysee-optical.com\/de\/wp-json\/wp\/v2\/product_tag?post=1938"}],"curies":[{"name":"wp","href":"https:\/\/api.w.org\/{rel}","templated":true}]}}