{"id":2081,"date":"2024-01-04T16:05:46","date_gmt":"2024-01-04T08:05:46","guid":{"rendered":"https:\/\/www.joysee-optical.com\/?post_type=product&#038;p=2081"},"modified":"2024-01-04T19:43:24","modified_gmt":"2024-01-04T11:43:24","slug":"lt4010s-bulk-high-quality-classic-unisex-wholesale-sunglasses-vendor-factory","status":"publish","type":"product","link":"https:\/\/www.joysee-optical.com\/de\/produkt\/lt4010s-bulk-high-quality-classic-unisex-wholesale-sunglasses-vendor-factory\/","title":{"rendered":"LT4010S - Bulk Hohe Qualit\u00e4t Klassische Unisex Gro\u00dfhandel Sonnenbrillen Verk\u00e4ufer Fabrik"},"content":{"rendered":"<h2>Klassische Unisex-Sonnenbrillen von einem seri\u00f6sen Sonnenbrillen-Anbieter<\/h2>\n<p>Sie suchen einen f\u00fchrenden Sonnenbrillenanbieter, der hochwertige, stilvolle und erschwingliche Brillen anbietet? Unsere klassischen Unisex-Sonnenbrillen sind perfekt f\u00fcr jeden Einzelh\u00e4ndler, der seinen Bestand an Sonnenbrillen in gro\u00dfen Mengen erweitern m\u00f6chte. Diese Sonnenbrillen aus strapazierf\u00e4higem Acetat sind langlebig und bieten ein zeitloses Design, das zu jedem Stil passt.<\/p>\n<h3>Gro\u00dfhandelssonnenbrillen mit einzigartigen Eigenschaften<\/h3>\n<p>Diese Sonnenbrillen sehen nicht nur gut aus - sie sind auch mit einzigartigen Eigenschaften ausgestattet. Jede unserer Sonnenbrillen f\u00fcr den Gro\u00dfhandel ist mit polarisierten Gl\u00e4sern ausgestattet, die die Augen vor sch\u00e4dlichen UV-Strahlen sch\u00fctzen. Das interne flexible Scharnier sorgt f\u00fcr eine bequeme Passform f\u00fcr alle Benutzer. Au\u00dferdem sind diese Sonnenbrillen zu einem Fabrikpreis erh\u00e4ltlich, der dem Einzelhandel ein unschlagbares Preis-Leistungs-Verh\u00e4ltnis bietet.<\/p>\n<h3>Hochwertige Materialien f\u00fcr langlebige Brillen<\/h3>\n<p>Unsere Sonnenbrillen werden aus hochwertigem Acetat hergestellt und sind robust und langlebig. Acetat ist bekannt f\u00fcr seine St\u00e4rke und Langlebigkeit, was es zum perfekten Material f\u00fcr hochwertige Brillen macht. Es ist diese Liebe zum Detail, die uns zu einem vertrauensw\u00fcrdigen Sonnenbrillenlieferanten f\u00fcr Einzelh\u00e4ndler im ganzen Land macht.<\/p>\n<h3>Ihr vertrauensw\u00fcrdiger Anbieter von Sonnenbrillen<\/h3>\n<p>Als f\u00fchrender Anbieter von Sonnenbrillen wissen wir, wie wichtig es ist, zuverl\u00e4ssige, qualitativ hochwertige Produkte zu liefern. Deshalb bieten wir Sonnenbrillen in gro\u00dfen Mengen zu Gro\u00dfhandelspreisen an. So k\u00f6nnen sich unsere Kunden mit qualitativ hochwertigen Brillen eindecken, ohne die Bank zu sprengen.<\/p>","protected":false},"excerpt":{"rendered":"<p>Entdecken Sie die perfekte Mischung aus Stil und Qualit\u00e4t mit unserer klassischen Unisex-Sonnenbrille. Als seri\u00f6ser Sonnenbrillenanbieter bieten wir diese Sonnenbrillen zu Gro\u00dfhandelspreisen an. Sie sind aus strapazierf\u00e4higem Acetat mit polarisierten Gl\u00e4sern gefertigt und f\u00fcr Komfort und Langlebigkeit konzipiert.<\/p>","protected":false},"featured_media":2084,"comment_status":"closed","ping_status":"closed","template":"","meta":[],"product_cat":[51,41],"product_tag":[66,67],"class_list":{"0":"post-2081","1":"product","2":"type-product","3":"status-publish","4":"has-post-thumbnail","6":"product_cat-acetate-sunglasses","7":"product_cat-sunglasses","8":"product_tag-acetate-sunglasses","9":"product_tag-sunglasses","11":"first","12":"instock","13":"shipping-taxable","14":"product-type-simple"},"_links":{"self":[{"href":"https:\/\/www.joysee-optical.com\/de\/wp-json\/wp\/v2\/product\/2081","targetHints":{"allow":["GET"]}}],"collection":[{"href":"https:\/\/www.joysee-optical.com\/de\/wp-json\/wp\/v2\/product"}],"about":[{"href":"https:\/\/www.joysee-optical.com\/de\/wp-json\/wp\/v2\/types\/product"}],"replies":[{"embeddable":true,"href":"https:\/\/www.joysee-optical.com\/de\/wp-json\/wp\/v2\/comments?post=2081"}],"wp:featuredmedia":[{"embeddable":true,"href":"https:\/\/www.joysee-optical.com\/de\/wp-json\/wp\/v2\/media\/2084"}],"wp:attachment":[{"href":"https:\/\/www.joysee-optical.com\/de\/wp-json\/wp\/v2\/media?parent=2081"}],"wp:term":[{"taxonomy":"product_cat","embeddable":true,"href":"https:\/\/www.joysee-optical.com\/de\/wp-json\/wp\/v2\/product_cat?post=2081"},{"taxonomy":"product_tag","embeddable":true,"href":"https:\/\/www.joysee-optical.com\/de\/wp-json\/wp\/v2\/product_tag?post=2081"}],"curies":[{"name":"wp","href":"https:\/\/api.w.org\/{rel}","templated":true}]}}