{"id":1895,"date":"2024-01-04T10:09:37","date_gmt":"2024-01-04T02:09:37","guid":{"rendered":"https:\/\/www.joysee-optical.com\/?post_type=product&#038;p=1895"},"modified":"2024-01-04T19:37:01","modified_gmt":"2024-01-04T11:37:01","slug":"lt1179s-fashionable-designer-wholesale-sunglasses-vendors-manufacturers","status":"publish","type":"product","link":"https:\/\/www.joysee-optical.com\/es\/producto\/lt1179s-fashionable-designer-wholesale-sunglasses-vendors-manufacturers\/","title":{"rendered":"LT1179S-Gafas de sol de dise\u00f1o al por mayor Fabricantes"},"content":{"rendered":"<h2>Gafas de sol de calidad de los mejores fabricantes<\/h2>\n<p>Descubra nuestra gama de gafas de sol de los mejores fabricantes, que ofrecen calidad y estilo en cada par. Nuestras gafas de sol de acetato est\u00e1n fabricadas por expertos vendedores de gafas de sol que utilizan las \u00faltimas tendencias para ofrecerte dise\u00f1os a la \u00faltima.<\/p>\n<h3>Gafas de dise\u00f1o para todos los estilos<\/h3>\n<p>Ofrecemos gafas de dise\u00f1o tan atrevidas como elegantes. Nuestras gafas de sol no son s\u00f3lo accesorios, son toda una declaraci\u00f3n de intenciones. Desde estilos cl\u00e1sicos a contempor\u00e1neos, nuestra selecci\u00f3n satisface una gran variedad de gustos. Tanto si prefiere un look elegante y minimalista como un dise\u00f1o vibrante y llamativo, nuestra colecci\u00f3n de gafas de sol no le decepcionar\u00e1.<\/p>\n<h2>Mayoristas de gafas de sol: Calidad y asequibilidad<\/h2>\n<p>Somos vendedores de gafas de sol al por mayor, comprometidos a proporcionar gafas de dise\u00f1o de alta calidad a precios asequibles. Nuestras gafas de sol de acetato no solo est\u00e1n de moda, sino que tambi\u00e9n son duraderas, lo que las convierte en una inversi\u00f3n digna.<\/p>\n<h3>Nuevos dise\u00f1os de moda de los fabricantes de gafas de sol<\/h3>\n<p>Nuestros fabricantes de gafas de sol innovan constantemente para ofrecerle las \u00faltimas tendencias en gafas. Desde monturas \u00fanicas hasta innovadoras tecnolog\u00edas de lentes, nuestras nuevas colecciones est\u00e1n dise\u00f1adas para impresionar. Cada par de gafas de sol que ofrecemos es una mezcla de comodidad, estilo y protecci\u00f3n.<\/p>\n<h2>Gafas de sol a granel: Relaci\u00f3n calidad-precio<\/h2>\n<p>Como mayoristas de gafas de sol, somos conscientes de la importancia de la relaci\u00f3n calidad-precio. Por eso ofrecemos opciones de gafas de sol al por mayor, que suponen un mayor ahorro para quienes compran en grandes cantidades. Tanto si eres un minorista como un entusiasta de la moda, nuestras opciones de gafas de sol al por mayor son perfectas para ti.<\/p>","protected":false},"excerpt":{"rendered":"<p>Explore nuestra gama de gafas de sol de calidad de los mejores fabricantes. Nuestras atrevidas gafas de dise\u00f1o, fabricadas con acetato resistente, est\u00e1n disponibles en una gran variedad de dise\u00f1os modernos. Como proveedor l\u00edder de gafas de sol, ofrecemos opciones a granel y precios al por mayor, proporcionando una buena relaci\u00f3n calidad-precio sin comprometer el estilo.<\/p>","protected":false},"featured_media":1896,"comment_status":"closed","ping_status":"closed","template":"","meta":[],"product_cat":[51,41],"product_tag":[66,67],"class_list":{"0":"post-1895","1":"product","2":"type-product","3":"status-publish","4":"has-post-thumbnail","6":"product_cat-acetate-sunglasses","7":"product_cat-sunglasses","8":"product_tag-acetate-sunglasses","9":"product_tag-sunglasses","11":"first","12":"instock","13":"shipping-taxable","14":"product-type-simple"},"_links":{"self":[{"href":"https:\/\/www.joysee-optical.com\/es\/wp-json\/wp\/v2\/product\/1895","targetHints":{"allow":["GET"]}}],"collection":[{"href":"https:\/\/www.joysee-optical.com\/es\/wp-json\/wp\/v2\/product"}],"about":[{"href":"https:\/\/www.joysee-optical.com\/es\/wp-json\/wp\/v2\/types\/product"}],"replies":[{"embeddable":true,"href":"https:\/\/www.joysee-optical.com\/es\/wp-json\/wp\/v2\/comments?post=1895"}],"wp:featuredmedia":[{"embeddable":true,"href":"https:\/\/www.joysee-optical.com\/es\/wp-json\/wp\/v2\/media\/1896"}],"wp:attachment":[{"href":"https:\/\/www.joysee-optical.com\/es\/wp-json\/wp\/v2\/media?parent=1895"}],"wp:term":[{"taxonomy":"product_cat","embeddable":true,"href":"https:\/\/www.joysee-optical.com\/es\/wp-json\/wp\/v2\/product_cat?post=1895"},{"taxonomy":"product_tag","embeddable":true,"href":"https:\/\/www.joysee-optical.com\/es\/wp-json\/wp\/v2\/product_tag?post=1895"}],"curies":[{"name":"wp","href":"https:\/\/api.w.org\/{rel}","templated":true}]}}