{"id":1973,"date":"2024-01-04T14:13:18","date_gmt":"2024-01-04T06:13:18","guid":{"rendered":"https:\/\/www.joysee-optical.com\/?post_type=product&#038;p=1973"},"modified":"2024-01-04T19:40:40","modified_gmt":"2024-01-04T11:40:40","slug":"lt4006-whoesale-high-quality-classic-unisex-acetate-frames-glasses-vendor-factory","status":"publish","type":"product","link":"https:\/\/www.joysee-optical.com\/es\/producto\/lt4006-whoesale-high-quality-classic-unisex-acetate-frames-glasses-vendor-factory\/","title":{"rendered":"LT4006- Whoesale Alta Calidad Cl\u00e1sico Unisex Acetato Marcos Gafas Vendedor F\u00e1brica"},"content":{"rendered":"<h2>Presentaci\u00f3n de nuestras gafas de acetato cl\u00e1sicas unisex<\/h2>\n<p>Como proveedor l\u00edder de gafas, nos enorgullecemos de ofrecer gafas elegantes y de m\u00e1xima calidad adaptadas a las necesidades de cada persona. Nuestras gafas unisex cl\u00e1sicas de acetato est\u00e1n fabricadas con los mejores materiales y dise\u00f1adas con una bisagra flexible interna, lo que las convierte en una elecci\u00f3n popular entre los fabricantes de gafas.<\/p>\n<h3>Caracter\u00edsticas de nuestras gafas<\/h3>\n<p>Nuestras gafas unisex son una mezcla perfecta de estilo y comodidad. Est\u00e1n fabricadas con acetato duradero, lo que garantiza una mayor duraci\u00f3n y resistencia a la rotura. Adem\u00e1s, la bisagra flexible interna ofrece versatilidad, facilitando el ajuste de la montura para una sujeci\u00f3n perfecta.<\/p>\n<h3>\u00bfPor qu\u00e9 elegirnos como proveedor de gafas?<\/h3>\n<p>Nuestra reputaci\u00f3n como proveedor de gafas fiable se ha forjado gracias a nuestro compromiso con la calidad y la satisfacci\u00f3n del cliente. Trabajamos en estrecha colaboraci\u00f3n con f\u00e1bricas de gafas y fabricantes de gafas para garantizar que ofrecemos solo los mejores productos a nuestros clientes.<\/p>\n<h3>Nuestro compromiso con la calidad<\/h3>\n<p>Somos conscientes de la importancia de unas gafas de primera calidad. Por eso, como fabricante de gafas de confianza, nos aseguramos de que nuestras gafas se sometan a rigurosos controles de calidad antes de estar listas para la venta.<\/p>\n<h2>Excelentes oportunidades para mayoristas<\/h2>\n<p>Como proveedor de gafas de renombre, ofrecemos excelentes oportunidades de venta al por mayor para minoristas. Nuestras gafas de acetato est\u00e1n disponibles al por mayor a precios competitivos. No somos solo un proveedor, sino un socio comprometido con el crecimiento de su negocio.<\/p>\n<h3>Servicio de gafas a medida<\/h3>\n<p>Adem\u00e1s de nuestras gafas de pr\u00eat-\u00e0-porter, ofrecemos un servicio de gafas a medida. Los clientes pueden personalizar sus monturas para recibir un producto realmente \u00fanico.<\/p>","protected":false},"excerpt":{"rendered":"<p>Descubra nuestras gafas de acetato cl\u00e1sicas unisex de alta calidad de un vendedor de gafas l\u00edder. Fabricadas con materiales duraderos, estas monturas son una mezcla perfecta de estilo y comodidad. As\u00f3ciese con nosotros para obtener excelentes oportunidades de venta al por mayor y haga crecer su negocio con nuestra gama de gafas.<\/p>","protected":false},"featured_media":1982,"comment_status":"closed","ping_status":"closed","template":"","meta":[],"product_cat":[47,40],"product_tag":[46,65],"class_list":{"0":"post-1973","1":"product","2":"type-product","3":"status-publish","4":"has-post-thumbnail","6":"product_cat-acetate-eyeglasses","7":"product_cat-optical-frames","8":"product_tag-acetate","9":"product_tag-optical-frames","11":"first","12":"instock","13":"shipping-taxable","14":"product-type-simple"},"_links":{"self":[{"href":"https:\/\/www.joysee-optical.com\/es\/wp-json\/wp\/v2\/product\/1973","targetHints":{"allow":["GET"]}}],"collection":[{"href":"https:\/\/www.joysee-optical.com\/es\/wp-json\/wp\/v2\/product"}],"about":[{"href":"https:\/\/www.joysee-optical.com\/es\/wp-json\/wp\/v2\/types\/product"}],"replies":[{"embeddable":true,"href":"https:\/\/www.joysee-optical.com\/es\/wp-json\/wp\/v2\/comments?post=1973"}],"wp:featuredmedia":[{"embeddable":true,"href":"https:\/\/www.joysee-optical.com\/es\/wp-json\/wp\/v2\/media\/1982"}],"wp:attachment":[{"href":"https:\/\/www.joysee-optical.com\/es\/wp-json\/wp\/v2\/media?parent=1973"}],"wp:term":[{"taxonomy":"product_cat","embeddable":true,"href":"https:\/\/www.joysee-optical.com\/es\/wp-json\/wp\/v2\/product_cat?post=1973"},{"taxonomy":"product_tag","embeddable":true,"href":"https:\/\/www.joysee-optical.com\/es\/wp-json\/wp\/v2\/product_tag?post=1973"}],"curies":[{"name":"wp","href":"https:\/\/api.w.org\/{rel}","templated":true}]}}