{"id":1995,"date":"2024-01-04T14:36:47","date_gmt":"2024-01-04T06:36:47","guid":{"rendered":"https:\/\/www.joysee-optical.com\/?post_type=product&#038;p=1995"},"modified":"2024-01-04T19:41:08","modified_gmt":"2024-01-04T11:41:08","slug":"lt4007-wholesale-high-quality-eyewear-frames-expert-glasses-frame-manufacturers-factory-price","status":"publish","type":"product","link":"https:\/\/www.joysee-optical.com\/es\/producto\/lt4007-wholesale-high-quality-eyewear-frames-expert-glasses-frame-manufacturers-factory-price\/","title":{"rendered":"LT4007 - Venta al por mayor de alta calidad Eyewear Frames Expert Glasses Frame Fabricantes Precio de f\u00e1brica"},"content":{"rendered":"<h2>Monturas de gafas excepcionales de los mejores fabricantes de monturas de gafas<\/h2>\n<p>En el mundo de las soluciones \u00f3pticas, nosotros, como fabricantes de monturas de gafas de renombre, estamos a la vanguardia. Nuestras gafas de acetato cl\u00e1sicas y unisex son la personificaci\u00f3n del estilo y la comodidad.<\/p>\n<h3>Materiales y dise\u00f1o de alta calidad<\/h3>\n<p>Nuestras gafas est\u00e1n fabricadas con acetato de primera calidad, un material conocido por su durabilidad y ligereza. Esto las hace c\u00f3modas para un uso prolongado, tanto si las usas para leer como para peinarte.<\/p>\n<h3>Caracter\u00edsticas de nuestras monturas<\/h3>\n<p>Como fabricantes l\u00edderes de monturas de gafas, dise\u00f1amos nuestras gafas pensando en el usuario. Nuestras monturas no solo son cl\u00e1sicas y unisex, sino que adem\u00e1s incorporan una bisagra flexible interna que facilita su uso y extracci\u00f3n.<\/p>\n<h3>\u00a0Monturas \u00f3pticas vers\u00e1tiles<\/h3>\n<p>Tanto si es un mayorista de gafas que busca gafas de sol al por mayor como si es un fabricante de gafas de sol que busca monturas de alta calidad, nuestras gafas est\u00e1n dise\u00f1adas para satisfacer distintas necesidades.<\/p>\n<h3>\u00a0La f\u00e1brica de gafas de confianza<\/h3>\n<p>Somos algo m\u00e1s que fabricantes de monturas de gafas; somos una f\u00e1brica de gafas de confianza que ofrece una gran variedad de soluciones para gafas, desde gafas de sol al por mayor hasta gafas personalizadas.<\/p>\n<h3>Soluciones de gafas al por mayor<\/h3>\n<p>Entendemos la necesidad de gafas asequibles pero de alta calidad, por eso ofrecemos gafas de sol al por mayor y monturas de gafas al por mayor. Como mayorista de gafas de confianza, prometemos una calidad excelente a precios competitivos.<\/p>\n<h3>Fabricante de gafas fiable<\/h3>\n<p>Nuestra reputaci\u00f3n como fabricante de gafas fiable procede de nuestro compromiso con la calidad y la satisfacci\u00f3n del cliente. Fabricamos cada par de nuestras monturas de acetato con precisi\u00f3n y cuidado, asegur\u00e1ndonos de que cumplen nuestros elevados est\u00e1ndares.<\/p>\n<h3>\u00a0Gafas personalizadas para personalidades \u00fanicas<\/h3>\n<p>Para los que buscan algo \u00fanico, ofrecemos gafas de sol personalizadas. Ponte en contacto con nosotros para hablar de tus necesidades espec\u00edficas y consigue unas gafas a medida que reflejen tu estilo.<\/p>","protected":false},"excerpt":{"rendered":"<p>Descubra monturas de gafas de alta calidad de los mejores fabricantes de monturas de gafas. Nuestras monturas de acetato cl\u00e1sicas y unisex incorporan una bisagra interna flexible para mayor comodidad. Tanto si necesita gafas de sol al por mayor como gafas personalizadas, somos el mayorista de gafas y el fabricante de gafas de confianza en el que puede confiar.<\/p>","protected":false},"featured_media":2000,"comment_status":"closed","ping_status":"closed","template":"","meta":[],"product_cat":[47,40],"product_tag":[46,65],"class_list":{"0":"post-1995","1":"product","2":"type-product","3":"status-publish","4":"has-post-thumbnail","6":"product_cat-acetate-eyeglasses","7":"product_cat-optical-frames","8":"product_tag-acetate","9":"product_tag-optical-frames","11":"first","12":"instock","13":"shipping-taxable","14":"product-type-simple"},"_links":{"self":[{"href":"https:\/\/www.joysee-optical.com\/es\/wp-json\/wp\/v2\/product\/1995","targetHints":{"allow":["GET"]}}],"collection":[{"href":"https:\/\/www.joysee-optical.com\/es\/wp-json\/wp\/v2\/product"}],"about":[{"href":"https:\/\/www.joysee-optical.com\/es\/wp-json\/wp\/v2\/types\/product"}],"replies":[{"embeddable":true,"href":"https:\/\/www.joysee-optical.com\/es\/wp-json\/wp\/v2\/comments?post=1995"}],"wp:featuredmedia":[{"embeddable":true,"href":"https:\/\/www.joysee-optical.com\/es\/wp-json\/wp\/v2\/media\/2000"}],"wp:attachment":[{"href":"https:\/\/www.joysee-optical.com\/es\/wp-json\/wp\/v2\/media?parent=1995"}],"wp:term":[{"taxonomy":"product_cat","embeddable":true,"href":"https:\/\/www.joysee-optical.com\/es\/wp-json\/wp\/v2\/product_cat?post=1995"},{"taxonomy":"product_tag","embeddable":true,"href":"https:\/\/www.joysee-optical.com\/es\/wp-json\/wp\/v2\/product_tag?post=1995"}],"curies":[{"name":"wp","href":"https:\/\/api.w.org\/{rel}","templated":true}]}}