{"id":2091,"date":"2024-01-04T16:29:02","date_gmt":"2024-01-04T08:29:02","guid":{"rendered":"https:\/\/www.joysee-optical.com\/?post_type=product&#038;p=2091"},"modified":"2024-01-04T19:43:36","modified_gmt":"2024-01-04T11:43:36","slug":"lt4011-top-quality-acetate-spectacle-glasses-wholesaler-and-custom-glasses-factory","status":"publish","type":"product","link":"https:\/\/www.joysee-optical.com\/es\/producto\/lt4011-top-quality-acetate-spectacle-glasses-wholesaler-and-custom-glasses-factory\/","title":{"rendered":"LT4011 - Mayorista de Gafas de Acetato de Calidad Superior y F\u00e1brica de Gafas Personalizadas"},"content":{"rendered":"<h2>Experimente la m\u00e1xima calidad con nuestro mayorista de gafas<\/h2>\n<p>Como mayorista l\u00edder de gafas, nos comprometemos a ofrecer gafas de la m\u00e1xima calidad que combinen estilo, comodidad y durabilidad. Nuestras gafas est\u00e1n meticulosamente dise\u00f1adas y fabricadas con acetato de alta calidad, lo que garantiza que resistan el paso del tiempo.<\/p>\n<h3>Ofertas \u00fanicas de nuestra fiable f\u00e1brica de gafas<\/h3>\n<p>En nuestra f\u00e1brica de gafas, no s\u00f3lo fabricamos gafas; creamos una experiencia visual \u00fanica para nuestros clientes. Nuestras gafas vienen con bisagras internas flexibles y est\u00e1n dise\u00f1adas para ser unisex y cl\u00e1sicas. Como fabricantes de gafas a medida, le permitimos personalizar sus gafas para que reflejen su gusto y estilo.<\/p>\n<h3>\u00bfPor qu\u00e9 elegir nuestras gafas de sol al por mayor?<\/h3>\n<p>Cuando se trata de gafas de sol al por mayor, pocos pueden igualar nuestra calidad y nuestros precios. Nuestras gafas de sol no solo son funcionales, ya que ofrecen la m\u00e1xima protecci\u00f3n frente a los da\u00f1inos rayos UV, sino tambi\u00e9n elegantes, para que puedas ir a la moda.<\/p>\n<h3>Gafas de calidad de nuestra f\u00e1brica de gafas<\/h3>\n<p>Nuestra f\u00e1brica de gafas es famosa por sus gafas de alta calidad. Tanto si busca gafas de lectura ajustables, gafas de lectura irrompibles o gafas con bloque azul, tenemos todo lo que necesita. Conf\u00ede en nosotros como mayorista de gafas.<\/p>\n<h3>Gafas a medida para un estilo personalizado<\/h3>\n<p>\u00bfPor qu\u00e9 conformarse con unas gafas est\u00e1ndar cuando puede tener unas gafas a medida dise\u00f1adas para usted? Te permitimos personalizar todos los aspectos de tus gafas, desde la montura hasta los cristales, para que se adapten a tu estilo y comodidad.<\/p>","protected":false},"excerpt":{"rendered":"<p>Como principal mayorista de gafas y f\u00e1brica de gafas a medida, ofrecemos gafas de acetato unisex cl\u00e1sicas de la m\u00e1xima calidad. Nuestras gafas cuentan con bisagras flexibles internas para mayor comodidad y durabilidad. Elija entre nuestra amplia gama de gafas de sol al por mayor o personalice su propio estilo en nuestra f\u00e1brica de gafas.<\/p>","protected":false},"featured_media":2096,"comment_status":"closed","ping_status":"closed","template":"","meta":[],"product_cat":[47,40],"product_tag":[46,65],"class_list":{"0":"post-2091","1":"product","2":"type-product","3":"status-publish","4":"has-post-thumbnail","6":"product_cat-acetate-eyeglasses","7":"product_cat-optical-frames","8":"product_tag-acetate","9":"product_tag-optical-frames","11":"first","12":"instock","13":"shipping-taxable","14":"product-type-simple"},"_links":{"self":[{"href":"https:\/\/www.joysee-optical.com\/es\/wp-json\/wp\/v2\/product\/2091","targetHints":{"allow":["GET"]}}],"collection":[{"href":"https:\/\/www.joysee-optical.com\/es\/wp-json\/wp\/v2\/product"}],"about":[{"href":"https:\/\/www.joysee-optical.com\/es\/wp-json\/wp\/v2\/types\/product"}],"replies":[{"embeddable":true,"href":"https:\/\/www.joysee-optical.com\/es\/wp-json\/wp\/v2\/comments?post=2091"}],"wp:featuredmedia":[{"embeddable":true,"href":"https:\/\/www.joysee-optical.com\/es\/wp-json\/wp\/v2\/media\/2096"}],"wp:attachment":[{"href":"https:\/\/www.joysee-optical.com\/es\/wp-json\/wp\/v2\/media?parent=2091"}],"wp:term":[{"taxonomy":"product_cat","embeddable":true,"href":"https:\/\/www.joysee-optical.com\/es\/wp-json\/wp\/v2\/product_cat?post=2091"},{"taxonomy":"product_tag","embeddable":true,"href":"https:\/\/www.joysee-optical.com\/es\/wp-json\/wp\/v2\/product_tag?post=2091"}],"curies":[{"name":"wp","href":"https:\/\/api.w.org\/{rel}","templated":true}]}}