{"id":2118,"date":"2024-01-05T11:25:37","date_gmt":"2024-01-05T03:25:37","guid":{"rendered":"https:\/\/www.joysee-optical.com\/?post_type=product&#038;p=2118"},"modified":"2024-01-05T22:31:32","modified_gmt":"2024-01-05T14:31:32","slug":"lt4002-unisex-acetate-optical-glasses-frames-your-reliable-glasses-manufacturer-wholesalerlt4002","status":"publish","type":"product","link":"https:\/\/www.joysee-optical.com\/es\/producto\/lt4002-unisex-acetate-optical-glasses-frames-your-reliable-glasses-manufacturer-wholesalerlt4002\/","title":{"rendered":"LT4002- Unisex Acetato Gafas \u00d3pticas Monturas - Su mayorista de confianza fabricante de gafas"},"content":{"rendered":"<h2>\u00a0La calidad insuperable de nuestro mayorista de gafas de acetato<\/h2>\n<p>Como mayoristas de gafas l\u00edderes, ofrecemos gafas de acetato de primera calidad que combinan a la perfecci\u00f3n estilos cl\u00e1sicos y modernos. Duraderas, elegantes y disponibles en una gran variedad de dise\u00f1os, estas monturas de gafas unisex son el ep\u00edtome de la moda funcional.<\/p>\n<h3>Gafas cl\u00e1sicas de acetato para todos<\/h3>\n<p>Nuestras gafas, fabricadas en las mejores f\u00e1bricas de gafas, son un gran accesorio tanto para hombres como para mujeres. Su dise\u00f1o cl\u00e1sico se adapta a cualquier forma de cara, y la bisagra flexible interna garantiza un ajuste c\u00f3modo, lo que las convierte en una elecci\u00f3n popular entre nuestros clientes de gafas.<\/p>\n<h3>Mayorista de gafas personalizadas a precios de f\u00e1brica<\/h3>\n<p>Como mayorista de gafas, tambi\u00e9n ofrecemos gafas personalizadas a precios de f\u00e1brica. Tanto si quiere lucir el logotipo de su empresa, un monograma o simplemente quiere unas gafas de sol personalizadas a su gusto, podemos hacerlo por usted. Somos una f\u00e1brica de gafas que valora la satisfacci\u00f3n del cliente por encima de todo.<\/p>\n<h3>Gafas de sol a granel para empresas<\/h3>\n<p>Para las empresas interesadas en convertirse en vendedores de gafas de sol, somos el mayorista de gafas perfecto con el que asociarse. Ofrecemos gafas de sol al por mayor al por mayor, lo que le garantiza las mejores ofertas y los productos de mayor calidad.<\/p>\n<h3>Empresa de gafas de confianza<\/h3>\n<p>Cuando nos compra, est\u00e1 tratando con una empresa de gafas de confianza. Nuestra m\u00e1xima prioridad es ofrecer gafas de alta calidad a precios de mayorista. Nos esforzamos por ser los mejores fabricantes de gafas, y la confianza y satisfacci\u00f3n de nuestros clientes es el testimonio de nuestro compromiso.<\/p>","protected":false},"excerpt":{"rendered":"<p>\u00bfBusca fabricantes de gafas de confianza? Somos un mayorista de gafas de confianza que ofrece monturas de gafas unisex cl\u00e1sicas de acetato a precios de f\u00e1brica. Nuestras gafas, fabricadas en las mejores f\u00e1bricas de gafas, ofrecen durabilidad y estilo, y tambi\u00e9n ofrecemos opciones de personalizaci\u00f3n. Convi\u00e9rtete en vendedor de gafas de sol con nuestras ofertas de gafas de sol al por mayor<\/p>","protected":false},"featured_media":2119,"comment_status":"closed","ping_status":"closed","template":"","meta":[],"product_cat":[47,40],"product_tag":[46,65],"class_list":{"0":"post-2118","1":"product","2":"type-product","3":"status-publish","4":"has-post-thumbnail","6":"product_cat-acetate-eyeglasses","7":"product_cat-optical-frames","8":"product_tag-acetate","9":"product_tag-optical-frames","11":"first","12":"instock","13":"shipping-taxable","14":"product-type-simple"},"_links":{"self":[{"href":"https:\/\/www.joysee-optical.com\/es\/wp-json\/wp\/v2\/product\/2118","targetHints":{"allow":["GET"]}}],"collection":[{"href":"https:\/\/www.joysee-optical.com\/es\/wp-json\/wp\/v2\/product"}],"about":[{"href":"https:\/\/www.joysee-optical.com\/es\/wp-json\/wp\/v2\/types\/product"}],"replies":[{"embeddable":true,"href":"https:\/\/www.joysee-optical.com\/es\/wp-json\/wp\/v2\/comments?post=2118"}],"wp:featuredmedia":[{"embeddable":true,"href":"https:\/\/www.joysee-optical.com\/es\/wp-json\/wp\/v2\/media\/2119"}],"wp:attachment":[{"href":"https:\/\/www.joysee-optical.com\/es\/wp-json\/wp\/v2\/media?parent=2118"}],"wp:term":[{"taxonomy":"product_cat","embeddable":true,"href":"https:\/\/www.joysee-optical.com\/es\/wp-json\/wp\/v2\/product_cat?post=2118"},{"taxonomy":"product_tag","embeddable":true,"href":"https:\/\/www.joysee-optical.com\/es\/wp-json\/wp\/v2\/product_tag?post=2118"}],"curies":[{"name":"wp","href":"https:\/\/api.w.org\/{rel}","templated":true}]}}