{"id":2129,"date":"2024-01-05T14:22:45","date_gmt":"2024-01-05T06:22:45","guid":{"rendered":"https:\/\/www.joysee-optical.com\/?post_type=product&#038;p=2129"},"modified":"2024-01-05T22:39:56","modified_gmt":"2024-01-05T14:39:56","slug":"lt1032-unisex-italy-design-acetate-eyewear-from-trusted-vendor-china-glasses-manufacturer","status":"publish","type":"product","link":"https:\/\/www.joysee-optical.com\/es\/producto\/lt1032-unisex-italy-design-acetate-eyewear-from-trusted-vendor-china-glasses-manufacturer\/","title":{"rendered":"LT1032 - Unisex Italia Gafas de acetato de dise\u00f1o de proveedor de confianza China Gafas Fabricante"},"content":{"rendered":"<h2>Gafas de acetato de calidad superior del fabricante de gafas de confianza de China<\/h2>\n<p>Descubra la combinaci\u00f3n perfecta de estilo, comodidad y durabilidad con nuestras gafas de acetato. Como fabricante l\u00edder de gafas, nos especializamos en la producci\u00f3n de gafas cl\u00e1sicas unisex que atraen a todos los sentidos de la moda.<\/p>\n<h3>Materiales de calidad superior para el m\u00e1ximo confort<\/h3>\n<p>Nuestras gafas est\u00e1n fabricadas con acetato de alta calidad, conocido por su resistencia, ligereza, comodidad y rica saturaci\u00f3n de color. Este material, combinado con nuestras avanzadas t\u00e9cnicas de fabricaci\u00f3n, da como resultado unas gafas no solo elegantes, sino tambi\u00e9n duraderas y c\u00f3modas.<\/p>\n<h3>Dise\u00f1o cl\u00e1sico para un atractivo unisex<\/h3>\n<p>El dise\u00f1o cl\u00e1sico de nuestras gafas de acetato es a la vez moderno y atemporal. Adecuadas tanto para hombres como para mujeres, estas gafas cuentan con una bisagra flexible interna y elegantes piezas met\u00e1licas que a\u00f1aden un toque de sofisticaci\u00f3n. Nuestras gafas son el accesorio ideal para cualquier atuendo, garantizando que luzca su mejor aspecto en todo momento.<\/p>\n<h2>Gafas de sol al por mayor de un vendedor de gafas de renombre<\/h2>\n<p>Como proveedores de gafas de confianza, ofrecemos precios de f\u00e1brica a nuestros clientes. Creemos en ofrecer gafas de alta calidad a precios asequibles, lo que nos convierte en la mejor opci\u00f3n para gafas de sol al por mayor, gafas de sol de moda al por mayor y monturas de gafas al por mayor.<\/p>\n<h3>Gafas a medida de una empresa l\u00edder en gafas<\/h3>\n<p>Nuestra empresa de gafas ofrece opciones de personalizaci\u00f3n para satisfacer sus necesidades espec\u00edficas. Tanto si busca gafas de sol personalizadas, monturas \u00f3pticas o gafas de lectura ajustables, tenemos todo lo que necesita. Nuestras gafas personalizadas le garantizan que destacar\u00e1 entre la multitud con un estilo \u00fanico y verdaderamente suyo.<\/p>\n<h2>Asociarse con un fabricante l\u00edder de gafas de sol<\/h2>\n<p>Cuando nos elige como fabricante de gafas de sol, est\u00e1 eligiendo una empresa comprometida con la calidad, el estilo y la asequibilidad. Nuestro estatus de mayorista de gafas nos permite ofrecer gafas de sol para ni\u00f1os al por mayor, gafas de lectura irrompibles y mucho m\u00e1s a precios inmejorables.<\/p>","protected":false},"excerpt":{"rendered":"<p>Consiga la combinaci\u00f3n perfecta de estilo, comodidad y durabilidad con nuestras gafas de acetato. Hecho a mano de acetato ligero, de alta calidad y con un dise\u00f1o cl\u00e1sico, unisex, nuestras gafas es un corte por encima del resto. Como fabricante l\u00edder de gafas en China y vendedor de gafas, ofrecemos precios de f\u00e1brica para nuestros productos superiores. El\u00edjanos para sus necesidades de gafas al por mayor<\/p>","protected":false},"featured_media":2139,"comment_status":"closed","ping_status":"closed","template":"","meta":[],"product_cat":[47,40],"product_tag":[46,65],"class_list":{"0":"post-2129","1":"product","2":"type-product","3":"status-publish","4":"has-post-thumbnail","6":"product_cat-acetate-eyeglasses","7":"product_cat-optical-frames","8":"product_tag-acetate","9":"product_tag-optical-frames","11":"first","12":"instock","13":"shipping-taxable","14":"product-type-simple"},"_links":{"self":[{"href":"https:\/\/www.joysee-optical.com\/es\/wp-json\/wp\/v2\/product\/2129","targetHints":{"allow":["GET"]}}],"collection":[{"href":"https:\/\/www.joysee-optical.com\/es\/wp-json\/wp\/v2\/product"}],"about":[{"href":"https:\/\/www.joysee-optical.com\/es\/wp-json\/wp\/v2\/types\/product"}],"replies":[{"embeddable":true,"href":"https:\/\/www.joysee-optical.com\/es\/wp-json\/wp\/v2\/comments?post=2129"}],"wp:featuredmedia":[{"embeddable":true,"href":"https:\/\/www.joysee-optical.com\/es\/wp-json\/wp\/v2\/media\/2139"}],"wp:attachment":[{"href":"https:\/\/www.joysee-optical.com\/es\/wp-json\/wp\/v2\/media?parent=2129"}],"wp:term":[{"taxonomy":"product_cat","embeddable":true,"href":"https:\/\/www.joysee-optical.com\/es\/wp-json\/wp\/v2\/product_cat?post=2129"},{"taxonomy":"product_tag","embeddable":true,"href":"https:\/\/www.joysee-optical.com\/es\/wp-json\/wp\/v2\/product_tag?post=2129"}],"curies":[{"name":"wp","href":"https:\/\/api.w.org\/{rel}","templated":true}]}}