{"id":2140,"date":"2024-01-05T14:25:43","date_gmt":"2024-01-05T06:25:43","guid":{"rendered":"https:\/\/www.joysee-optical.com\/?post_type=product&#038;p=2140"},"modified":"2024-01-05T22:56:10","modified_gmt":"2024-01-05T14:56:10","slug":"lt1049-factory-price-female-ladies-womens-optical-frame-glasses-from-trusted-glasses-manufacturers","status":"publish","type":"product","link":"https:\/\/www.joysee-optical.com\/es\/producto\/lt1049-factory-price-female-ladies-womens-optical-frame-glasses-from-trusted-glasses-manufacturers\/","title":{"rendered":"LT1049 - Precio de f\u00e1brica Femenino Mujeres Gafas de montura \u00f3ptica de los fabricantes de gafas de confianza"},"content":{"rendered":"<h2>Calidad excepcional de los fabricantes de gafas<\/h2>\n<p>Descubra nuestras gafas de acetato unisex cl\u00e1sicas, procedentes directamente de los principales fabricantes de gafas. Experimenta la combinaci\u00f3n perfecta de estilo y funcionalidad, de la mano de un mayorista de gafas de primera categor\u00eda.<\/p>\n<h3>Dise\u00f1o sofisticado y prestaciones impecables<\/h3>\n<p>Estas gafas tienen un dise\u00f1o cl\u00e1sico y unisex que sienta bien a todo el mundo. Fabricadas con una bisagra interna flexible y con elegantes detalles met\u00e1licos, estas gafas son el ep\u00edtome de la sofisticaci\u00f3n. Ideales para la mujer, estas gafas realzan el encanto femenino al tiempo que ofrecen la m\u00e1xima comodidad.<\/p>\n<h3>\u00a0Directo de la f\u00e1brica a usted<\/h3>\n<p>Como mayoristas de gafas de confianza, suministramos estas gafas de m\u00e1xima calidad directamente de f\u00e1brica, lo que le garantiza la mejor calidad a precios de f\u00e1brica. Como proveedores de gafas de confianza, nos enorgullecemos de ofrecer un valor excepcional a nuestros clientes.<\/p>\n<h3>Personalizable y vers\u00e1til<\/h3>\n<p>Nuestras gafas de sol al por mayor, incluidas estas gafas de acetato cl\u00e1sicas para mujer, pueden personalizarse f\u00e1cilmente seg\u00fan sus preferencias. Si usted est\u00e1 buscando gafas de lectura ajustables, gafas de bloque azul, o gafas de sol de moda al por mayor, lo tenemos cubierto.<\/p>\n<h3>Perfecto para cualquier ocasi\u00f3n<\/h3>\n<p>Estas gafas son vers\u00e1tiles y perfectas para cualquier ocasi\u00f3n. Tanto si est\u00e1 leyendo, trabajando con el ordenador o tomando el sol, nuestras gafas le resultar\u00e1n c\u00f3modas y elegantes. Como fabricante l\u00edder de gafas de sol y mayorista de gafas, nos aseguramos de que nuestras gafas satisfagan sus necesidades.<\/p>\n<h3>L\u00edderes del sector<\/h3>\n<p>Al estar entre las 10 principales empresas de gafas de sol y ser una respetada f\u00e1brica de gafas, nuestro compromiso con la creaci\u00f3n de gafas de alta calidad es inigualable. Nuestras gafas no son meros accesorios, sino una expresi\u00f3n de su estilo y personalidad.<\/p>","protected":false},"excerpt":{"rendered":"<p>Descubra nuestras gafas de acetato unisex cl\u00e1sicas, una mezcla perfecta de estilo y funcionalidad de fabricantes de gafas de confianza. Con una bisagra flexible interna, elegantes piezas met\u00e1licas y precios de f\u00e1brica, estas gafas son perfectas para cualquier ocasi\u00f3n. Personalizables y vers\u00e1tiles, nuestras gafas satisfacen sus necesidades<\/p>","protected":false},"featured_media":2149,"comment_status":"closed","ping_status":"closed","template":"","meta":[],"product_cat":[47,40],"product_tag":[46,65],"class_list":{"0":"post-2140","1":"product","2":"type-product","3":"status-publish","4":"has-post-thumbnail","6":"product_cat-acetate-eyeglasses","7":"product_cat-optical-frames","8":"product_tag-acetate","9":"product_tag-optical-frames","11":"first","12":"instock","13":"shipping-taxable","14":"product-type-simple"},"_links":{"self":[{"href":"https:\/\/www.joysee-optical.com\/es\/wp-json\/wp\/v2\/product\/2140","targetHints":{"allow":["GET"]}}],"collection":[{"href":"https:\/\/www.joysee-optical.com\/es\/wp-json\/wp\/v2\/product"}],"about":[{"href":"https:\/\/www.joysee-optical.com\/es\/wp-json\/wp\/v2\/types\/product"}],"replies":[{"embeddable":true,"href":"https:\/\/www.joysee-optical.com\/es\/wp-json\/wp\/v2\/comments?post=2140"}],"wp:featuredmedia":[{"embeddable":true,"href":"https:\/\/www.joysee-optical.com\/es\/wp-json\/wp\/v2\/media\/2149"}],"wp:attachment":[{"href":"https:\/\/www.joysee-optical.com\/es\/wp-json\/wp\/v2\/media?parent=2140"}],"wp:term":[{"taxonomy":"product_cat","embeddable":true,"href":"https:\/\/www.joysee-optical.com\/es\/wp-json\/wp\/v2\/product_cat?post=2140"},{"taxonomy":"product_tag","embeddable":true,"href":"https:\/\/www.joysee-optical.com\/es\/wp-json\/wp\/v2\/product_tag?post=2140"}],"curies":[{"name":"wp","href":"https:\/\/api.w.org\/{rel}","templated":true}]}}