{"id":2193,"date":"2024-01-05T15:18:48","date_gmt":"2024-01-05T07:18:48","guid":{"rendered":"https:\/\/www.joysee-optical.com\/?post_type=product&#038;p=2193"},"modified":"2024-01-06T19:33:27","modified_gmt":"2024-01-06T11:33:27","slug":"lt4013-classic-square-shape-glasses-wholesale-from-top-eyewear-manufacturer-factorylt4013","status":"publish","type":"product","link":"https:\/\/www.joysee-optical.com\/es\/producto\/lt4013-classic-square-shape-glasses-wholesale-from-top-eyewear-manufacturer-factorylt4013\/","title":{"rendered":"LT4013 - Classic Square Shape Gafas al por mayor de Top Eyewear Fabricante F\u00e1brica"},"content":{"rendered":"<h2>Gafas al por mayor con montura cuadrada cl\u00e1sica de acetato<\/h2>\n<h3>Gafas al por mayor de alta gama de un mayorista de gafas de renombre<\/h3>\n<p>Como mayorista l\u00edder en gafas, nos enorgullecemos de ofrecer gafas al por mayor directamente desde nuestras f\u00e1bricas de gafas. Nuestra colecci\u00f3n cuenta con una gran variedad de dise\u00f1os, incluyendo las cl\u00e1sicas monturas cuadradas de acetato. Estas gafas, fabricadas con acetato de la m\u00e1xima calidad, son un elemento b\u00e1sico en cualquier colecci\u00f3n de gafas.<\/p>\n<h4>Dise\u00f1o cuadrado cl\u00e1sico con un toque contempor\u00e1neo<\/h4>\n<p>Nuestra colecci\u00f3n de gafas al por mayor combina un dise\u00f1o cl\u00e1sico, como la intemporal forma cuadrada, con un atractivo contempor\u00e1neo. Cada par se realza con piezas met\u00e1licas, lo que confiere a las gafas un toque moderno y refinado.<\/p>\n<h4>Monturas de acetato de alta calidad de f\u00e1bricas de gafas<\/h4>\n<p>No somos s\u00f3lo una empresa de gafas, sino un fabricante de gafas conocido por el uso de materiales de primera calidad, como el acetato. Estas gafas no solo son elegantes, sino tambi\u00e9n duraderas, y ofrecen longevidad y una excelente relaci\u00f3n calidad-precio.<\/p>\n<h3>Gafas de sol al por mayor y monturas de gafas al por mayor de un mayorista de gafas de renombre<\/h3>\n<p>Somos un fabricante de gafas de sol y una empresa de gafas de confianza. Como proveedor de gafas de sol al por mayor y venta de gafas enteras, ofrecemos una amplia gama de estilos. Desde gafas de sol al por mayor hasta gafas de lectura ajustables, tenemos algo para cada cliente.<\/p>\n<h4>Gafas de sol personalizadas de nuestra f\u00e1brica de gafas<\/h4>\n<p>Como f\u00e1brica de gafas, ofrecemos el servicio \u00fanico de gafas de sol y gafas a medida. Cree su propio look exclusivo con nuestras opciones personalizables, todo desde la comodidad de su hogar.<\/p>\n<h4>Venta al por mayor de gafas con calidad y estilo<\/h4>\n<p>Nuestra colecci\u00f3n de gafas al por mayor no compromete la calidad ni el estilo, y ofrece una amplia gama de gafas de vista y de sol. Como mayoristas de gafas, somos conscientes de la importancia de ofrecer productos que encajen con el estilo y las necesidades de nuestros clientes.<\/p>\n<h2>Su proveedor mayorista de gafas de confianza<\/h2>\n<p>En nuestra empresa mayorista de gafas, damos prioridad a la satisfacci\u00f3n del cliente por encima de todo. Como mayorista de gafas y fabricante de gafas de confianza, nos comprometemos a ofrecer solo lo mejor a nuestros clientes.<\/p>","protected":false},"excerpt":{"rendered":"<p>Descubra las mejores gafas al por mayor de nuestro mayorista de gafas. Nuestras gafas cuentan con el cl\u00e1sico dise\u00f1o de forma cuadrada y monturas de acetato de alta calidad, realzadas con elegantes piezas met\u00e1licas para darles un toque moderno. Como fabricante de gafas de confianza, ofrecemos una gran variedad de estilos. Desde gafas de sol al por mayor hasta venta de gafas enteras, nuestra colecci\u00f3n satisface las necesidades de todo el mundo.<\/p>","protected":false},"featured_media":2267,"comment_status":"closed","ping_status":"closed","template":"","meta":[],"product_cat":[47,40],"product_tag":[46,65],"class_list":{"0":"post-2193","1":"product","2":"type-product","3":"status-publish","4":"has-post-thumbnail","6":"product_cat-acetate-eyeglasses","7":"product_cat-optical-frames","8":"product_tag-acetate","9":"product_tag-optical-frames","11":"first","12":"instock","13":"shipping-taxable","14":"product-type-simple"},"_links":{"self":[{"href":"https:\/\/www.joysee-optical.com\/es\/wp-json\/wp\/v2\/product\/2193","targetHints":{"allow":["GET"]}}],"collection":[{"href":"https:\/\/www.joysee-optical.com\/es\/wp-json\/wp\/v2\/product"}],"about":[{"href":"https:\/\/www.joysee-optical.com\/es\/wp-json\/wp\/v2\/types\/product"}],"replies":[{"embeddable":true,"href":"https:\/\/www.joysee-optical.com\/es\/wp-json\/wp\/v2\/comments?post=2193"}],"wp:featuredmedia":[{"embeddable":true,"href":"https:\/\/www.joysee-optical.com\/es\/wp-json\/wp\/v2\/media\/2267"}],"wp:attachment":[{"href":"https:\/\/www.joysee-optical.com\/es\/wp-json\/wp\/v2\/media?parent=2193"}],"wp:term":[{"taxonomy":"product_cat","embeddable":true,"href":"https:\/\/www.joysee-optical.com\/es\/wp-json\/wp\/v2\/product_cat?post=2193"},{"taxonomy":"product_tag","embeddable":true,"href":"https:\/\/www.joysee-optical.com\/es\/wp-json\/wp\/v2\/product_tag?post=2193"}],"curies":[{"name":"wp","href":"https:\/\/api.w.org\/{rel}","templated":true}]}}