{"id":2213,"date":"2024-01-05T15:40:01","date_gmt":"2024-01-05T07:40:01","guid":{"rendered":"https:\/\/www.joysee-optical.com\/?post_type=product&#038;p=2213"},"modified":"2024-01-06T19:37:36","modified_gmt":"2024-01-06T11:37:36","slug":"lt4014-high-quality-classic-acetate-glasses-from-reliable-glasses-manufacturer-chinalt4014","status":"publish","type":"product","link":"https:\/\/www.joysee-optical.com\/es\/producto\/lt4014-high-quality-classic-acetate-glasses-from-reliable-glasses-manufacturer-chinalt4014\/","title":{"rendered":"LT4014 - Gafas Cl\u00e1sicas de Acetato de Alta Calidad del Fabricante de Gafas de Confianza China"},"content":{"rendered":"<h2>Gafas de acetato de calidad de un fabricante de gafas de renombre<\/h2>\n<p>Elaboradas con precisi\u00f3n y estilo, nuestras gafas de acetato reflejan la calidad y la artesan\u00eda que, como fabricante l\u00edder de gafas, ofrecemos a nuestros clientes. Estas gafas cl\u00e1sicas de forma cuadrada con partes met\u00e1licas no solo realzan su cociente de estilo, sino que ofrecen una durabilidad duradera.<\/p>\n<h3>Su fabricante de gafas de sol de confianza en China<\/h3>\n<p>Como respetado fabricante de gafas de sol en China, nos especializamos en ofrecer gafas de sol personalizadas que incorporan las \u00faltimas tendencias y est\u00e1ndares. Nuestras gafas, caracterizadas por su forma cuadrada y su dise\u00f1o cl\u00e1sico, est\u00e1n fabricadas con acetato de alta calidad, lo que garantiza un ajuste c\u00f3modo y un uso duradero.<\/p>\n<h3>M\u00e1s que un simple vendedor de gafas de sol<\/h3>\n<p>Hacemos algo m\u00e1s que fabricar gafas de sol. Ofrecemos un conjunto completo de soluciones de gafas, desde gafas de sol al por mayor hasta gafas de sol al por mayor. Nuestra empresa de gafas no se limita a las gafas de sol. Tambi\u00e9n cubrimos otras necesidades en gafas, como gafas de lectura ajustables, gafas con bloque azul y gafas de lectura irrompibles.<\/p>\n<h3>Spectacle Factory - Comprometidos con la calidad<\/h3>\n<p>Nuestra f\u00e1brica de gafas se dedica a producir monturas de alta calidad que no s\u00f3lo son funcionales, sino que tambi\u00e9n est\u00e1n a la moda. Como f\u00e1brica de gafas que ofrece una amplia gama de productos, desde gafas de sol de moda al por mayor hasta gafas personalizadas, somos su soluci\u00f3n integral para todas sus necesidades de gafas.<\/p>\n<h3>Wholesale Sunnies Company - Gafas asequibles y con estilo<\/h3>\n<p>Como empresa de gafas de sol, ofrecemos grandes ofertas para quienes buscan gafas al por mayor. Tanto si busca gafas de sol al por mayor como gafas de sol para ni\u00f1os al por mayor, tenemos todo lo que necesita. Tambi\u00e9n ofrecemos gafas de sol de calidad a un precio muy inferior.<\/p>","protected":false},"excerpt":{"rendered":"<p>Gafas de acetato de calidad superior de un fabricante de gafas de renombre. Nuestros dise\u00f1os cl\u00e1sicos de forma cuadrada est\u00e1n fabricados con precisi\u00f3n para ofrecer una larga duraci\u00f3n. Como fabricante de gafas de sol de confianza en China, ofrecemos gafas de sol personalizadas y una gama de otras soluciones de gafas, lo que nos convierte en su soluci\u00f3n integral para todas sus necesidades de gafas.<\/p>","protected":false},"featured_media":2223,"comment_status":"closed","ping_status":"closed","template":"","meta":[],"product_cat":[47,40],"product_tag":[46,65],"class_list":{"0":"post-2213","1":"product","2":"type-product","3":"status-publish","4":"has-post-thumbnail","6":"product_cat-acetate-eyeglasses","7":"product_cat-optical-frames","8":"product_tag-acetate","9":"product_tag-optical-frames","11":"first","12":"instock","13":"shipping-taxable","14":"product-type-simple"},"_links":{"self":[{"href":"https:\/\/www.joysee-optical.com\/es\/wp-json\/wp\/v2\/product\/2213","targetHints":{"allow":["GET"]}}],"collection":[{"href":"https:\/\/www.joysee-optical.com\/es\/wp-json\/wp\/v2\/product"}],"about":[{"href":"https:\/\/www.joysee-optical.com\/es\/wp-json\/wp\/v2\/types\/product"}],"replies":[{"embeddable":true,"href":"https:\/\/www.joysee-optical.com\/es\/wp-json\/wp\/v2\/comments?post=2213"}],"wp:featuredmedia":[{"embeddable":true,"href":"https:\/\/www.joysee-optical.com\/es\/wp-json\/wp\/v2\/media\/2223"}],"wp:attachment":[{"href":"https:\/\/www.joysee-optical.com\/es\/wp-json\/wp\/v2\/media?parent=2213"}],"wp:term":[{"taxonomy":"product_cat","embeddable":true,"href":"https:\/\/www.joysee-optical.com\/es\/wp-json\/wp\/v2\/product_cat?post=2213"},{"taxonomy":"product_tag","embeddable":true,"href":"https:\/\/www.joysee-optical.com\/es\/wp-json\/wp\/v2\/product_tag?post=2213"}],"curies":[{"name":"wp","href":"https:\/\/api.w.org\/{rel}","templated":true}]}}