{"id":2233,"date":"2024-01-05T16:06:15","date_gmt":"2024-01-05T08:06:15","guid":{"rendered":"https:\/\/www.joysee-optical.com\/?post_type=product&#038;p=2233"},"modified":"2024-01-06T19:41:38","modified_gmt":"2024-01-06T11:41:38","slug":"lt1048-classic-design-by-custom-eyewear-manufacturer-and-glasses-wholesalerlt1048","status":"publish","type":"product","link":"https:\/\/www.joysee-optical.com\/es\/producto\/lt1048-classic-design-by-custom-eyewear-manufacturer-and-glasses-wholesalerlt1048\/","title":{"rendered":"LT1048 - Dise\u00f1o Cl\u00e1sico por Fabricante de Gafas a Medida y Mayorista de Gafas"},"content":{"rendered":"<h2>Calidad de un fabricante l\u00edder de gafas a medida<\/h2>\n<p>A la hora de comprar gafas, elegir piezas de un fabricante de gafas a medida de confianza como nosotros puede marcar la diferencia. Somos uno de los principales mayoristas de gafas del sector y ofrecemos una calidad excepcional a nuestros clientes.<\/p>\n<h3>Calidad inigualable en los materiales<\/h3>\n<p>Nuestras gafas se fabrican con acetato de alta calidad, lo que garantiza un ajuste c\u00f3modo y duradero. Como mayorista de gafas conocido por nuestra calidad, nuestras gafas no solo son bonitas, sino que tambi\u00e9n ofrecen un rendimiento de primera categor\u00eda.<\/p>\n<h3>Dise\u00f1o cl\u00e1sico y atractivo<\/h3>\n<p>Las gafas que producimos tienen un dise\u00f1o cl\u00e1sico. Entendemos que las gafas no son s\u00f3lo una necesidad, sino una declaraci\u00f3n de moda, y nuestra f\u00e1brica de gafas produce piezas que satisfacen estas necesidades. Desde gafas de sol hasta gafas \u00f3pticas, nuestra colecci\u00f3n seguro que le cautivar\u00e1.<\/p>\n<h3>Opciones para mayoristas y minoristas<\/h3>\n<p>Somos un mayorista de gafas de vista y de sol que atiende no s\u00f3lo a minoristas, sino tambi\u00e9n a clientes particulares. Tanto si desea comprar gafas de sol al por mayor como una sola pieza personalizada, podemos satisfacer sus necesidades.<\/p>\n<h3>Conf\u00ede en nuestra experiencia<\/h3>\n<p>Como reputado fabricante de gafas de sol, nuestros productos se someten a rigurosos controles de calidad. Nos comprometemos a ofrecer solo lo mejor, lo que nos convierte en una de las 10 mejores empresas de gafas de sol del sector.<\/p>","protected":false},"excerpt":{"rendered":"<p>Elija calidad y estilo con nuestras gafas personalizadas. Como mayorista y fabricante l\u00edder de gafas, nuestros productos est\u00e1n fabricados con acetato resistente y cuentan con un dise\u00f1o cl\u00e1sico. Desde gafas de sol hasta gafas \u00f3pticas, conf\u00ede en nosotros para disfrutar de unas gafas de primera clase.<\/p>","protected":false},"featured_media":2238,"comment_status":"closed","ping_status":"closed","template":"","meta":[],"product_cat":[47,40],"product_tag":[46,65],"class_list":{"0":"post-2233","1":"product","2":"type-product","3":"status-publish","4":"has-post-thumbnail","6":"product_cat-acetate-eyeglasses","7":"product_cat-optical-frames","8":"product_tag-acetate","9":"product_tag-optical-frames","11":"first","12":"instock","13":"shipping-taxable","14":"product-type-simple"},"_links":{"self":[{"href":"https:\/\/www.joysee-optical.com\/es\/wp-json\/wp\/v2\/product\/2233","targetHints":{"allow":["GET"]}}],"collection":[{"href":"https:\/\/www.joysee-optical.com\/es\/wp-json\/wp\/v2\/product"}],"about":[{"href":"https:\/\/www.joysee-optical.com\/es\/wp-json\/wp\/v2\/types\/product"}],"replies":[{"embeddable":true,"href":"https:\/\/www.joysee-optical.com\/es\/wp-json\/wp\/v2\/comments?post=2233"}],"wp:featuredmedia":[{"embeddable":true,"href":"https:\/\/www.joysee-optical.com\/es\/wp-json\/wp\/v2\/media\/2238"}],"wp:attachment":[{"href":"https:\/\/www.joysee-optical.com\/es\/wp-json\/wp\/v2\/media?parent=2233"}],"wp:term":[{"taxonomy":"product_cat","embeddable":true,"href":"https:\/\/www.joysee-optical.com\/es\/wp-json\/wp\/v2\/product_cat?post=2233"},{"taxonomy":"product_tag","embeddable":true,"href":"https:\/\/www.joysee-optical.com\/es\/wp-json\/wp\/v2\/product_tag?post=2233"}],"curies":[{"name":"wp","href":"https:\/\/api.w.org\/{rel}","templated":true}]}}