{"id":1895,"date":"2024-01-04T10:09:37","date_gmt":"2024-01-04T02:09:37","guid":{"rendered":"https:\/\/www.joysee-optical.com\/?post_type=product&#038;p=1895"},"modified":"2024-01-04T19:37:01","modified_gmt":"2024-01-04T11:37:01","slug":"lt1179s-fashionable-designer-wholesale-sunglasses-vendors-manufacturers","status":"publish","type":"product","link":"https:\/\/www.joysee-optical.com\/fr\/produit\/lt1179s-fashionable-designer-wholesale-sunglasses-vendors-manufacturers\/","title":{"rendered":"LT1179S-Fashionable Designer Wholesale Sunglasses Vendors Manufacturers"},"content":{"rendered":"<h2>Lunettes de soleil de qualit\u00e9 des meilleurs fabricants<\/h2>\n<p>D\u00e9couvrez notre gamme de lunettes de soleil provenant des meilleurs fabricants, offrant qualit\u00e9 et style dans chaque paire. Nos lunettes de soleil en ac\u00e9tate sont fabriqu\u00e9es par des vendeurs de lunettes de soleil experts, qui utilisent les derni\u00e8res tendances pour vous offrir des mod\u00e8les \u00e0 la pointe de la mode.<\/p>\n<h3>Des lunettes de cr\u00e9ateur audacieuses pour tous les styles<\/h3>\n<p>Nous proposons des lunettes de cr\u00e9ateur aussi audacieuses qu'\u00e9l\u00e9gantes. Nos lunettes de soleil ne sont pas seulement des accessoires, elles sont une affirmation. Des styles classiques aux styles contemporains, notre s\u00e9lection r\u00e9pond \u00e0 une myriade de go\u00fbts. Que vous pr\u00e9f\u00e9riez un look \u00e9pur\u00e9 et minimaliste ou un design vibrant et accrocheur, notre collection de lunettes de soleil ne vous d\u00e9cevra pas.<\/p>\n<h2>Vendeurs de lunettes de soleil en gros : Qualit\u00e9 et prix abordables<\/h2>\n<p>Nous sommes des vendeurs de lunettes de soleil en gros et nous nous engageons \u00e0 fournir des lunettes de marque de haute qualit\u00e9 \u00e0 des prix abordables. Nos lunettes de soleil en ac\u00e9tate sont non seulement \u00e0 la mode, mais aussi durables, ce qui en fait un bon investissement.<\/p>\n<h3>Nouveaux mod\u00e8les tendance des fabricants de lunettes de soleil<\/h3>\n<p>Nos fabricants de lunettes de soleil innovent constamment pour vous offrir les derni\u00e8res tendances en mati\u00e8re de lunettes. Des montures uniques \u00e0 la technologie innovante des verres, nos nouvelles collections sont con\u00e7ues pour impressionner. Chaque paire de lunettes de soleil que nous proposons est un m\u00e9lange de confort, de style et de protection.<\/p>\n<h2>Lunettes de soleil en vrac : Rapport qualit\u00e9-prix<\/h2>\n<p>En tant que grossiste en lunettes de soleil, nous comprenons l'importance du rapport qualit\u00e9-prix. C'est pourquoi nous proposons des options de lunettes de soleil en gros, offrant des \u00e9conomies plus importantes pour ceux qui ach\u00e8tent en grandes quantit\u00e9s. Que vous soyez un d\u00e9taillant ou un passionn\u00e9 de mode, nos options de lunettes de soleil en gros sont parfaites pour vous.<\/p>","protected":false},"excerpt":{"rendered":"<p>D\u00e9couvrez notre gamme de lunettes de soleil de qualit\u00e9 provenant des meilleurs fabricants. Nos lunettes de cr\u00e9ateur audacieuses, fabriqu\u00e9es \u00e0 partir d'ac\u00e9tate durable, sont disponibles dans une vari\u00e9t\u00e9 de mod\u00e8les \u00e0 la mode. En tant que vendeur de lunettes de soleil de premier plan, nous proposons des options en vrac et des prix de gros, offrant ainsi un bon rapport qualit\u00e9-prix sans compromettre le style.<\/p>","protected":false},"featured_media":1896,"comment_status":"closed","ping_status":"closed","template":"","meta":[],"product_cat":[51,41],"product_tag":[66,67],"class_list":{"0":"post-1895","1":"product","2":"type-product","3":"status-publish","4":"has-post-thumbnail","6":"product_cat-acetate-sunglasses","7":"product_cat-sunglasses","8":"product_tag-acetate-sunglasses","9":"product_tag-sunglasses","11":"first","12":"instock","13":"shipping-taxable","14":"product-type-simple"},"_links":{"self":[{"href":"https:\/\/www.joysee-optical.com\/fr\/wp-json\/wp\/v2\/product\/1895","targetHints":{"allow":["GET"]}}],"collection":[{"href":"https:\/\/www.joysee-optical.com\/fr\/wp-json\/wp\/v2\/product"}],"about":[{"href":"https:\/\/www.joysee-optical.com\/fr\/wp-json\/wp\/v2\/types\/product"}],"replies":[{"embeddable":true,"href":"https:\/\/www.joysee-optical.com\/fr\/wp-json\/wp\/v2\/comments?post=1895"}],"wp:featuredmedia":[{"embeddable":true,"href":"https:\/\/www.joysee-optical.com\/fr\/wp-json\/wp\/v2\/media\/1896"}],"wp:attachment":[{"href":"https:\/\/www.joysee-optical.com\/fr\/wp-json\/wp\/v2\/media?parent=1895"}],"wp:term":[{"taxonomy":"product_cat","embeddable":true,"href":"https:\/\/www.joysee-optical.com\/fr\/wp-json\/wp\/v2\/product_cat?post=1895"},{"taxonomy":"product_tag","embeddable":true,"href":"https:\/\/www.joysee-optical.com\/fr\/wp-json\/wp\/v2\/product_tag?post=1895"}],"curies":[{"name":"wp","href":"https:\/\/api.w.org\/{rel}","templated":true}]}}