{"id":1918,"date":"2024-01-04T10:54:19","date_gmt":"2024-01-04T02:54:19","guid":{"rendered":"https:\/\/www.joysee-optical.com\/?post_type=product&#038;p=1918"},"modified":"2024-01-04T19:37:43","modified_gmt":"2024-01-04T11:37:43","slug":"lt4003s-source-unisex-polarized-sunglasses-here-china-sunglasses-manufacturer","status":"publish","type":"product","link":"https:\/\/www.joysee-optical.com\/fr\/produit\/lt4003s-source-unisex-polarized-sunglasses-here-china-sunglasses-manufacturer\/","title":{"rendered":"LT4003S- Supplier Unisex Polarized Sunglasses Here China Sunglasses Manufacturer"},"content":{"rendered":"<p>Bienvenue dans notre entreprise, un important fabricant chinois de lunettes de soleil, sp\u00e9cialis\u00e9 dans les lunettes de soleil personnalis\u00e9es de haute qualit\u00e9. Nous sommes fiers de produire des lunettes de soleil classiques et unisexes, fabriqu\u00e9es \u00e0 partir d'ac\u00e9tate de premi\u00e8re qualit\u00e9, une caract\u00e9ristique qui nous distingue des autres fabricants de lunettes de soleil.<\/p>\n<h2>D\u00e9couvrez notre gamme de lunettes de soleil classiques<\/h2>\n<p>Nos lunettes de soleil pr\u00e9sentent des designs intemporels et unisexes qui plaisent \u00e0 un large public. En tant que fabricant de lunettes de soleil et grossiste en lunettes r\u00e9put\u00e9, nous veillons \u00e0 ce que nos produits refl\u00e8tent un style et une sophistication durables.<\/p>\n<h3>D\u00e9taillage exceptionnel<\/h3>\n<p>Les lunettes de soleil que nous produisons sont dot\u00e9es de charni\u00e8res internes flexibles, offrant une durabilit\u00e9 sup\u00e9rieure. Nos mod\u00e8les int\u00e8grent \u00e9galement des verres polaris\u00e9s, qui offrent une protection maximale contre les rayons UV nocifs.<\/p>\n<h2>Vos fabricants de lunettes de soleil personnalis\u00e9es<\/h2>\n<p>En plus d'\u00eatre un fabricant de lunettes de soleil de confiance, nous r\u00e9pondons \u00e9galement aux demandes personnalis\u00e9es. Que vous soyez un vendeur de lunettes de soleil ou un fabricant de lunettes cherchant \u00e0 \u00e9largir sa gamme de produits, nous sommes l\u00e0 pour vous aider. Notre \u00e9quipe d'artisans qualifi\u00e9s travaillera en \u00e9troite collaboration avec vous pour donner vie \u00e0 votre vision.<\/p>\n<h3>Commande de lunettes de soleil en vrac<\/h3>\n<p>Nous proposons \u00e9galement de nombreuses options de lunettes de soleil en vrac, ce qui fait de nous le fournisseur de lunettes de soleil pour enfants en vrac et de lunettes de soleil en gros par excellence.<\/p>\n<h2>Fabricant chinois de lunettes de soleil : Mat\u00e9riaux en ac\u00e9tate<\/h2>\n<p>Nous utilisons de l'ac\u00e9tate, un mat\u00e9riau haut de gamme tr\u00e8s pris\u00e9 par les 10 plus grands fabricants de lunettes de soleil. Il offre une durabilit\u00e9 in\u00e9gal\u00e9e, ce qui fait de nos lunettes de soleil des lunettes de lecture incassables. De plus, l'ac\u00e9tate permet d'obtenir des couleurs vives, parfaites pour ceux qui recherchent des lunettes de soleil amusantes.<\/p>\n<h3>Lunettes de soleil en gros : La qualit\u00e9 \u00e0 un prix abordable<\/h3>\n<p>En tant que fabricant de lunettes en gros, nous garantissons la qualit\u00e9 de nos lunettes sans faire de compromis sur le prix. Nous sommes un grossiste en lunettes de soleil qui croit en la valeur ajout\u00e9e pour nos clients, qu'ils soient \u00e0 la recherche de lunettes de soleil de mode en gros ou de produits d'usine de lunettes de soleil.<\/p>","protected":false},"excerpt":{"rendered":"<p>En tant que premier fabricant chinois de lunettes de soleil, nous proposons des lunettes de soleil classiques, unisexes et personnalis\u00e9es. Fabriqu\u00e9s en ac\u00e9tate de premi\u00e8re qualit\u00e9, nos produits sont dot\u00e9s de charni\u00e8res internes flexibles et de verres polarisants. Nos fabricants de lunettes de soleil personnalis\u00e9es r\u00e9pondent \u00e9galement aux commandes en gros. Choisissez-nous pour des lunettes de soleil durables, \u00e9l\u00e9gantes et abordables.<\/p>","protected":false},"featured_media":1919,"comment_status":"closed","ping_status":"closed","template":"","meta":[],"product_cat":[51,41],"product_tag":[66,67],"class_list":{"0":"post-1918","1":"product","2":"type-product","3":"status-publish","4":"has-post-thumbnail","6":"product_cat-acetate-sunglasses","7":"product_cat-sunglasses","8":"product_tag-acetate-sunglasses","9":"product_tag-sunglasses","11":"first","12":"instock","13":"shipping-taxable","14":"product-type-simple"},"_links":{"self":[{"href":"https:\/\/www.joysee-optical.com\/fr\/wp-json\/wp\/v2\/product\/1918","targetHints":{"allow":["GET"]}}],"collection":[{"href":"https:\/\/www.joysee-optical.com\/fr\/wp-json\/wp\/v2\/product"}],"about":[{"href":"https:\/\/www.joysee-optical.com\/fr\/wp-json\/wp\/v2\/types\/product"}],"replies":[{"embeddable":true,"href":"https:\/\/www.joysee-optical.com\/fr\/wp-json\/wp\/v2\/comments?post=1918"}],"wp:featuredmedia":[{"embeddable":true,"href":"https:\/\/www.joysee-optical.com\/fr\/wp-json\/wp\/v2\/media\/1919"}],"wp:attachment":[{"href":"https:\/\/www.joysee-optical.com\/fr\/wp-json\/wp\/v2\/media?parent=1918"}],"wp:term":[{"taxonomy":"product_cat","embeddable":true,"href":"https:\/\/www.joysee-optical.com\/fr\/wp-json\/wp\/v2\/product_cat?post=1918"},{"taxonomy":"product_tag","embeddable":true,"href":"https:\/\/www.joysee-optical.com\/fr\/wp-json\/wp\/v2\/product_tag?post=1918"}],"curies":[{"name":"wp","href":"https:\/\/api.w.org\/{rel}","templated":true}]}}