{"id":1961,"date":"2024-01-04T11:57:42","date_gmt":"2024-01-04T03:57:42","guid":{"rendered":"https:\/\/www.joysee-optical.com\/?post_type=product&#038;p=1961"},"modified":"2024-01-04T19:40:21","modified_gmt":"2024-01-04T11:40:21","slug":"lt4005s-classic-unisex-polarized-lenses-china-custom-premier-sunglasses-factory","status":"publish","type":"product","link":"https:\/\/www.joysee-optical.com\/fr\/produit\/lt4005s-classic-unisex-polarized-lenses-china-custom-premier-sunglasses-factory\/","title":{"rendered":"LT4005S- Classic Unisex Polarized Lenses China Custom Premier Sunglasses Factory"},"content":{"rendered":"<h2>Lunettes de soleil classiques unisexes : Un produit de Premier Sunglasses Factory<\/h2>\n<p>D\u00e9couvrez la qualit\u00e9 sup\u00e9rieure et le design \u00e9poustouflant de nos lunettes de soleil classiques unisexes. Ce produit n'est pas seulement un produit de mode, mais aussi une protection oculaire fiable. Fabriqu\u00e9es par des artisans experts dans notre usine de lunettes de soleil de premier plan, nous nous assurons que chaque paire ajoute de la sophistication \u00e0 votre style.<\/p>\n<h3>Fabricant chinois de lunettes de soleil : L'excellence dans chaque pi\u00e8ce<\/h3>\n<p>En tant que fabricant chinois de lunettes de soleil de premier plan, nous sommes fiers de cr\u00e9er des lunettes qui allient fonctionnalit\u00e9, durabilit\u00e9 et mode. Nos lunettes de soleil sont fabriqu\u00e9es en ac\u00e9tate de haute qualit\u00e9, ce qui garantit un ajustement confortable et une utilisation durable.<\/p>\n<h2>Des caract\u00e9ristiques qui sortent de l'ordinaire<\/h2>\n<p>Nos lunettes de soleil sont dot\u00e9es d'une charni\u00e8re interne flexible et de verres polarisants. La charni\u00e8re flexible assure un ajustement parfait, tandis que les verres polarisants prot\u00e8gent vos yeux des rayons UV nocifs. Que vous conduisiez, que vous fassiez de la randonn\u00e9e ou que vous profitiez simplement d'une journ\u00e9e ensoleill\u00e9e, ces lunettes de soleil sont votre compagnon id\u00e9al.<\/p>\n<h3>Lunettes de soleil en gros : La qualit\u00e9 \u00e0 un prix imbattable<\/h3>\n<p>Pour ceux qui souhaitent acheter en gros, nos lunettes de soleil sont \u00e9galement disponibles en gros. Nous sommes un vendeur de lunettes de soleil reconnu, fournissant des lunettes de soleil de qualit\u00e9 sup\u00e9rieure \u00e0 des prix imbattables. Lorsqu'il s'agit de lunettes en gros, nous sommes le nom de confiance.<\/p>\n<h2>Lunettes de soleil personnalis\u00e9es : Votre design, notre savoir-faire<\/h2>\n<p>Nous offrons des services de lunettes de soleil sur mesure, adapt\u00e9s \u00e0 vos sp\u00e9cifications. En tant qu'entreprise de lunettes de confiance, nous transformons votre vision en r\u00e9alit\u00e9.<\/p>\n<h3>Monture optique : Con\u00e7ue pour le confort<\/h3>\n<p>Nos lunettes de soleil sont dot\u00e9es d'une monture optique. Cette conception garantit un ajustement confortable et rehausse l'aspect g\u00e9n\u00e9ral des lunettes de soleil.<\/p>\n<h2>Sunglasses Factory Outlet : La confiance dans chaque achat<\/h2>\n<p>Achetez chez nous et profitez des avantages d'un achat direct aupr\u00e8s d'un magasin d'usine. Nous garantissons la qualit\u00e9 de nos produits et offrons un service client\u00e8le de qualit\u00e9 sup\u00e9rieure.<\/p>\n<h3>The Sunglass Company : Votre grossiste en lunettes de confiance<\/h3>\n<p>En tant que grossiste en lunettes de confiance, nous nous engageons \u00e0 fournir des produits de qualit\u00e9 sup\u00e9rieure \u00e0 des prix de gros. Nous sommes reconnus comme l'une des 10 meilleures entreprises de lunettes de soleil au monde.<\/p>","protected":false},"excerpt":{"rendered":"<p>D\u00e9couvrez les lunettes de soleil unisexes de qualit\u00e9 sup\u00e9rieure d'un fabricant de lunettes de soleil de premier plan. En tant que fabricant leader de lunettes de soleil en Chine, nous fabriquons des lunettes de soleil avec des verres polaris\u00e9s, des charni\u00e8res internes flexibles et des montures en ac\u00e9tate confortables et durables. Parfaites pour toutes les occasions. Disponible pour l'achat en gros<\/p>","protected":false},"featured_media":1962,"comment_status":"closed","ping_status":"closed","template":"","meta":[],"product_cat":[51,41],"product_tag":[66,67],"class_list":{"0":"post-1961","1":"product","2":"type-product","3":"status-publish","4":"has-post-thumbnail","6":"product_cat-acetate-sunglasses","7":"product_cat-sunglasses","8":"product_tag-acetate-sunglasses","9":"product_tag-sunglasses","11":"first","12":"instock","13":"shipping-taxable","14":"product-type-simple"},"_links":{"self":[{"href":"https:\/\/www.joysee-optical.com\/fr\/wp-json\/wp\/v2\/product\/1961","targetHints":{"allow":["GET"]}}],"collection":[{"href":"https:\/\/www.joysee-optical.com\/fr\/wp-json\/wp\/v2\/product"}],"about":[{"href":"https:\/\/www.joysee-optical.com\/fr\/wp-json\/wp\/v2\/types\/product"}],"replies":[{"embeddable":true,"href":"https:\/\/www.joysee-optical.com\/fr\/wp-json\/wp\/v2\/comments?post=1961"}],"wp:featuredmedia":[{"embeddable":true,"href":"https:\/\/www.joysee-optical.com\/fr\/wp-json\/wp\/v2\/media\/1962"}],"wp:attachment":[{"href":"https:\/\/www.joysee-optical.com\/fr\/wp-json\/wp\/v2\/media?parent=1961"}],"wp:term":[{"taxonomy":"product_cat","embeddable":true,"href":"https:\/\/www.joysee-optical.com\/fr\/wp-json\/wp\/v2\/product_cat?post=1961"},{"taxonomy":"product_tag","embeddable":true,"href":"https:\/\/www.joysee-optical.com\/fr\/wp-json\/wp\/v2\/product_tag?post=1961"}],"curies":[{"name":"wp","href":"https:\/\/api.w.org\/{rel}","templated":true}]}}