{"id":1973,"date":"2024-01-04T14:13:18","date_gmt":"2024-01-04T06:13:18","guid":{"rendered":"https:\/\/www.joysee-optical.com\/?post_type=product&#038;p=1973"},"modified":"2024-01-04T19:40:40","modified_gmt":"2024-01-04T11:40:40","slug":"lt4006-whoesale-high-quality-classic-unisex-acetate-frames-glasses-vendor-factory","status":"publish","type":"product","link":"https:\/\/www.joysee-optical.com\/fr\/produit\/lt4006-whoesale-high-quality-classic-unisex-acetate-frames-glasses-vendor-factory\/","title":{"rendered":"LT4006- Whoesale Lunettes unisexes classiques \u00e0 monture en ac\u00e9tate de haute qualit\u00e9 Vendor Factory"},"content":{"rendered":"<h2>Introduction \u00e0 nos lunettes classiques unisexes en ac\u00e9tate<\/h2>\n<p>En tant que vendeur de lunettes de premier plan, nous sommes fiers d'offrir des lunettes de qualit\u00e9 sup\u00e9rieure, \u00e9l\u00e9gantes et adapt\u00e9es aux besoins de chacun. Nos lunettes classiques unisexes en ac\u00e9tate sont fabriqu\u00e9es \u00e0 partir des meilleurs mat\u00e9riaux et con\u00e7ues avec une charni\u00e8re interne flexible, ce qui en fait un choix populaire parmi les fabricants de lunettes.<\/p>\n<h3>Caract\u00e9ristiques de nos lunettes<\/h3>\n<p>Nos lunettes unisexes sont un m\u00e9lange parfait de style et de confort. Elles sont fabriqu\u00e9es en ac\u00e9tate durable, ce qui leur permet de durer plus longtemps et de r\u00e9sister \u00e0 la casse. De plus, la charni\u00e8re interne flexible offre une grande polyvalence et permet d'ajuster facilement la monture pour un ajustement parfait.<\/p>\n<h3>Pourquoi nous choisir comme fournisseur de lunettes ?<\/h3>\n<p>Notre r\u00e9putation de vendeur de lunettes fiable s'est construite sur notre engagement en faveur de la qualit\u00e9 et de la satisfaction de nos clients. Nous travaillons en \u00e9troite collaboration avec les usines de fabrication de lunettes et les fabricants de lunettes pour nous assurer que nous ne livrons que les meilleurs produits \u00e0 nos clients.<\/p>\n<h3>Notre engagement en faveur de la qualit\u00e9<\/h3>\n<p>Nous comprenons l'importance des lunettes de premi\u00e8re qualit\u00e9. C'est pourquoi, en tant que fabricant de lunettes de confiance, nous veillons \u00e0 ce que nos lunettes subissent des contr\u00f4les de qualit\u00e9 rigoureux avant d'\u00eatre pr\u00eates \u00e0 la vente.<\/p>\n<h2>Excellentes possibilit\u00e9s de vente en gros<\/h2>\n<p>En tant que vendeur de lunettes r\u00e9put\u00e9, nous offrons d'excellentes opportunit\u00e9s de vente en gros aux d\u00e9taillants. Nos lunettes en ac\u00e9tate sont disponibles en vrac \u00e0 des prix comp\u00e9titifs. Nous ne sommes pas seulement un fournisseur, mais un partenaire qui s'engage \u00e0 d\u00e9velopper votre activit\u00e9.<\/p>\n<h3>Service de lunettes sur mesure<\/h3>\n<p>En plus de nos lunettes de pr\u00eat-\u00e0-porter, nous proposons un service de lunettes sur mesure. Les clients peuvent personnaliser leurs montures, ce qui leur garantit un produit vraiment unique.<\/p>","protected":false},"excerpt":{"rendered":"<p>D\u00e9couvrez nos lunettes classiques unisexes en ac\u00e9tate de haute qualit\u00e9, propos\u00e9es par l'un des principaux fournisseurs de lunettes. Fabriqu\u00e9es \u00e0 partir de mat\u00e9riaux durables, ces montures sont un m\u00e9lange parfait de style et de confort. Faites \u00e9quipe avec nous pour d'excellentes opportunit\u00e9s de vente en gros et d\u00e9veloppez votre activit\u00e9 gr\u00e2ce \u00e0 notre gamme de lunettes.<\/p>","protected":false},"featured_media":1982,"comment_status":"closed","ping_status":"closed","template":"","meta":[],"product_cat":[47,40],"product_tag":[46,65],"class_list":{"0":"post-1973","1":"product","2":"type-product","3":"status-publish","4":"has-post-thumbnail","6":"product_cat-acetate-eyeglasses","7":"product_cat-optical-frames","8":"product_tag-acetate","9":"product_tag-optical-frames","11":"first","12":"instock","13":"shipping-taxable","14":"product-type-simple"},"_links":{"self":[{"href":"https:\/\/www.joysee-optical.com\/fr\/wp-json\/wp\/v2\/product\/1973","targetHints":{"allow":["GET"]}}],"collection":[{"href":"https:\/\/www.joysee-optical.com\/fr\/wp-json\/wp\/v2\/product"}],"about":[{"href":"https:\/\/www.joysee-optical.com\/fr\/wp-json\/wp\/v2\/types\/product"}],"replies":[{"embeddable":true,"href":"https:\/\/www.joysee-optical.com\/fr\/wp-json\/wp\/v2\/comments?post=1973"}],"wp:featuredmedia":[{"embeddable":true,"href":"https:\/\/www.joysee-optical.com\/fr\/wp-json\/wp\/v2\/media\/1982"}],"wp:attachment":[{"href":"https:\/\/www.joysee-optical.com\/fr\/wp-json\/wp\/v2\/media?parent=1973"}],"wp:term":[{"taxonomy":"product_cat","embeddable":true,"href":"https:\/\/www.joysee-optical.com\/fr\/wp-json\/wp\/v2\/product_cat?post=1973"},{"taxonomy":"product_tag","embeddable":true,"href":"https:\/\/www.joysee-optical.com\/fr\/wp-json\/wp\/v2\/product_tag?post=1973"}],"curies":[{"name":"wp","href":"https:\/\/api.w.org\/{rel}","templated":true}]}}