{"id":1984,"date":"2024-01-04T14:16:15","date_gmt":"2024-01-04T06:16:15","guid":{"rendered":"https:\/\/www.joysee-optical.com\/?post_type=product&#038;p=1984"},"modified":"2024-01-04T19:40:01","modified_gmt":"2024-01-04T11:40:01","slug":"lt4006s-polarized-lenses-classic-acetate-unisex-china-sunglasses-manufacturer-factory-price","status":"publish","type":"product","link":"https:\/\/www.joysee-optical.com\/fr\/produit\/lt4006s-polarized-lenses-classic-acetate-unisex-china-sunglasses-manufacturer-factory-price\/","title":{"rendered":"LT4006S - Lentilles Polaris\u00e9es Ac\u00e9tate Classique Lunettes de Soleil Unisex China Sunglasses Manufacturer Factory Price"},"content":{"rendered":"<h2>Lunettes de soleil de qualit\u00e9 sup\u00e9rieure provenant de fabricants de lunettes de soleil de confiance<\/h2>\n<h3>Le design classique unisexe rencontre la fonctionnalit\u00e9 moderne<\/h3>\n<p>En mati\u00e8re de lunettes, peu de produits peuvent rivaliser avec le style et la praticit\u00e9 de nos lunettes de soleil classiques unisexes en ac\u00e9tate. Dot\u00e9es d'un design intemporel, ces lunettes de soleil conviennent aussi bien aux hommes qu'aux femmes, ce qui en fait l'accessoire de mode par excellence.<\/p>\n<h3>Mat\u00e9riaux de qualit\u00e9 sup\u00e9rieure pour un confort et une durabilit\u00e9 in\u00e9gal\u00e9s<\/h3>\n<p>En tant que leader dans la vente de lunettes de soleil, nous sommes fiers de n'utiliser que des mat\u00e9riaux de la plus haute qualit\u00e9 pour nos produits. Ces lunettes de soleil sont dot\u00e9es de montures en ac\u00e9tate de premi\u00e8re qualit\u00e9, connu pour sa durabilit\u00e9, sa l\u00e9g\u00e8ret\u00e9 et ses propri\u00e9t\u00e9s hypoallerg\u00e9niques.<\/p>\n<h2>Lentilles polaris\u00e9es pour une protection optimale de la vision<\/h2>\n<h3>Bloquer les rayons UV nocifs<\/h3>\n<p>Nos lunettes de soleil ne se contentent pas de vous donner bonne mine, elles prot\u00e8gent \u00e9galement vos yeux. Equip\u00e9es de verres polaris\u00e9s, nos lunettes de soleil bloquent les rayons UV nocifs, r\u00e9duisent l'\u00e9blouissement et pr\u00e9viennent la fatigue oculaire.<\/p>\n<h2>Lunettes de soleil en gros \u00e0 des prix directs d'usine<\/h2>\n<h3>Une valeur exceptionnelle pour les acheteurs en gros et les d\u00e9taillants<\/h3>\n<p>Vous \u00eates un d\u00e9taillant \u00e0 la recherche d'un grossiste en lunettes de soleil fiable ou un acheteur en gros \u00e0 la recherche de bonnes affaires ? En tant que fabricant chinois de lunettes de soleil de confiance, nous proposons des prix directs d'usine, offrant une valeur exceptionnelle \u00e0 nos clients.<\/p>\n<h2>Options personnalisables pour des lunettes de soleil uniques<\/h2>\n<h3>Faites ressortir vos lunettes de soleil<\/h3>\n<p>Dans notre magasin d'usine de lunettes de soleil, nous comprenons que chacun a des pr\u00e9f\u00e9rences de style uniques. C'est pourquoi nous proposons des options personnalisables, vous permettant de cr\u00e9er des lunettes qui refl\u00e8tent vraiment votre style personnel.<\/p>\n<h2>La soci\u00e9t\u00e9 de lunettes de soleil en qui vous pouvez avoir confiance<\/h2>\n<h3>Un vendeur de lunettes de soleil avec des ann\u00e9es d'exp\u00e9rience<\/h3>\n<p>Forts de nos ann\u00e9es d'exp\u00e9rience dans la fabrication de lunettes de soleil, nous nous sommes impos\u00e9s comme l'une des 10 premi\u00e8res entreprises de lunettes de soleil au monde. Nous ne sommes pas seulement un grossiste en lunettes de soleil - nous sommes une entreprise qui s'engage \u00e0 offrir la qualit\u00e9, le style et la valeur.<\/p>","protected":false},"excerpt":{"rendered":"<p>D\u00e9couvrez le summum du style et de la protection oculaire avec nos lunettes de soleil classiques unisexes. En tant que fabricant de lunettes de soleil de premier plan, nous proposons des montures en ac\u00e9tate de haute qualit\u00e9 et des verres polaris\u00e9s, garantissant durabilit\u00e9 et confort. Que vous soyez un d\u00e9taillant \u00e0 la recherche de lunettes de soleil en gros ou un particulier \u00e0 l'aff\u00fbt de la mode, nos prix d'usine ne manqueront pas de vous impressionner.<\/p>","protected":false},"featured_media":1987,"comment_status":"closed","ping_status":"closed","template":"","meta":[],"product_cat":[51,41],"product_tag":[66,67],"class_list":{"0":"post-1984","1":"product","2":"type-product","3":"status-publish","4":"has-post-thumbnail","6":"product_cat-acetate-sunglasses","7":"product_cat-sunglasses","8":"product_tag-acetate-sunglasses","9":"product_tag-sunglasses","11":"first","12":"instock","13":"shipping-taxable","14":"product-type-simple"},"_links":{"self":[{"href":"https:\/\/www.joysee-optical.com\/fr\/wp-json\/wp\/v2\/product\/1984","targetHints":{"allow":["GET"]}}],"collection":[{"href":"https:\/\/www.joysee-optical.com\/fr\/wp-json\/wp\/v2\/product"}],"about":[{"href":"https:\/\/www.joysee-optical.com\/fr\/wp-json\/wp\/v2\/types\/product"}],"replies":[{"embeddable":true,"href":"https:\/\/www.joysee-optical.com\/fr\/wp-json\/wp\/v2\/comments?post=1984"}],"wp:featuredmedia":[{"embeddable":true,"href":"https:\/\/www.joysee-optical.com\/fr\/wp-json\/wp\/v2\/media\/1987"}],"wp:attachment":[{"href":"https:\/\/www.joysee-optical.com\/fr\/wp-json\/wp\/v2\/media?parent=1984"}],"wp:term":[{"taxonomy":"product_cat","embeddable":true,"href":"https:\/\/www.joysee-optical.com\/fr\/wp-json\/wp\/v2\/product_cat?post=1984"},{"taxonomy":"product_tag","embeddable":true,"href":"https:\/\/www.joysee-optical.com\/fr\/wp-json\/wp\/v2\/product_tag?post=1984"}],"curies":[{"name":"wp","href":"https:\/\/api.w.org\/{rel}","templated":true}]}}