{"id":1995,"date":"2024-01-04T14:36:47","date_gmt":"2024-01-04T06:36:47","guid":{"rendered":"https:\/\/www.joysee-optical.com\/?post_type=product&#038;p=1995"},"modified":"2024-01-04T19:41:08","modified_gmt":"2024-01-04T11:41:08","slug":"lt4007-wholesale-high-quality-eyewear-frames-expert-glasses-frame-manufacturers-factory-price","status":"publish","type":"product","link":"https:\/\/www.joysee-optical.com\/fr\/produit\/lt4007-wholesale-high-quality-eyewear-frames-expert-glasses-frame-manufacturers-factory-price\/","title":{"rendered":"LT4007 - Montures de lunettes en gros de haute qualit\u00e9 Montures de lunettes d'expert Fabricants de prix d'usine"},"content":{"rendered":"<h2>Des montures de lunettes exceptionnelles provenant de fabricants de montures de lunettes r\u00e9put\u00e9s<\/h2>\n<p>Dans le monde des solutions optiques, nous, fabricants renomm\u00e9s de montures de lunettes, sommes \u00e0 l'avant-garde. Nos lunettes classiques et unisexes en ac\u00e9tate sont l'incarnation du style et du confort.<\/p>\n<h3>Mat\u00e9riaux et conception de haute qualit\u00e9<\/h3>\n<p>Nos lunettes sont fabriqu\u00e9es en ac\u00e9tate de premi\u00e8re qualit\u00e9, un mat\u00e9riau connu pour sa durabilit\u00e9 et sa l\u00e9g\u00e8ret\u00e9. Elles sont donc confortables pour un port prolong\u00e9, que vous les utilisiez pour lire ou pour vous coiffer.<\/p>\n<h3>Caract\u00e9ristiques de nos montures de lunettes<\/h3>\n<p>En tant que leader dans la fabrication de montures de lunettes, nous concevons nos lunettes en pensant \u00e0 l'utilisateur. Nos montures sont non seulement classiques et unisexes, mais elles sont \u00e9galement dot\u00e9es d'une charni\u00e8re interne flexible, ce qui les rend faciles \u00e0 porter et \u00e0 retirer.<\/p>\n<h3>\u00a0Montures optiques polyvalentes<\/h3>\n<p>Que vous soyez un grossiste en lunettes \u00e0 la recherche de lunettes de soleil en vrac ou un fabricant de lunettes de soleil \u00e0 la recherche de montures de haute qualit\u00e9, nos lunettes sont con\u00e7ues pour r\u00e9pondre \u00e0 des besoins vari\u00e9s.<\/p>\n<h3>\u00a0La fabrique de lunettes en laquelle vous pouvez avoir confiance<\/h3>\n<p>Nous sommes plus que de simples fabricants de montures de lunettes ; nous sommes une usine de lunettes de confiance qui propose une vari\u00e9t\u00e9 de solutions de lunettes, des lunettes de soleil en gros aux lunettes personnalis\u00e9es.<\/p>\n<h3>Solutions de lunettes en gros<\/h3>\n<p>Nous comprenons le besoin de lunettes abordables mais de haute qualit\u00e9, c'est pourquoi nous offrons des lunettes de soleil en vrac et des montures de lunettes en gros. En tant que grossiste en lunettes de confiance, nous promettons une excellente qualit\u00e9 \u00e0 des prix comp\u00e9titifs.<\/p>\n<h3>Fabricant de lunettes fiable<\/h3>\n<p>Notre r\u00e9putation de fabricant de lunettes fiable est le fruit de notre engagement en faveur de la qualit\u00e9 et de la satisfaction de nos clients. Nous fabriquons chaque paire de nos montures en ac\u00e9tate avec pr\u00e9cision et soin, en veillant \u00e0 ce qu'elles r\u00e9pondent \u00e0 nos normes \u00e9lev\u00e9es.<\/p>\n<h3>\u00a0Des lunettes sur mesure pour des personnalit\u00e9s uniques<\/h3>\n<p>Pour ceux qui recherchent quelque chose d'unique, nous proposons des lunettes de soleil personnalis\u00e9es. Contactez-nous pour discuter de vos besoins sp\u00e9cifiques et obtenir des lunettes sur mesure qui refl\u00e8tent vraiment votre style.<\/p>","protected":false},"excerpt":{"rendered":"<p>D\u00e9couvrez les montures de lunettes de haute qualit\u00e9 des meilleurs fabricants de montures de lunettes. Nos montures classiques unisexes en ac\u00e9tate sont dot\u00e9es d'une charni\u00e8re interne flexible pour plus de confort. Que vous ayez besoin de lunettes de soleil en gros ou de lunettes personnalis\u00e9es, nous sommes le grossiste en lunettes et le fabricant de lunettes de confiance sur lequel vous pouvez compter.<\/p>","protected":false},"featured_media":2000,"comment_status":"closed","ping_status":"closed","template":"","meta":[],"product_cat":[47,40],"product_tag":[46,65],"class_list":{"0":"post-1995","1":"product","2":"type-product","3":"status-publish","4":"has-post-thumbnail","6":"product_cat-acetate-eyeglasses","7":"product_cat-optical-frames","8":"product_tag-acetate","9":"product_tag-optical-frames","11":"first","12":"instock","13":"shipping-taxable","14":"product-type-simple"},"_links":{"self":[{"href":"https:\/\/www.joysee-optical.com\/fr\/wp-json\/wp\/v2\/product\/1995","targetHints":{"allow":["GET"]}}],"collection":[{"href":"https:\/\/www.joysee-optical.com\/fr\/wp-json\/wp\/v2\/product"}],"about":[{"href":"https:\/\/www.joysee-optical.com\/fr\/wp-json\/wp\/v2\/types\/product"}],"replies":[{"embeddable":true,"href":"https:\/\/www.joysee-optical.com\/fr\/wp-json\/wp\/v2\/comments?post=1995"}],"wp:featuredmedia":[{"embeddable":true,"href":"https:\/\/www.joysee-optical.com\/fr\/wp-json\/wp\/v2\/media\/2000"}],"wp:attachment":[{"href":"https:\/\/www.joysee-optical.com\/fr\/wp-json\/wp\/v2\/media?parent=1995"}],"wp:term":[{"taxonomy":"product_cat","embeddable":true,"href":"https:\/\/www.joysee-optical.com\/fr\/wp-json\/wp\/v2\/product_cat?post=1995"},{"taxonomy":"product_tag","embeddable":true,"href":"https:\/\/www.joysee-optical.com\/fr\/wp-json\/wp\/v2\/product_tag?post=1995"}],"curies":[{"name":"wp","href":"https:\/\/api.w.org\/{rel}","templated":true}]}}