{"id":2038,"date":"2024-01-04T15:35:57","date_gmt":"2024-01-04T07:35:57","guid":{"rendered":"https:\/\/www.joysee-optical.com\/?post_type=product&#038;p=2038"},"modified":"2024-01-04T19:42:49","modified_gmt":"2024-01-04T11:42:49","slug":"lt4009-wholesale-classic-unisex-designs-optical-frames-by-custom-eyewear-manufacturers","status":"publish","type":"product","link":"https:\/\/www.joysee-optical.com\/fr\/produit\/lt4009-wholesale-classic-unisex-designs-optical-frames-by-custom-eyewear-manufacturers\/","title":{"rendered":"LT4009 - Grossiste Montures Optiques Classiques et Unisexes des Fabricants de Lunettes sur Mesure"},"content":{"rendered":"<h2>\u00a0Fabricants de lunettes sur mesure - Lunettes unisexes en ac\u00e9tate<\/h2>\n<h2>Lunettes unisexes en ac\u00e9tate des fabricants de lunettes sur mesure<\/h2>\n<p>Bienvenue dans notre collection de lunettes en ac\u00e9tate unisexes de haute qualit\u00e9, fabriqu\u00e9es par des fabricants de lunettes sur mesure dignes de confiance. Nos mod\u00e8les classiques et intemporels ne sont pas seulement une affirmation de la mode, mais aussi un t\u00e9moignage de notre d\u00e9vouement \u00e0 la qualit\u00e9. En tant que grossiste en lunettes de premier plan, nous nous assurons que nos lunettes personnalis\u00e9es sont con\u00e7ues pour durer et pour convenir \u00e0 tous les styles.<\/p>\n<h3>Mat\u00e9riaux et conception de haute qualit\u00e9<\/h3>\n<p>Fabriqu\u00e9es \u00e0 partir de l'ac\u00e9tate le plus fin, ces lunettes sont dot\u00e9es d'une charni\u00e8re interne flexible qui les rend \u00e0 la fois robustes et confortables \u00e0 porter. Faisant partie de notre gamme de montures optiques, ces lunettes peuvent \u00eatre \u00e9quip\u00e9es de verres correcteurs, offrant ainsi style et praticit\u00e9 \u00e0 parts \u00e9gales.<\/p>\n<h3>Grossiste en lunettes de soleil et autres produits d'un grossiste en lunettes de premier plan<\/h3>\n<p>Nous sommes non seulement des fabricants de lunettes sur mesure, mais aussi un grossiste en lunettes offrant une large gamme de produits, notamment des lunettes de soleil en gros, des lunettes optiques et des lunettes de soleil pour enfants en vrac. Nous sommes votre interlocuteur unique pour tous vos besoins en mati\u00e8re de lunettes.<\/p>\n<h2>Des lunettes personnalis\u00e9es polyvalentes et \u00e9l\u00e9gantes<\/h2>\n<p>Ces lunettes classiques unisexes en ac\u00e9tate ne servent pas uniquement \u00e0 corriger la vue ; elles peuvent \u00e9galement faire partie int\u00e9grante de votre tenue vestimentaire. Nous comprenons que les lunettes ne sont pas seulement fonctionnelles, mais aussi une d\u00e9claration de style, et c'est pourquoi nous proposons des lunettes personnalis\u00e9es adapt\u00e9es aux go\u00fbts de chacun.<\/p>\n<h2>Votre fabricant et grossiste de lunettes de confiance<\/h2>\n<p>En tant que fabricant et grossiste de lunettes r\u00e9put\u00e9, nous nous engageons \u00e0 fournir des produits de premi\u00e8re qualit\u00e9 \u00e0 des prix comp\u00e9titifs. Que vous ayez besoin de lunettes de soleil en vrac ou de lunettes personnalis\u00e9es, notre engagement envers la qualit\u00e9 reste in\u00e9branlable.<\/p>\n<h3>Pourquoi nous choisir comme fournisseur de lunettes<\/h3>\n<p>Notre vaste s\u00e9lection de lunettes, associ\u00e9e \u00e0 notre engagement en faveur de la qualit\u00e9 et de l'accessibilit\u00e9, fait de nous votre fournisseur id\u00e9al de lunettes. Nous nous effor\u00e7ons en permanence de d\u00e9passer les attentes de nos clients et de maintenir notre r\u00e9putation de grossiste et de fabricant de lunettes fiable.<\/p>","protected":false},"excerpt":{"rendered":"<p>D\u00e9couvrez nos lunettes unisexes en ac\u00e9tate de haute qualit\u00e9, fabriqu\u00e9es par des fabricants de lunettes de confiance. Offrant un design classique et une grande durabilit\u00e9 gr\u00e2ce \u00e0 une charni\u00e8re interne flexible, ces lunettes sont incontournables. En tant que grossiste en lunettes r\u00e9put\u00e9, nous fournissons \u00e9galement des lunettes de soleil en gros, des lunettes optiques et bien plus encore.<\/p>","protected":false},"featured_media":2041,"comment_status":"closed","ping_status":"closed","template":"","meta":[],"product_cat":[47,40],"product_tag":[46,65],"class_list":{"0":"post-2038","1":"product","2":"type-product","3":"status-publish","4":"has-post-thumbnail","6":"product_cat-acetate-eyeglasses","7":"product_cat-optical-frames","8":"product_tag-acetate","9":"product_tag-optical-frames","11":"first","12":"instock","13":"shipping-taxable","14":"product-type-simple"},"_links":{"self":[{"href":"https:\/\/www.joysee-optical.com\/fr\/wp-json\/wp\/v2\/product\/2038","targetHints":{"allow":["GET"]}}],"collection":[{"href":"https:\/\/www.joysee-optical.com\/fr\/wp-json\/wp\/v2\/product"}],"about":[{"href":"https:\/\/www.joysee-optical.com\/fr\/wp-json\/wp\/v2\/types\/product"}],"replies":[{"embeddable":true,"href":"https:\/\/www.joysee-optical.com\/fr\/wp-json\/wp\/v2\/comments?post=2038"}],"wp:featuredmedia":[{"embeddable":true,"href":"https:\/\/www.joysee-optical.com\/fr\/wp-json\/wp\/v2\/media\/2041"}],"wp:attachment":[{"href":"https:\/\/www.joysee-optical.com\/fr\/wp-json\/wp\/v2\/media?parent=2038"}],"wp:term":[{"taxonomy":"product_cat","embeddable":true,"href":"https:\/\/www.joysee-optical.com\/fr\/wp-json\/wp\/v2\/product_cat?post=2038"},{"taxonomy":"product_tag","embeddable":true,"href":"https:\/\/www.joysee-optical.com\/fr\/wp-json\/wp\/v2\/product_tag?post=2038"}],"curies":[{"name":"wp","href":"https:\/\/api.w.org\/{rel}","templated":true}]}}