{"id":2091,"date":"2024-01-04T16:29:02","date_gmt":"2024-01-04T08:29:02","guid":{"rendered":"https:\/\/www.joysee-optical.com\/?post_type=product&#038;p=2091"},"modified":"2024-01-04T19:43:36","modified_gmt":"2024-01-04T11:43:36","slug":"lt4011-top-quality-acetate-spectacle-glasses-wholesaler-and-custom-glasses-factory","status":"publish","type":"product","link":"https:\/\/www.joysee-optical.com\/fr\/produit\/lt4011-top-quality-acetate-spectacle-glasses-wholesaler-and-custom-glasses-factory\/","title":{"rendered":"LT4011 - Lunettes en ac\u00e9tate de qualit\u00e9 sup\u00e9rieure grossiste et fabricant de lunettes sur mesure"},"content":{"rendered":"<h2>Faites l'exp\u00e9rience de la qualit\u00e9 sup\u00e9rieure avec notre grossiste en lunettes<\/h2>\n<p>En tant que grossiste en lunettes de premier plan, nous nous engageons \u00e0 fournir des lunettes de qualit\u00e9 sup\u00e9rieure qui allient style, confort et durabilit\u00e9. Nos lunettes sont m\u00e9ticuleusement con\u00e7ues et fabriqu\u00e9es \u00e0 partir d'ac\u00e9tate de haute qualit\u00e9, ce qui leur permet de r\u00e9sister \u00e0 l'\u00e9preuve du temps.<\/p>\n<h3>Offres uniques de notre usine de lunettes fiable<\/h3>\n<p>Dans notre usine de fabrication de lunettes, nous ne nous contentons pas de fabriquer des lunettes, nous cr\u00e9ons une exp\u00e9rience visuelle unique pour nos clients. Nos lunettes sont dot\u00e9es de charni\u00e8res internes flexibles et sont con\u00e7ues pour \u00eatre unisexes et classiques. En tant que fabricant de lunettes sur mesure, nous vous permettons de personnaliser vos lunettes, afin qu'elles refl\u00e8tent vos go\u00fbts et votre style.<\/p>\n<h3>Pourquoi choisir nos lunettes de soleil en gros ?<\/h3>\n<p>Lorsqu'il s'agit de lunettes de soleil en vrac, peu de gens peuvent rivaliser avec notre qualit\u00e9 et nos prix. Nos lunettes de soleil ne sont pas seulement fonctionnelles, offrant une protection maximale contre les rayons UV nocifs, mais aussi \u00e9l\u00e9gantes, vous permettant d'affirmer votre style.<\/p>\n<h3>Des lunettes de qualit\u00e9 dans notre usine de fabrication de lunettes<\/h3>\n<p>Notre fabrique de lunettes est r\u00e9put\u00e9e pour ses lunettes de haute qualit\u00e9. Que vous recherchiez des lunettes de lecture r\u00e9glables, des lunettes de lecture incassables ou des lunettes \u00e0 verres bleus, nous avons ce qu'il vous faut. Faites-nous confiance pour \u00eatre votre grossiste en lunettes.<\/p>\n<h3>Des lunettes sur mesure pour un style personnalis\u00e9<\/h3>\n<p>Pourquoi se contenter de lunettes standard alors que vous pouvez avoir des lunettes personnalis\u00e9es, con\u00e7ues sp\u00e9cialement pour vous ? Nous vous permettons de personnaliser chaque aspect de vos lunettes, des montures aux verres, afin qu'elles correspondent \u00e0 votre style unique et \u00e0 votre confort.<\/p>","protected":false},"excerpt":{"rendered":"<p>En tant que premier grossiste en lunettes et fabricant de lunettes personnalis\u00e9es, nous proposons des lunettes en ac\u00e9tate classiques et unisexes de qualit\u00e9 sup\u00e9rieure. Nos lunettes sont dot\u00e9es de charni\u00e8res internes flexibles pour plus de confort et de durabilit\u00e9. Choisissez parmi notre large gamme de lunettes de soleil en gros ou personnalisez votre propre style dans notre usine de lunettes.<\/p>","protected":false},"featured_media":2096,"comment_status":"closed","ping_status":"closed","template":"","meta":[],"product_cat":[47,40],"product_tag":[46,65],"class_list":{"0":"post-2091","1":"product","2":"type-product","3":"status-publish","4":"has-post-thumbnail","6":"product_cat-acetate-eyeglasses","7":"product_cat-optical-frames","8":"product_tag-acetate","9":"product_tag-optical-frames","11":"first","12":"instock","13":"shipping-taxable","14":"product-type-simple"},"_links":{"self":[{"href":"https:\/\/www.joysee-optical.com\/fr\/wp-json\/wp\/v2\/product\/2091","targetHints":{"allow":["GET"]}}],"collection":[{"href":"https:\/\/www.joysee-optical.com\/fr\/wp-json\/wp\/v2\/product"}],"about":[{"href":"https:\/\/www.joysee-optical.com\/fr\/wp-json\/wp\/v2\/types\/product"}],"replies":[{"embeddable":true,"href":"https:\/\/www.joysee-optical.com\/fr\/wp-json\/wp\/v2\/comments?post=2091"}],"wp:featuredmedia":[{"embeddable":true,"href":"https:\/\/www.joysee-optical.com\/fr\/wp-json\/wp\/v2\/media\/2096"}],"wp:attachment":[{"href":"https:\/\/www.joysee-optical.com\/fr\/wp-json\/wp\/v2\/media?parent=2091"}],"wp:term":[{"taxonomy":"product_cat","embeddable":true,"href":"https:\/\/www.joysee-optical.com\/fr\/wp-json\/wp\/v2\/product_cat?post=2091"},{"taxonomy":"product_tag","embeddable":true,"href":"https:\/\/www.joysee-optical.com\/fr\/wp-json\/wp\/v2\/product_tag?post=2091"}],"curies":[{"name":"wp","href":"https:\/\/api.w.org\/{rel}","templated":true}]}}