{"id":2118,"date":"2024-01-05T11:25:37","date_gmt":"2024-01-05T03:25:37","guid":{"rendered":"https:\/\/www.joysee-optical.com\/?post_type=product&#038;p=2118"},"modified":"2024-01-05T22:31:32","modified_gmt":"2024-01-05T14:31:32","slug":"lt4002-unisex-acetate-optical-glasses-frames-your-reliable-glasses-manufacturer-wholesalerlt4002","status":"publish","type":"product","link":"https:\/\/www.joysee-optical.com\/fr\/produit\/lt4002-unisex-acetate-optical-glasses-frames-your-reliable-glasses-manufacturer-wholesalerlt4002\/","title":{"rendered":"LT4002- Lunettes de vue unisexe en ac\u00e9tate - Your Reliable Glasses Manufacturer Wholesaler"},"content":{"rendered":"<h2>\u00a0La qualit\u00e9 imbattable de notre grossiste en lunettes en ac\u00e9tate<\/h2>\n<p>En tant que grossiste en lunettes de premier plan, nous proposons des lunettes en ac\u00e9tate de premi\u00e8re qualit\u00e9 qui allient parfaitement les styles classique et moderne. Durables, \u00e9l\u00e9gantes et disponibles dans une vari\u00e9t\u00e9 de designs, ces montures de lunettes unisexes sont l'incarnation de la mode fonctionnelle.<\/p>\n<h3>Lunettes classiques en ac\u00e9tate pour tous<\/h3>\n<p>Nos lunettes, fabriqu\u00e9es dans les meilleures usines de lunettes, sont un accessoire id\u00e9al pour les hommes et les femmes. Le design classique convient \u00e0 toutes les formes de visage et la charni\u00e8re interne flexible assure un ajustement confortable, ce qui en fait un choix populaire parmi nos clients.<\/p>\n<h3>Grossiste en lunettes personnalis\u00e9es \u00e0 des prix d'usine<\/h3>\n<p>En tant que grossiste en lunettes, nous proposons \u00e9galement des lunettes personnalis\u00e9es \u00e0 des prix d'usine. Que vous souhaitiez mettre en valeur le logo de votre entreprise, un monogramme ou que vous vouliez simplement des lunettes de soleil personnalis\u00e9es \u00e0 votre go\u00fbt, nous pouvons le faire pour vous. Nous sommes une usine de lunettes qui accorde une importance primordiale \u00e0 la satisfaction du client.<\/p>\n<h3>Lunettes de soleil en vrac pour les entreprises<\/h3>\n<p>Pour les entreprises souhaitant devenir vendeur de lunettes de soleil, nous sommes le grossiste en lunettes id\u00e9al pour \u00e9tablir un partenariat. Nous proposons des lunettes de soleil en gros, ce qui vous permet d'obtenir les meilleures offres et des produits de la plus haute qualit\u00e9.<\/p>\n<h3>Une entreprise de lunettes digne de confiance<\/h3>\n<p>Lorsque vous achetez chez nous, vous traitez avec une entreprise de lunettes digne de confiance. Notre priorit\u00e9 est de fournir des lunettes de haute qualit\u00e9 \u00e0 des prix de gros. Nous nous effor\u00e7ons d'\u00eatre les meilleurs fabricants de lunettes, et la confiance et la satisfaction de nos clients t\u00e9moignent de notre engagement.<\/p>","protected":false},"excerpt":{"rendered":"<p>Vous recherchez des fabricants de lunettes fiables ? Nous sommes un grossiste en lunettes de confiance qui propose des montures de lunettes unisexes classiques en ac\u00e9tate \u00e0 des prix d'usine. Nos lunettes, fabriqu\u00e9es dans les meilleures usines de lunettes, offrent durabilit\u00e9 et style, et nous offrons \u00e9galement des options de personnalisation. Devenez un vendeur de lunettes de soleil avec nos offres de lunettes de soleil en vrac.<\/p>","protected":false},"featured_media":2119,"comment_status":"closed","ping_status":"closed","template":"","meta":[],"product_cat":[47,40],"product_tag":[46,65],"class_list":{"0":"post-2118","1":"product","2":"type-product","3":"status-publish","4":"has-post-thumbnail","6":"product_cat-acetate-eyeglasses","7":"product_cat-optical-frames","8":"product_tag-acetate","9":"product_tag-optical-frames","11":"first","12":"instock","13":"shipping-taxable","14":"product-type-simple"},"_links":{"self":[{"href":"https:\/\/www.joysee-optical.com\/fr\/wp-json\/wp\/v2\/product\/2118","targetHints":{"allow":["GET"]}}],"collection":[{"href":"https:\/\/www.joysee-optical.com\/fr\/wp-json\/wp\/v2\/product"}],"about":[{"href":"https:\/\/www.joysee-optical.com\/fr\/wp-json\/wp\/v2\/types\/product"}],"replies":[{"embeddable":true,"href":"https:\/\/www.joysee-optical.com\/fr\/wp-json\/wp\/v2\/comments?post=2118"}],"wp:featuredmedia":[{"embeddable":true,"href":"https:\/\/www.joysee-optical.com\/fr\/wp-json\/wp\/v2\/media\/2119"}],"wp:attachment":[{"href":"https:\/\/www.joysee-optical.com\/fr\/wp-json\/wp\/v2\/media?parent=2118"}],"wp:term":[{"taxonomy":"product_cat","embeddable":true,"href":"https:\/\/www.joysee-optical.com\/fr\/wp-json\/wp\/v2\/product_cat?post=2118"},{"taxonomy":"product_tag","embeddable":true,"href":"https:\/\/www.joysee-optical.com\/fr\/wp-json\/wp\/v2\/product_tag?post=2118"}],"curies":[{"name":"wp","href":"https:\/\/api.w.org\/{rel}","templated":true}]}}