{"id":2129,"date":"2024-01-05T14:22:45","date_gmt":"2024-01-05T06:22:45","guid":{"rendered":"https:\/\/www.joysee-optical.com\/?post_type=product&#038;p=2129"},"modified":"2024-01-05T22:39:56","modified_gmt":"2024-01-05T14:39:56","slug":"lt1032-unisex-italy-design-acetate-eyewear-from-trusted-vendor-china-glasses-manufacturer","status":"publish","type":"product","link":"https:\/\/www.joysee-optical.com\/fr\/produit\/lt1032-unisex-italy-design-acetate-eyewear-from-trusted-vendor-china-glasses-manufacturer\/","title":{"rendered":"LT1032 - Lunettes unisexes en ac\u00e9tate au design italien de la marque China Glasses Manufacturer"},"content":{"rendered":"<h2>Lunettes en ac\u00e9tate de qualit\u00e9 sup\u00e9rieure provenant d'un fabricant de lunettes chinois de confiance<\/h2>\n<p>D\u00e9couvrez le m\u00e9lange parfait de style, de confort et de durabilit\u00e9 avec nos lunettes en ac\u00e9tate. En tant que fabricant de lunettes de premier plan, nous sommes sp\u00e9cialis\u00e9s dans la production de lunettes classiques et unisexes qui font appel \u00e0 tous les sens de la mode.<\/p>\n<h3>Des mat\u00e9riaux de qualit\u00e9 sup\u00e9rieure pour un confort optimal<\/h3>\n<p>Nos lunettes sont fabriqu\u00e9es en ac\u00e9tate de haute qualit\u00e9, connu pour sa r\u00e9sistance, sa l\u00e9g\u00e8ret\u00e9 et la richesse de ses couleurs. Ce mat\u00e9riau, associ\u00e9 \u00e0 nos techniques de fabrication avanc\u00e9es, permet de cr\u00e9er des lunettes non seulement \u00e9l\u00e9gantes, mais aussi durables et confortables.<\/p>\n<h3>Un design classique pour un attrait unisexe<\/h3>\n<p>Le design classique de nos lunettes en ac\u00e9tate est \u00e0 la fois tendance et intemporel. Adapt\u00e9es aux hommes comme aux femmes, ces lunettes sont dot\u00e9es d'une charni\u00e8re interne flexible et de pi\u00e8ces m\u00e9talliques \u00e9l\u00e9gantes qui ajoutent une touche de sophistication. Nos lunettes sont l'accessoire id\u00e9al pour n'importe quelle tenue, vous assurant d'\u00eatre \u00e0 votre avantage \u00e0 tout moment.<\/p>\n<h2>Lunettes de soleil en gros d'un vendeur de lunettes r\u00e9put\u00e9<\/h2>\n<p>En tant que vendeur de lunettes de confiance, nous offrons des prix d'usine \u00e0 nos clients. Nous croyons en la fourniture de lunettes de haute qualit\u00e9 \u00e0 des prix abordables, ce qui fait de nous le choix par excellence pour les lunettes de soleil en vrac, les lunettes de soleil de mode en gros et les montures de lunettes en gros.<\/p>\n<h3>Lunettes personnalis\u00e9es d'un leader de la lunetterie<\/h3>\n<p>Notre soci\u00e9t\u00e9 de lunettes offre des options de personnalisation pour r\u00e9pondre \u00e0 vos besoins uniques. Que vous recherchiez des lunettes de soleil, des montures optiques ou des lunettes de lecture r\u00e9glables, nous avons ce qu'il vous faut. Nos lunettes personnalis\u00e9es vous permettent de vous d\u00e9marquer avec un style unique qui vous est propre.<\/p>\n<h2>Partenaire d'un grand fabricant de lunettes de soleil<\/h2>\n<p>En nous choisissant comme fabricant de lunettes de soleil, vous optez pour une entreprise qui s'engage \u00e0 offrir qualit\u00e9, style et prix abordables. Notre statut de grossiste en lunettes nous permet de fournir des lunettes de soleil pour enfants en vrac, des lunettes de lecture incassables et bien d'autres produits \u00e0 des prix imbattables.<\/p>","protected":false},"excerpt":{"rendered":"<p>Nos lunettes en ac\u00e9tate offrent un m\u00e9lange parfait de style, de confort et de durabilit\u00e9. Fabriqu\u00e9es en ac\u00e9tate l\u00e9ger de haute qualit\u00e9 et dot\u00e9es d'un design classique et unisexe, nos lunettes se distinguent des autres. En tant que fabricant de lunettes et vendeur de lunettes leader en Chine, nous offrons des prix d'usine pour nos produits de qualit\u00e9 sup\u00e9rieure. Choisissez-nous pour vos besoins en lunettes en gros<\/p>","protected":false},"featured_media":2139,"comment_status":"closed","ping_status":"closed","template":"","meta":[],"product_cat":[47,40],"product_tag":[46,65],"class_list":{"0":"post-2129","1":"product","2":"type-product","3":"status-publish","4":"has-post-thumbnail","6":"product_cat-acetate-eyeglasses","7":"product_cat-optical-frames","8":"product_tag-acetate","9":"product_tag-optical-frames","11":"first","12":"instock","13":"shipping-taxable","14":"product-type-simple"},"_links":{"self":[{"href":"https:\/\/www.joysee-optical.com\/fr\/wp-json\/wp\/v2\/product\/2129","targetHints":{"allow":["GET"]}}],"collection":[{"href":"https:\/\/www.joysee-optical.com\/fr\/wp-json\/wp\/v2\/product"}],"about":[{"href":"https:\/\/www.joysee-optical.com\/fr\/wp-json\/wp\/v2\/types\/product"}],"replies":[{"embeddable":true,"href":"https:\/\/www.joysee-optical.com\/fr\/wp-json\/wp\/v2\/comments?post=2129"}],"wp:featuredmedia":[{"embeddable":true,"href":"https:\/\/www.joysee-optical.com\/fr\/wp-json\/wp\/v2\/media\/2139"}],"wp:attachment":[{"href":"https:\/\/www.joysee-optical.com\/fr\/wp-json\/wp\/v2\/media?parent=2129"}],"wp:term":[{"taxonomy":"product_cat","embeddable":true,"href":"https:\/\/www.joysee-optical.com\/fr\/wp-json\/wp\/v2\/product_cat?post=2129"},{"taxonomy":"product_tag","embeddable":true,"href":"https:\/\/www.joysee-optical.com\/fr\/wp-json\/wp\/v2\/product_tag?post=2129"}],"curies":[{"name":"wp","href":"https:\/\/api.w.org\/{rel}","templated":true}]}}