{"id":2140,"date":"2024-01-05T14:25:43","date_gmt":"2024-01-05T06:25:43","guid":{"rendered":"https:\/\/www.joysee-optical.com\/?post_type=product&#038;p=2140"},"modified":"2024-01-05T22:56:10","modified_gmt":"2024-01-05T14:56:10","slug":"lt1049-factory-price-female-ladies-womens-optical-frame-glasses-from-trusted-glasses-manufacturers","status":"publish","type":"product","link":"https:\/\/www.joysee-optical.com\/fr\/produit\/lt1049-factory-price-female-ladies-womens-optical-frame-glasses-from-trusted-glasses-manufacturers\/","title":{"rendered":"LT1049 - Lunettes \u00e0 monture optique pour femmes, prix d'usine, fabriqu\u00e9es par des fabricants de lunettes de confiance"},"content":{"rendered":"<h2>Qualit\u00e9 exceptionnelle des fabricants de lunettes<\/h2>\n<p>D\u00e9couvrez nos lunettes classiques unisexes en ac\u00e9tate, provenant directement des principaux fabricants de lunettes. Faites l'exp\u00e9rience d'un m\u00e9lange parfait de style et de fonctionnalit\u00e9, offert par un grossiste en lunettes de premier ordre.<\/p>\n<h3>Un design sophistiqu\u00e9 et des caract\u00e9ristiques impeccables<\/h3>\n<p>Ces lunettes pr\u00e9sentent un design classique et unisexe qui convient \u00e0 tous. Dot\u00e9es d'une charni\u00e8re interne flexible et de pi\u00e8ces m\u00e9talliques \u00e9l\u00e9gantes, ces lunettes sont l'incarnation de la sophistication. Id\u00e9ales pour les femmes, ces lunettes rehaussent le charme f\u00e9minin tout en offrant un confort optimal.<\/p>\n<h3>\u00a0Directement de l'usine \u00e0 vous<\/h3>\n<p>En tant que grossiste en lunettes de confiance, nous fournissons ces lunettes de qualit\u00e9 sup\u00e9rieure en provenance directe de l'usine, ce qui vous garantit la meilleure qualit\u00e9 aux prix d'usine. En tant que vendeur de lunettes r\u00e9put\u00e9, nous sommes fiers d'offrir une valeur exceptionnelle \u00e0 nos clients.<\/p>\n<h3>Personnalisable et polyvalent<\/h3>\n<p>Nos lunettes de soleil en gros, y compris ces lunettes classiques en ac\u00e9tate pour femmes, peuvent \u00eatre facilement personnalis\u00e9es selon vos pr\u00e9f\u00e9rences. Que vous recherchiez des lunettes de lecture ajustables, des lunettes \u00e0 verres bleus ou des lunettes de soleil de mode en gros, nous avons ce qu'il vous faut.<\/p>\n<h3>Parfait pour toutes les occasions<\/h3>\n<p>Ces lunettes sont polyvalentes et parfaites pour toutes les occasions. Que vous lisiez, travailliez sur l'ordinateur ou vous exposiez au soleil, nos lunettes vous assurent confort et \u00e9l\u00e9gance. En tant que fabricant de lunettes de soleil et grossiste en lunettes de premier plan, nous veillons \u00e0 ce que nos lunettes r\u00e9pondent \u00e0 vos besoins.<\/p>\n<h3>\u00c0 la pointe de l'industrie<\/h3>\n<p>Figurant parmi les 10 premiers fabricants de lunettes de soleil et \u00e9tant une fabrique de lunettes respect\u00e9e, notre engagement \u00e0 cr\u00e9er des lunettes de haute qualit\u00e9 est in\u00e9gal\u00e9. Nos lunettes ne sont pas de simples accessoires, mais l'expression de votre style et de votre personnalit\u00e9.<\/p>","protected":false},"excerpt":{"rendered":"<p>D\u00e9couvrez nos lunettes classiques unisexes en ac\u00e9tate, un m\u00e9lange parfait de style et de fonctionnalit\u00e9 de la part de fabricants de lunettes de confiance. Avec une charni\u00e8re interne flexible, des pi\u00e8ces m\u00e9talliques \u00e9l\u00e9gantes et des prix d'usine, ces lunettes sont parfaites pour toutes les occasions. Personnalisables et polyvalentes, nos lunettes r\u00e9pondent \u00e0 vos besoins<\/p>","protected":false},"featured_media":2149,"comment_status":"closed","ping_status":"closed","template":"","meta":[],"product_cat":[47,40],"product_tag":[46,65],"class_list":{"0":"post-2140","1":"product","2":"type-product","3":"status-publish","4":"has-post-thumbnail","6":"product_cat-acetate-eyeglasses","7":"product_cat-optical-frames","8":"product_tag-acetate","9":"product_tag-optical-frames","11":"first","12":"instock","13":"shipping-taxable","14":"product-type-simple"},"_links":{"self":[{"href":"https:\/\/www.joysee-optical.com\/fr\/wp-json\/wp\/v2\/product\/2140","targetHints":{"allow":["GET"]}}],"collection":[{"href":"https:\/\/www.joysee-optical.com\/fr\/wp-json\/wp\/v2\/product"}],"about":[{"href":"https:\/\/www.joysee-optical.com\/fr\/wp-json\/wp\/v2\/types\/product"}],"replies":[{"embeddable":true,"href":"https:\/\/www.joysee-optical.com\/fr\/wp-json\/wp\/v2\/comments?post=2140"}],"wp:featuredmedia":[{"embeddable":true,"href":"https:\/\/www.joysee-optical.com\/fr\/wp-json\/wp\/v2\/media\/2149"}],"wp:attachment":[{"href":"https:\/\/www.joysee-optical.com\/fr\/wp-json\/wp\/v2\/media?parent=2140"}],"wp:term":[{"taxonomy":"product_cat","embeddable":true,"href":"https:\/\/www.joysee-optical.com\/fr\/wp-json\/wp\/v2\/product_cat?post=2140"},{"taxonomy":"product_tag","embeddable":true,"href":"https:\/\/www.joysee-optical.com\/fr\/wp-json\/wp\/v2\/product_tag?post=2140"}],"curies":[{"name":"wp","href":"https:\/\/api.w.org\/{rel}","templated":true}]}}