{"id":2173,"date":"2024-01-05T14:50:07","date_gmt":"2024-01-05T06:50:07","guid":{"rendered":"https:\/\/www.joysee-optical.com\/?post_type=product&#038;p=2173"},"modified":"2024-01-06T13:58:35","modified_gmt":"2024-01-06T05:58:35","slug":"classic-square-shape-acetate-glasses-the-eyewear-choice-of-manufacturers-vendors","status":"publish","type":"product","link":"https:\/\/www.joysee-optical.com\/fr\/produit\/classic-square-shape-acetate-glasses-the-eyewear-choice-of-manufacturers-vendors\/","title":{"rendered":"LT4012 - Lunettes classiques carr\u00e9es en ac\u00e9tate - Le choix des fabricants et des vendeurs de lunettes"},"content":{"rendered":"<h2>Qualit\u00e9 exceptionnelle de nos lunettes en ac\u00e9tate<\/h2>\n<p>En tant que l'un des principaux fabricants de lunettes, nous proposons des lunettes en ac\u00e9tate de la plus haute qualit\u00e9. Nos lunettes en gros vous offrent ce qu'il y a de mieux sur le march\u00e9, en provenance directe du centre des fabricants de lunettes haut de gamme.<\/p>\n<h3>Le design classique et chic<\/h3>\n<p>Nos lunettes pr\u00e9sentent une forme carr\u00e9e intemporelle, ce qui en fait un choix populaire pour toutes les personnes soucieuses de la mode. Le design classique, associ\u00e9 aux d\u00e9tails m\u00e9talliques, conf\u00e8re \u00e0 ces lunettes une esth\u00e9tique raffin\u00e9e qui met en valeur votre look.<\/p>\n<h2>Plus qu'une simple paire de lunettes<\/h2>\n<p>En tant que fournisseur dominant de lunettes en gros, nous comprenons que nos clients attendent plus qu'une simple fonctionnalit\u00e9. C'est pourquoi nous avons veill\u00e9 \u00e0 ce que nos lunettes offrent non seulement un ajustement confortable, mais aussi une d\u00e9claration de style.<\/p>\n<h2>L'avantage de l'ac\u00e9tate<\/h2>\n<p>Fabriqu\u00e9es en ac\u00e9tate de haute qualit\u00e9, ces lunettes ne sont pas seulement durables, elles offrent \u00e9galement un confort sup\u00e9rieur. L'utilisation de l'ac\u00e9tate comme mat\u00e9riau de base rend les lunettes l\u00e9g\u00e8res, ce qui les rend parfaites pour de longues heures d'utilisation.<\/p>\n<h2>Des lunettes de soleil en vrac pour tous les besoins<\/h2>\n<p>En tant que vendeur de lunettes de confiance, nous proposons des lunettes de soleil en vrac qui r\u00e9pondent \u00e0 divers besoins. Que vous en ayez besoin pour vous prot\u00e9ger ou simplement pour ajouter une touche de style, nos lunettes de soleil pour enfants en vrac et nos lunettes de soleil en gros sont les choix parfaits.<\/p>\n<h3>Le grossiste en lunettes en qui vous pouvez avoir confiance<\/h3>\n<p>Notre attachement \u00e0 la qualit\u00e9 et \u00e0 la satisfaction du client nous a permis de nous hisser parmi les 10 premi\u00e8res entreprises de lunettes de soleil au monde. Nous ne sommes pas seulement un fabricant de lunettes de soleil ordinaire, nous sommes aussi une entreprise de lunettes fiable, qui vous propose les meilleures offres de lunettes en gros.<\/p>","protected":false},"excerpt":{"rendered":"<p>D\u00e9couvrez nos lunettes en ac\u00e9tate de haute qualit\u00e9, fruit d'un savoir-faire et d'un design sup\u00e9rieurs. En tant que l'un des principaux fabricants de lunettes, nous veillons \u00e0 ce que chaque paire soit synonyme de style et de durabilit\u00e9. La forme carr\u00e9e classique, compl\u00e9t\u00e9e par des d\u00e9tails en m\u00e9tal, rend ces lunettes parfaites pour toutes les occasions. Faites-nous confiance, nous sommes votre fournisseur de lunettes en gros, pour vous fournir les meilleures lunettes.<\/p>","protected":false},"featured_media":2251,"comment_status":"closed","ping_status":"closed","template":"","meta":[],"product_cat":[47,40],"product_tag":[46,65],"class_list":{"0":"post-2173","1":"product","2":"type-product","3":"status-publish","4":"has-post-thumbnail","6":"product_cat-acetate-eyeglasses","7":"product_cat-optical-frames","8":"product_tag-acetate","9":"product_tag-optical-frames","11":"first","12":"instock","13":"shipping-taxable","14":"product-type-simple"},"_links":{"self":[{"href":"https:\/\/www.joysee-optical.com\/fr\/wp-json\/wp\/v2\/product\/2173","targetHints":{"allow":["GET"]}}],"collection":[{"href":"https:\/\/www.joysee-optical.com\/fr\/wp-json\/wp\/v2\/product"}],"about":[{"href":"https:\/\/www.joysee-optical.com\/fr\/wp-json\/wp\/v2\/types\/product"}],"replies":[{"embeddable":true,"href":"https:\/\/www.joysee-optical.com\/fr\/wp-json\/wp\/v2\/comments?post=2173"}],"wp:featuredmedia":[{"embeddable":true,"href":"https:\/\/www.joysee-optical.com\/fr\/wp-json\/wp\/v2\/media\/2251"}],"wp:attachment":[{"href":"https:\/\/www.joysee-optical.com\/fr\/wp-json\/wp\/v2\/media?parent=2173"}],"wp:term":[{"taxonomy":"product_cat","embeddable":true,"href":"https:\/\/www.joysee-optical.com\/fr\/wp-json\/wp\/v2\/product_cat?post=2173"},{"taxonomy":"product_tag","embeddable":true,"href":"https:\/\/www.joysee-optical.com\/fr\/wp-json\/wp\/v2\/product_tag?post=2173"}],"curies":[{"name":"wp","href":"https:\/\/api.w.org\/{rel}","templated":true}]}}