{"id":2193,"date":"2024-01-05T15:18:48","date_gmt":"2024-01-05T07:18:48","guid":{"rendered":"https:\/\/www.joysee-optical.com\/?post_type=product&#038;p=2193"},"modified":"2024-01-06T19:33:27","modified_gmt":"2024-01-06T11:33:27","slug":"lt4013-classic-square-shape-glasses-wholesale-from-top-eyewear-manufacturer-factorylt4013","status":"publish","type":"product","link":"https:\/\/www.joysee-optical.com\/fr\/produit\/lt4013-classic-square-shape-glasses-wholesale-from-top-eyewear-manufacturer-factorylt4013\/","title":{"rendered":"LT4013 - Classic Square Shape Glasses Wholesale from Top Eyewear Manufacturer Factory"},"content":{"rendered":"<h2>Lunettes en gros offrant des montures classiques en ac\u00e9tate de forme carr\u00e9e<\/h2>\n<h3>Lunettes en gros haut de gamme d'un grossiste en lunettes renomm\u00e9<\/h3>\n<p>En tant que grossiste en lunettes de premier plan, nous sommes fiers de proposer des lunettes en gros directement \u00e0 partir de nos usines de fabrication de lunettes. Notre collection comprend un large \u00e9ventail de mod\u00e8les, y compris les montures classiques en ac\u00e9tate de forme carr\u00e9e. Ces lunettes, fabriqu\u00e9es \u00e0 partir d'ac\u00e9tate de la plus haute qualit\u00e9, sont un \u00e9l\u00e9ment essentiel de toute collection de lunettes.<\/p>\n<h4>Forme carr\u00e9e classique avec une touche contemporaine<\/h4>\n<p>Notre collection de lunettes en gros allie un design classique, comme la forme carr\u00e9e intemporelle, \u00e0 un attrait contemporain. Chaque paire est rehauss\u00e9e de pi\u00e8ces m\u00e9talliques, ce qui lui conf\u00e8re un aspect moderne et raffin\u00e9.<\/p>\n<h4>Montures en ac\u00e9tate de haute qualit\u00e9 de Glasses Factories<\/h4>\n<p>Nous ne sommes pas seulement une entreprise de lunettes, mais un fabricant de lunettes r\u00e9put\u00e9 pour l'utilisation de mat\u00e9riaux de premi\u00e8re qualit\u00e9 tels que l'ac\u00e9tate. Ces lunettes ne sont pas seulement \u00e9l\u00e9gantes, elles sont aussi durables et offrent un bon rapport qualit\u00e9-prix.<\/p>\n<h3>Lunettes de soleil en vrac et montures de lunettes en gros d'un grossiste en lunettes r\u00e9put\u00e9<\/h3>\n<p>Nous sommes un fabricant de lunettes de soleil et de lunettes de vue de confiance. En tant que fournisseur de lunettes de soleil et de lunettes de vue en gros, nous offrons une large gamme de styles. Des lunettes de soleil en gros aux lunettes de lecture ajustables, nous avons quelque chose pour chaque client.<\/p>\n<h4>Lunettes et lunettes de soleil personnalis\u00e9es de notre usine de lunettes<\/h4>\n<p>En tant que fabrique de lunettes, nous offrons un service unique de lunettes de vue et de soleil sur mesure. Cr\u00e9ez votre propre look gr\u00e2ce \u00e0 nos options personnalisables, tout en restant confortablement install\u00e9 chez vous.<\/p>\n<h4>Vente en gros de lunettes offrant qualit\u00e9 et style<\/h4>\n<p>Notre collection de lunettes en gros ne fait aucun compromis sur la qualit\u00e9 ou le style, offrant une gamme \u00e9tendue de lunettes de vue et de soleil. En tant que grossiste en lunettes, nous comprenons l'importance d'offrir des produits qui correspondent au style et aux besoins de nos clients.<\/p>\n<h2>Votre fournisseur de lunettes de confiance<\/h2>\n<p>Dans notre entreprise de vente de lunettes en gros, la satisfaction du client est notre priorit\u00e9 absolue. En tant que grossiste en lunettes et fabricant de lunettes de confiance, nous nous engageons \u00e0 offrir le meilleur \u00e0 nos clients.<\/p>","protected":false},"excerpt":{"rendered":"<p>D\u00e9couvrez les lunettes de qualit\u00e9 sup\u00e9rieure de notre grossiste en lunettes. Nos lunettes pr\u00e9sentent une forme carr\u00e9e classique et des montures en ac\u00e9tate de haute qualit\u00e9, rehauss\u00e9es de pi\u00e8ces m\u00e9talliques \u00e9l\u00e9gantes pour une touche de modernit\u00e9. En tant que fabricant de lunettes de confiance, nous proposons un large \u00e9ventail de styles. Des lunettes de soleil en vrac \u00e0 la vente de lunettes enti\u00e8res, notre collection r\u00e9pond aux besoins de chacun.<\/p>","protected":false},"featured_media":2267,"comment_status":"closed","ping_status":"closed","template":"","meta":[],"product_cat":[47,40],"product_tag":[46,65],"class_list":{"0":"post-2193","1":"product","2":"type-product","3":"status-publish","4":"has-post-thumbnail","6":"product_cat-acetate-eyeglasses","7":"product_cat-optical-frames","8":"product_tag-acetate","9":"product_tag-optical-frames","11":"first","12":"instock","13":"shipping-taxable","14":"product-type-simple"},"_links":{"self":[{"href":"https:\/\/www.joysee-optical.com\/fr\/wp-json\/wp\/v2\/product\/2193","targetHints":{"allow":["GET"]}}],"collection":[{"href":"https:\/\/www.joysee-optical.com\/fr\/wp-json\/wp\/v2\/product"}],"about":[{"href":"https:\/\/www.joysee-optical.com\/fr\/wp-json\/wp\/v2\/types\/product"}],"replies":[{"embeddable":true,"href":"https:\/\/www.joysee-optical.com\/fr\/wp-json\/wp\/v2\/comments?post=2193"}],"wp:featuredmedia":[{"embeddable":true,"href":"https:\/\/www.joysee-optical.com\/fr\/wp-json\/wp\/v2\/media\/2267"}],"wp:attachment":[{"href":"https:\/\/www.joysee-optical.com\/fr\/wp-json\/wp\/v2\/media?parent=2193"}],"wp:term":[{"taxonomy":"product_cat","embeddable":true,"href":"https:\/\/www.joysee-optical.com\/fr\/wp-json\/wp\/v2\/product_cat?post=2193"},{"taxonomy":"product_tag","embeddable":true,"href":"https:\/\/www.joysee-optical.com\/fr\/wp-json\/wp\/v2\/product_tag?post=2193"}],"curies":[{"name":"wp","href":"https:\/\/api.w.org\/{rel}","templated":true}]}}