{"id":2213,"date":"2024-01-05T15:40:01","date_gmt":"2024-01-05T07:40:01","guid":{"rendered":"https:\/\/www.joysee-optical.com\/?post_type=product&#038;p=2213"},"modified":"2024-01-06T19:37:36","modified_gmt":"2024-01-06T11:37:36","slug":"lt4014-high-quality-classic-acetate-glasses-from-reliable-glasses-manufacturer-chinalt4014","status":"publish","type":"product","link":"https:\/\/www.joysee-optical.com\/fr\/produit\/lt4014-high-quality-classic-acetate-glasses-from-reliable-glasses-manufacturer-chinalt4014\/","title":{"rendered":"LT4014 - Lunettes classiques en ac\u00e9tate de haute qualit\u00e9 fabriqu\u00e9es par un fabricant de lunettes fiable en Chine"},"content":{"rendered":"<h2>Lunettes en ac\u00e9tate de qualit\u00e9 d'un fabricant de lunettes renomm\u00e9<\/h2>\n<p>Fabriqu\u00e9es avec pr\u00e9cision et style, nos lunettes en ac\u00e9tate refl\u00e8tent la qualit\u00e9 et le savoir-faire que nous, en tant que fabricant de lunettes de premier plan, apportons \u00e0 nos clients. Ces lunettes classiques de forme carr\u00e9e avec des parties m\u00e9talliques ne se contentent pas de rehausser votre quotient stylistique, elles offrent \u00e9galement une durabilit\u00e9 \u00e0 toute \u00e9preuve.<\/p>\n<h3>Votre fabricant de lunettes de soleil de confiance en Chine<\/h3>\n<p>En tant que fabricant chinois de lunettes de soleil respect\u00e9, nous sommes sp\u00e9cialis\u00e9s dans la fourniture de lunettes de soleil personnalis\u00e9es qui int\u00e8grent les derni\u00e8res tendances et normes. Nos lunettes, caract\u00e9ris\u00e9es par leur forme carr\u00e9e et leur design classique, sont fabriqu\u00e9es en ac\u00e9tate de haute qualit\u00e9, ce qui garantit un ajustement confortable et une utilisation durable.<\/p>\n<h3>Plus qu'un simple vendeur de lunettes de soleil<\/h3>\n<p>Nous ne nous contentons pas de fabriquer des lunettes de soleil. Nous offrons une gamme compl\u00e8te de solutions de lunettes, des lunettes de soleil en gros aux lunettes de soleil en vrac. Notre soci\u00e9t\u00e9 de lunettes ne se limite pas aux lunettes de soleil. Nous r\u00e9pondons \u00e9galement \u00e0 d'autres besoins en mati\u00e8re de lunettes, tels que des lunettes de lecture ajustables, des lunettes \u00e0 verres bleus et des lunettes de lecture incassables.<\/p>\n<h3>Spectacle Factory - Un engagement pour la qualit\u00e9<\/h3>\n<p>Notre usine de lunettes se consacre \u00e0 la production de montures de haute qualit\u00e9 qui ne sont pas seulement fonctionnelles, mais aussi \u00e0 la mode. En tant qu'usine de lunettes offrant une vaste gamme de produits allant des lunettes de soleil en gros aux lunettes personnalis\u00e9es, nous sommes votre solution unique pour tous vos besoins en mati\u00e8re de lunettes.<\/p>\n<h3>Wholesale Sunnies Company - Lunettes de soleil abordables et \u00e9l\u00e9gantes<\/h3>\n<p>En tant qu'entreprise de lunettes de soleil, nous proposons de bonnes affaires \u00e0 ceux qui recherchent des lunettes en gros. Que vous cherchiez des lunettes de soleil en gros ou des lunettes de soleil pour enfants en gros, nous avons ce qu'il vous faut. Nous offrons \u00e9galement la qualit\u00e9 des lunettes de soleil du top 10 des entreprises pour une fraction du prix.<\/p>","protected":false},"excerpt":{"rendered":"<p>Lunettes en ac\u00e9tate de premi\u00e8re qualit\u00e9 d'un fabricant de lunettes renomm\u00e9. Nos mod\u00e8les classiques de forme carr\u00e9e sont fabriqu\u00e9s avec pr\u00e9cision pour une durabilit\u00e9 durable. En tant que fabricant chinois de lunettes de soleil de confiance, nous proposons des lunettes de soleil personnalis\u00e9es et une gamme d'autres solutions de lunetterie, ce qui fait de nous votre interlocuteur unique pour tous vos besoins en mati\u00e8re de lunettes.<\/p>","protected":false},"featured_media":2223,"comment_status":"closed","ping_status":"closed","template":"","meta":[],"product_cat":[47,40],"product_tag":[46,65],"class_list":{"0":"post-2213","1":"product","2":"type-product","3":"status-publish","4":"has-post-thumbnail","6":"product_cat-acetate-eyeglasses","7":"product_cat-optical-frames","8":"product_tag-acetate","9":"product_tag-optical-frames","11":"first","12":"instock","13":"shipping-taxable","14":"product-type-simple"},"_links":{"self":[{"href":"https:\/\/www.joysee-optical.com\/fr\/wp-json\/wp\/v2\/product\/2213","targetHints":{"allow":["GET"]}}],"collection":[{"href":"https:\/\/www.joysee-optical.com\/fr\/wp-json\/wp\/v2\/product"}],"about":[{"href":"https:\/\/www.joysee-optical.com\/fr\/wp-json\/wp\/v2\/types\/product"}],"replies":[{"embeddable":true,"href":"https:\/\/www.joysee-optical.com\/fr\/wp-json\/wp\/v2\/comments?post=2213"}],"wp:featuredmedia":[{"embeddable":true,"href":"https:\/\/www.joysee-optical.com\/fr\/wp-json\/wp\/v2\/media\/2223"}],"wp:attachment":[{"href":"https:\/\/www.joysee-optical.com\/fr\/wp-json\/wp\/v2\/media?parent=2213"}],"wp:term":[{"taxonomy":"product_cat","embeddable":true,"href":"https:\/\/www.joysee-optical.com\/fr\/wp-json\/wp\/v2\/product_cat?post=2213"},{"taxonomy":"product_tag","embeddable":true,"href":"https:\/\/www.joysee-optical.com\/fr\/wp-json\/wp\/v2\/product_tag?post=2213"}],"curies":[{"name":"wp","href":"https:\/\/api.w.org\/{rel}","templated":true}]}}