{"id":2233,"date":"2024-01-05T16:06:15","date_gmt":"2024-01-05T08:06:15","guid":{"rendered":"https:\/\/www.joysee-optical.com\/?post_type=product&#038;p=2233"},"modified":"2024-01-06T19:41:38","modified_gmt":"2024-01-06T11:41:38","slug":"lt1048-classic-design-by-custom-eyewear-manufacturer-and-glasses-wholesalerlt1048","status":"publish","type":"product","link":"https:\/\/www.joysee-optical.com\/fr\/produit\/lt1048-classic-design-by-custom-eyewear-manufacturer-and-glasses-wholesalerlt1048\/","title":{"rendered":"LT1048 - Classic Design by Custom Eyewear Manufacturer and Glasses Wholesaler"},"content":{"rendered":"<h2>La qualit\u00e9 d'un grand fabricant de lunettes sur mesure<\/h2>\n<p>Lorsqu'il s'agit d'acheter des lunettes, choisir celles d'un fabricant r\u00e9put\u00e9 de lunettes sur mesure comme nous peut faire toute la diff\u00e9rence. Nous sommes l'un des principaux grossistes en lunettes de l'industrie et nous offrons une qualit\u00e9 exceptionnelle \u00e0 nos clients.<\/p>\n<h3>Qualit\u00e9 in\u00e9gal\u00e9e des mat\u00e9riaux<\/h3>\n<p>Nos lunettes sont fabriqu\u00e9es \u00e0 partir d'ac\u00e9tate de haute qualit\u00e9, ce qui garantit un ajustement durable et confortable. En tant que grossiste en lunettes reconnu pour sa qualit\u00e9, nos lunettes ne sont pas seulement esth\u00e9tiques, elles sont aussi tr\u00e8s performantes.<\/p>\n<h3>Design classique et attrayant<\/h3>\n<p>Les lunettes que nous produisons sont de conception classique. Nous comprenons que les lunettes ne sont pas seulement une n\u00e9cessit\u00e9, mais aussi un \u00e9l\u00e9ment de mode, et notre fabrique de lunettes produit des pi\u00e8ces qui r\u00e9pondent \u00e0 ces besoins. Des lunettes de soleil aux lunettes optiques, notre collection ne manquera pas de vous s\u00e9duire.<\/p>\n<h3>Options de vente en gros et au d\u00e9tail<\/h3>\n<p>Nous sommes un grossiste en lunettes de vue et de soleil qui s'adresse non seulement aux d\u00e9taillants, mais aussi aux particuliers. Que vous souhaitiez acheter des lunettes de soleil en gros ou une seule pi\u00e8ce de lunettes personnalis\u00e9e, nous pouvons r\u00e9pondre \u00e0 vos besoins.<\/p>\n<h3>Faites confiance \u00e0 notre expertise<\/h3>\n<p>En tant que fabricant de lunettes de soleil r\u00e9put\u00e9, nos produits sont soumis \u00e0 des contr\u00f4les de qualit\u00e9 rigoureux. Nous nous engageons \u00e0 ne fournir que le meilleur, ce qui fait de nous l'un des 10 meilleurs fabricants de lunettes de soleil du secteur.<\/p>","protected":false},"excerpt":{"rendered":"<p>Optez pour la qualit\u00e9 et le style avec nos lunettes personnalis\u00e9es. En tant que grossiste et fabricant de lunettes de premier plan, nos produits sont fabriqu\u00e9s en ac\u00e9tate durable et pr\u00e9sentent un design classique. Des lunettes de soleil aux lunettes optiques, faites-nous confiance pour vous fournir des lunettes de qualit\u00e9 sup\u00e9rieure.<\/p>","protected":false},"featured_media":2238,"comment_status":"closed","ping_status":"closed","template":"","meta":[],"product_cat":[47,40],"product_tag":[46,65],"class_list":{"0":"post-2233","1":"product","2":"type-product","3":"status-publish","4":"has-post-thumbnail","6":"product_cat-acetate-eyeglasses","7":"product_cat-optical-frames","8":"product_tag-acetate","9":"product_tag-optical-frames","11":"first","12":"instock","13":"shipping-taxable","14":"product-type-simple"},"_links":{"self":[{"href":"https:\/\/www.joysee-optical.com\/fr\/wp-json\/wp\/v2\/product\/2233","targetHints":{"allow":["GET"]}}],"collection":[{"href":"https:\/\/www.joysee-optical.com\/fr\/wp-json\/wp\/v2\/product"}],"about":[{"href":"https:\/\/www.joysee-optical.com\/fr\/wp-json\/wp\/v2\/types\/product"}],"replies":[{"embeddable":true,"href":"https:\/\/www.joysee-optical.com\/fr\/wp-json\/wp\/v2\/comments?post=2233"}],"wp:featuredmedia":[{"embeddable":true,"href":"https:\/\/www.joysee-optical.com\/fr\/wp-json\/wp\/v2\/media\/2238"}],"wp:attachment":[{"href":"https:\/\/www.joysee-optical.com\/fr\/wp-json\/wp\/v2\/media?parent=2233"}],"wp:term":[{"taxonomy":"product_cat","embeddable":true,"href":"https:\/\/www.joysee-optical.com\/fr\/wp-json\/wp\/v2\/product_cat?post=2233"},{"taxonomy":"product_tag","embeddable":true,"href":"https:\/\/www.joysee-optical.com\/fr\/wp-json\/wp\/v2\/product_tag?post=2233"}],"curies":[{"name":"wp","href":"https:\/\/api.w.org\/{rel}","templated":true}]}}