{"id":1938,"date":"2024-01-04T11:20:19","date_gmt":"2024-01-04T03:20:19","guid":{"rendered":"https:\/\/www.joysee-optical.com\/?post_type=product&#038;p=1938"},"modified":"2024-01-04T19:39:05","modified_gmt":"2024-01-04T11:39:05","slug":"lt4004s-quality-vendor-wholesale-premium-acetate-unisex-custom-sunglasses-manufacturers","status":"publish","type":"product","link":"https:\/\/www.joysee-optical.com\/it\/prodotto\/lt4004s-quality-vendor-wholesale-premium-acetate-unisex-custom-sunglasses-manufacturers\/","title":{"rendered":"LT4004S- Venditore di qualit\u00e0 all'ingrosso Premium Acetato Unisex Occhiali da sole personalizzati Produttori"},"content":{"rendered":"<h2>Vi presentiamo i nostri occhiali da sole personalizzati<\/h2>\n<p>Scoprite un mondo di moda e comfort con i nostri occhiali da sole personalizzati. In qualit\u00e0 di rinomato produttore di occhiali da sole, diamo priorit\u00e0 alla vostra visione e al vostro stile. I nostri occhiali da sole, realizzati con materiale acetato di alta qualit\u00e0, offrono la massima durata e fascino.<\/p>\n<h3>Occhiali da sole di qualit\u00e0 da produttori affidabili<\/h3>\n<p>In qualit\u00e0 di produttore leader di occhiali da sole personalizzati, ci assicuriamo che le vostre esigenze in fatto di occhiali siano soddisfatte con i nostri prodotti di alta qualit\u00e0. I nostri occhiali da sole non solo proteggono i vostri occhi, ma migliorano anche il vostro quoziente di stile.<\/p>\n<h3>Design classico unisex<\/h3>\n<p>Questi occhiali da sole sono progettati con un fascino unisex senza tempo, che li rende un accessorio ideale per tutti. Il design classico, abbinato alla cerniera flessibile interna, garantisce un utilizzo confortevole per qualsiasi forma del viso.<\/p>\n<h2>Perch\u00e9 scegliere noi come fornitore di occhiali da sole all'ingrosso?<\/h2>\n<p>Ci distinguiamo nel settore grazie al nostro impegno per una qualit\u00e0 e uno stile superiori. La nostra fabbrica di occhiali da sole produce occhiali che soddisfano gli standard internazionali, rendendoci un fornitore affidabile di occhiali da sole all'ingrosso.<\/p>\n<h3>Caratteristiche superiori per un comfort ottimale<\/h3>\n<p>Questi occhiali da sole sono dotati di lenti polarizzate che offrono una protezione ottimale dai dannosi raggi UV. Il materiale in acetato non solo \u00e8 resistente, ma migliora anche l'estetica complessiva degli occhiali da sole, rendendoli la scelta preferita dai consumatori moderni.<\/p>\n<h2>Occhiali da sole all'ingrosso: Il meglio del settore<\/h2>\n<p>Cercate un partner affidabile per la vendita all'ingrosso di occhiali da sole? I nostri occhiali da sole personalizzati, con il loro design di alta qualit\u00e0 ed eleganza, sono perfetti per la vostra attivit\u00e0. Ottenete i migliori occhiali da sole all'ingrosso, da un produttore e venditore di fiducia.<\/p>","protected":false},"excerpt":{"rendered":"<p>Siete alla ricerca di produttori affidabili di occhiali da sole personalizzati? I nostri occhiali da sole unisex di alta qualit\u00e0, realizzati in acetato resistente, offrono una miscela perfetta di moda e comfort. In qualit\u00e0 di fornitore leader di occhiali da sole all'ingrosso, i nostri prodotti soddisfano gli standard internazionali, garantendo il meglio per voi.<\/p>","protected":false},"featured_media":1939,"comment_status":"closed","ping_status":"closed","template":"","meta":[],"product_cat":[51,41],"product_tag":[66,67],"class_list":{"0":"post-1938","1":"product","2":"type-product","3":"status-publish","4":"has-post-thumbnail","6":"product_cat-acetate-sunglasses","7":"product_cat-sunglasses","8":"product_tag-acetate-sunglasses","9":"product_tag-sunglasses","11":"first","12":"instock","13":"shipping-taxable","14":"product-type-simple"},"_links":{"self":[{"href":"https:\/\/www.joysee-optical.com\/it\/wp-json\/wp\/v2\/product\/1938","targetHints":{"allow":["GET"]}}],"collection":[{"href":"https:\/\/www.joysee-optical.com\/it\/wp-json\/wp\/v2\/product"}],"about":[{"href":"https:\/\/www.joysee-optical.com\/it\/wp-json\/wp\/v2\/types\/product"}],"replies":[{"embeddable":true,"href":"https:\/\/www.joysee-optical.com\/it\/wp-json\/wp\/v2\/comments?post=1938"}],"wp:featuredmedia":[{"embeddable":true,"href":"https:\/\/www.joysee-optical.com\/it\/wp-json\/wp\/v2\/media\/1939"}],"wp:attachment":[{"href":"https:\/\/www.joysee-optical.com\/it\/wp-json\/wp\/v2\/media?parent=1938"}],"wp:term":[{"taxonomy":"product_cat","embeddable":true,"href":"https:\/\/www.joysee-optical.com\/it\/wp-json\/wp\/v2\/product_cat?post=1938"},{"taxonomy":"product_tag","embeddable":true,"href":"https:\/\/www.joysee-optical.com\/it\/wp-json\/wp\/v2\/product_tag?post=1938"}],"curies":[{"name":"wp","href":"https:\/\/api.w.org\/{rel}","templated":true}]}}