{"id":2081,"date":"2024-01-04T16:05:46","date_gmt":"2024-01-04T08:05:46","guid":{"rendered":"https:\/\/www.joysee-optical.com\/?post_type=product&#038;p=2081"},"modified":"2024-01-04T19:43:24","modified_gmt":"2024-01-04T11:43:24","slug":"lt4010s-bulk-high-quality-classic-unisex-wholesale-sunglasses-vendor-factory","status":"publish","type":"product","link":"https:\/\/www.joysee-optical.com\/it\/prodotto\/lt4010s-bulk-high-quality-classic-unisex-wholesale-sunglasses-vendor-factory\/","title":{"rendered":"LT4010S - Occhiali da sole classici unisex all'ingrosso di alta qualit\u00e0 alla rinfusa Fabbrica del fornitore"},"content":{"rendered":"<h2>Occhiali da sole unisex classici da un fornitore di occhiali da sole affidabile<\/h2>\n<p>Cercate un fornitore leader di occhiali da sole che offra occhiali di alta qualit\u00e0, eleganti e convenienti? I nostri occhiali da sole classici unisex sono perfetti per qualsiasi rivenditore che desideri ampliare il proprio inventario con occhiali da sole sfusi. Realizzati in acetato resistente, questi occhiali da sole sono progettati per durare nel tempo e presentano un design senza tempo che si adatta a qualsiasi stile.<\/p>\n<h3>Occhiali da sole all'ingrosso con caratteristiche uniche<\/h3>\n<p>Questi occhiali da sole non sono solo belli da vedere, ma anche ricchi di caratteristiche uniche. Ogni paio di occhiali da sole all'ingrosso \u00e8 dotato di lenti polarizzate per proteggere gli occhi dai dannosi raggi UV. La cerniera flessibile interna assicura una vestibilit\u00e0 confortevole per tutti gli utenti. Inoltre, questi occhiali da sole sono disponibili a prezzo di fabbrica, offrendo un valore imbattibile ai rivenditori.<\/p>\n<h3>Materiali di alta qualit\u00e0 per occhiali durevoli<\/h3>\n<p>Realizzati in acetato di altissima qualit\u00e0, i nostri occhiali da sole sono robusti e durevoli. L'acetato \u00e8 noto per le sue caratteristiche di resistenza e durata, che lo rendono il materiale perfetto per occhiali di alta qualit\u00e0. Questa attenzione ai dettagli ci rende un fornitore di occhiali da sole di fiducia per i rivenditori a livello nazionale.<\/p>\n<h3>Il vostro venditore di occhiali da sole di fiducia<\/h3>\n<p>In qualit\u00e0 di fornitore leader di occhiali da sole, comprendiamo l'importanza di fornire prodotti affidabili e di alta qualit\u00e0. Ecco perch\u00e9 offriamo occhiali da sole sfusi a prezzi all'ingrosso, consentendo ai nostri clienti di fare scorta di occhiali di alta qualit\u00e0 senza spendere troppo.<\/p>","protected":false},"excerpt":{"rendered":"<p>Scoprite la miscela perfetta di stile e qualit\u00e0 con i nostri occhiali da sole classici unisex. In qualit\u00e0 di rinomato venditore di occhiali da sole, offriamo questi occhiali da sole sfusi a prezzi all'ingrosso. Realizzati in acetato resistente con lenti polarizzate, sono progettati per garantire comfort e durata.<\/p>","protected":false},"featured_media":2084,"comment_status":"closed","ping_status":"closed","template":"","meta":[],"product_cat":[51,41],"product_tag":[66,67],"class_list":{"0":"post-2081","1":"product","2":"type-product","3":"status-publish","4":"has-post-thumbnail","6":"product_cat-acetate-sunglasses","7":"product_cat-sunglasses","8":"product_tag-acetate-sunglasses","9":"product_tag-sunglasses","11":"first","12":"instock","13":"shipping-taxable","14":"product-type-simple"},"_links":{"self":[{"href":"https:\/\/www.joysee-optical.com\/it\/wp-json\/wp\/v2\/product\/2081","targetHints":{"allow":["GET"]}}],"collection":[{"href":"https:\/\/www.joysee-optical.com\/it\/wp-json\/wp\/v2\/product"}],"about":[{"href":"https:\/\/www.joysee-optical.com\/it\/wp-json\/wp\/v2\/types\/product"}],"replies":[{"embeddable":true,"href":"https:\/\/www.joysee-optical.com\/it\/wp-json\/wp\/v2\/comments?post=2081"}],"wp:featuredmedia":[{"embeddable":true,"href":"https:\/\/www.joysee-optical.com\/it\/wp-json\/wp\/v2\/media\/2084"}],"wp:attachment":[{"href":"https:\/\/www.joysee-optical.com\/it\/wp-json\/wp\/v2\/media?parent=2081"}],"wp:term":[{"taxonomy":"product_cat","embeddable":true,"href":"https:\/\/www.joysee-optical.com\/it\/wp-json\/wp\/v2\/product_cat?post=2081"},{"taxonomy":"product_tag","embeddable":true,"href":"https:\/\/www.joysee-optical.com\/it\/wp-json\/wp\/v2\/product_tag?post=2081"}],"curies":[{"name":"wp","href":"https:\/\/api.w.org\/{rel}","templated":true}]}}