{"id":2140,"date":"2024-01-05T14:25:43","date_gmt":"2024-01-05T06:25:43","guid":{"rendered":"https:\/\/www.joysee-optical.com\/?post_type=product&#038;p=2140"},"modified":"2024-01-05T22:56:10","modified_gmt":"2024-01-05T14:56:10","slug":"lt1049-factory-price-female-ladies-womens-optical-frame-glasses-from-trusted-glasses-manufacturers","status":"publish","type":"product","link":"https:\/\/www.joysee-optical.com\/it\/prodotto\/lt1049-factory-price-female-ladies-womens-optical-frame-glasses-from-trusted-glasses-manufacturers\/","title":{"rendered":"LT1049 - Prezzo di fabbrica Femmina Ladies donne occhiali con montatura ottica da Trusted occhiali produttori"},"content":{"rendered":"<h2>Qualit\u00e0 eccezionale dai produttori di occhiali<\/h2>\n<p>Scoprite i nostri occhiali classici unisex in acetato, provenienti direttamente dai principali produttori di occhiali. Provate il perfetto connubio tra stile e funzionalit\u00e0, offerto da un grossista di occhiali di prim'ordine.<\/p>\n<h3>Design sofisticato e caratteristiche impeccabili<\/h3>\n<p>Questi occhiali vantano un design classico e unisex che si adatta a tutti. Realizzati con una cerniera interna flessibile e dettagliati con parti metalliche eleganti, questi occhiali sono l'epitome della raffinatezza. Ideali per le donne, questi occhiali esaltano il fascino femminile e offrono il massimo comfort.<\/p>\n<h3>\u00a0Direttamente dalla fabbrica a voi<\/h3>\n<p>In qualit\u00e0 di grossisti di occhiali di fiducia, forniamo questi occhiali di alta qualit\u00e0 direttamente dalla fabbrica, assicurandovi la migliore qualit\u00e0 a prezzi di fabbrica. In qualit\u00e0 di venditori di occhiali affidabili, siamo orgogliosi di offrire un valore eccezionale ai nostri clienti.<\/p>\n<h3>Personalizzabile e versatile<\/h3>\n<p>I nostri occhiali da sole all'ingrosso, compresi questi classici occhiali da donna in acetato, possono essere facilmente personalizzati in base alle vostre preferenze. Che siate alla ricerca di occhiali da lettura regolabili, di occhiali a blocco blu o di occhiali da sole all'ingrosso, siamo a vostra disposizione.<\/p>\n<h3>Perfetto per ogni occasione<\/h3>\n<p>Questi occhiali sono versatili e perfetti per ogni occasione. Sia che stiate leggendo, lavorando al computer o al sole, i nostri occhiali vi garantiscono comfort e stile. In qualit\u00e0 di produttore leader di occhiali da sole e grossista di occhiali, garantiamo che i nostri occhiali soddisfino le vostre esigenze.<\/p>\n<h3>Leader del settore<\/h3>\n<p>Essendo tra le prime 10 aziende produttrici di occhiali da sole e una rispettata fabbrica di occhiali, il nostro impegno nella creazione di occhiali di alta qualit\u00e0 \u00e8 impareggiabile. I nostri occhiali non sono semplici accessori, ma espressione del vostro stile e della vostra personalit\u00e0.<\/p>","protected":false},"excerpt":{"rendered":"<p>Scoprite i nostri occhiali classici unisex in acetato, una miscela perfetta di stile e funzionalit\u00e0 da parte di produttori di occhiali di fiducia. Grazie alla cerniera flessibile interna, alle eleganti parti in metallo e ai prezzi di fabbrica, questi occhiali sono perfetti per ogni occasione. Personalizzabili e versatili, i nostri occhiali soddisfano le vostre esigenze.<\/p>","protected":false},"featured_media":2149,"comment_status":"closed","ping_status":"closed","template":"","meta":[],"product_cat":[47,40],"product_tag":[46,65],"class_list":{"0":"post-2140","1":"product","2":"type-product","3":"status-publish","4":"has-post-thumbnail","6":"product_cat-acetate-eyeglasses","7":"product_cat-optical-frames","8":"product_tag-acetate","9":"product_tag-optical-frames","11":"first","12":"instock","13":"shipping-taxable","14":"product-type-simple"},"_links":{"self":[{"href":"https:\/\/www.joysee-optical.com\/it\/wp-json\/wp\/v2\/product\/2140","targetHints":{"allow":["GET"]}}],"collection":[{"href":"https:\/\/www.joysee-optical.com\/it\/wp-json\/wp\/v2\/product"}],"about":[{"href":"https:\/\/www.joysee-optical.com\/it\/wp-json\/wp\/v2\/types\/product"}],"replies":[{"embeddable":true,"href":"https:\/\/www.joysee-optical.com\/it\/wp-json\/wp\/v2\/comments?post=2140"}],"wp:featuredmedia":[{"embeddable":true,"href":"https:\/\/www.joysee-optical.com\/it\/wp-json\/wp\/v2\/media\/2149"}],"wp:attachment":[{"href":"https:\/\/www.joysee-optical.com\/it\/wp-json\/wp\/v2\/media?parent=2140"}],"wp:term":[{"taxonomy":"product_cat","embeddable":true,"href":"https:\/\/www.joysee-optical.com\/it\/wp-json\/wp\/v2\/product_cat?post=2140"},{"taxonomy":"product_tag","embeddable":true,"href":"https:\/\/www.joysee-optical.com\/it\/wp-json\/wp\/v2\/product_tag?post=2140"}],"curies":[{"name":"wp","href":"https:\/\/api.w.org\/{rel}","templated":true}]}}