{"id":2173,"date":"2024-01-05T14:50:07","date_gmt":"2024-01-05T06:50:07","guid":{"rendered":"https:\/\/www.joysee-optical.com\/?post_type=product&#038;p=2173"},"modified":"2024-01-06T13:58:35","modified_gmt":"2024-01-06T05:58:35","slug":"classic-square-shape-acetate-glasses-the-eyewear-choice-of-manufacturers-vendors","status":"publish","type":"product","link":"https:\/\/www.joysee-optical.com\/it\/prodotto\/classic-square-shape-acetate-glasses-the-eyewear-choice-of-manufacturers-vendors\/","title":{"rendered":"LT4012 - Occhiali classici di forma quadrata in acetato - La scelta degli occhiali di produttori e rivenditori"},"content":{"rendered":"<h2>Qualit\u00e0 eccezionale con i nostri occhiali in acetato<\/h2>\n<p>Come uno dei principali produttori di occhiali, offriamo occhiali in acetato della migliore qualit\u00e0. Il nostro commercio all'ingrosso di occhiali vi offre il meglio del mercato, direttamente dal centro dei produttori di occhiali di fascia alta.<\/p>\n<h3>Il design classico e chic<\/h3>\n<p>I nostri occhiali sono caratterizzati da un'intramontabile forma quadrata, che li rende una scelta popolare per ogni individuo attento alla moda. Il design classico, unito ai dettagli in metallo, conferisce agli occhiali un'estetica raffinata, valorizzando il vostro look complessivo.<\/p>\n<h2>Pi\u00f9 di un semplice paio di occhiali<\/h2>\n<p>In qualit\u00e0 di fornitore dominante di occhiali all'ingrosso, siamo consapevoli che i nostri clienti si aspettano qualcosa di pi\u00f9 della semplice funzionalit\u00e0. Per questo abbiamo fatto in modo che i nostri occhiali offrano non solo una vestibilit\u00e0 confortevole, ma anche una dichiarazione di stile.<\/p>\n<h2>Il vantaggio dell'acetato<\/h2>\n<p>Realizzati in acetato di alta qualit\u00e0, gli occhiali non solo sono resistenti ma offrono anche un comfort superiore. L'uso dell'acetato come materiale di base rende gli occhiali leggeri e perfetti per le lunghe ore di utilizzo.<\/p>\n<h2>Occhiali da sole sfusi per ogni esigenza<\/h2>\n<p>In qualit\u00e0 di venditore di occhiali di fiducia, offriamo occhiali da sole all'ingrosso che soddisfano diverse esigenze. Che ne abbiate bisogno per scopi protettivi o semplicemente per aggiungere un tocco di stile, i nostri occhiali da sole per bambini all'ingrosso e le nostre classi solari all'ingrosso sono le scelte perfette.<\/p>\n<h3>L'ingrosso di occhiali di cui ci si pu\u00f2 fidare<\/h3>\n<p>La nostra dedizione alla qualit\u00e0 e alla soddisfazione del cliente ci ha reso una delle prime 10 aziende di occhiali da sole a livello globale. Non siamo solo un comune produttore di occhiali da sole, ma anche un'azienda di occhiali affidabile, che propone le migliori offerte di occhiali all'ingrosso.<\/p>","protected":false},"excerpt":{"rendered":"<p>Scoprite i nostri occhiali in acetato di alta qualit\u00e0, frutto di un'artigianalit\u00e0 e di un design superiori. In qualit\u00e0 di uno dei principali produttori di occhiali, ci assicuriamo che ogni occhiale sia caratterizzato da stile e durata. La classica forma squadrata, completata da dettagli in metallo, perfeziona l'occhiale per ogni occasione. Affidatevi a noi, il vostro fornitore affidabile di occhiali all'ingrosso, per ottenere i migliori occhiali.<\/p>","protected":false},"featured_media":2251,"comment_status":"closed","ping_status":"closed","template":"","meta":[],"product_cat":[47,40],"product_tag":[46,65],"class_list":{"0":"post-2173","1":"product","2":"type-product","3":"status-publish","4":"has-post-thumbnail","6":"product_cat-acetate-eyeglasses","7":"product_cat-optical-frames","8":"product_tag-acetate","9":"product_tag-optical-frames","11":"first","12":"instock","13":"shipping-taxable","14":"product-type-simple"},"_links":{"self":[{"href":"https:\/\/www.joysee-optical.com\/it\/wp-json\/wp\/v2\/product\/2173","targetHints":{"allow":["GET"]}}],"collection":[{"href":"https:\/\/www.joysee-optical.com\/it\/wp-json\/wp\/v2\/product"}],"about":[{"href":"https:\/\/www.joysee-optical.com\/it\/wp-json\/wp\/v2\/types\/product"}],"replies":[{"embeddable":true,"href":"https:\/\/www.joysee-optical.com\/it\/wp-json\/wp\/v2\/comments?post=2173"}],"wp:featuredmedia":[{"embeddable":true,"href":"https:\/\/www.joysee-optical.com\/it\/wp-json\/wp\/v2\/media\/2251"}],"wp:attachment":[{"href":"https:\/\/www.joysee-optical.com\/it\/wp-json\/wp\/v2\/media?parent=2173"}],"wp:term":[{"taxonomy":"product_cat","embeddable":true,"href":"https:\/\/www.joysee-optical.com\/it\/wp-json\/wp\/v2\/product_cat?post=2173"},{"taxonomy":"product_tag","embeddable":true,"href":"https:\/\/www.joysee-optical.com\/it\/wp-json\/wp\/v2\/product_tag?post=2173"}],"curies":[{"name":"wp","href":"https:\/\/api.w.org\/{rel}","templated":true}]}}