{"id":2204,"date":"2024-01-05T15:21:02","date_gmt":"2024-01-05T07:21:02","guid":{"rendered":"https:\/\/www.joysee-optical.com\/?post_type=product&#038;p=2204"},"modified":"2024-01-06T19:49:25","modified_gmt":"2024-01-06T11:49:25","slug":"lt4013s-custom-sunglasses-manufacturers-wholesale-polarized-lenses-sunglasseslt4013s","status":"publish","type":"product","link":"https:\/\/www.joysee-optical.com\/it\/prodotto\/lt4013s-custom-sunglasses-manufacturers-wholesale-polarized-lenses-sunglasseslt4013s\/","title":{"rendered":"LT4013S - Produttori di occhiali da sole personalizzati: Occhiali da sole con lenti polarizzate all'ingrosso"},"content":{"rendered":"<h2>Occhiali da sole di alta qualit\u00e0 di produttori italiani<\/h2>\n<p>I nostri occhiali da sole di alta qualit\u00e0 non sono occhiali ordinari. Provenienti dai migliori produttori italiani di occhiali da sole, i nostri occhiali da sole in acetato sono progettati con un design classico di lenti polarizzate adatto a tutti i sessi.<\/p>\n<h3>Il design classico incontra la tecnologia moderna<\/h3>\n<p>I nostri occhiali da sole combinano il fascino senza tempo del design classico con i vantaggi della tecnologia moderna. Sono realizzati in acetato resistente, un materiale noto per la sua flessibilit\u00e0 e le sue propriet\u00e0 anallergiche. Inoltre, le lenti polarizzate assicurano una chiarezza e un comfort superiori, rendendo questi occhiali da sole ideali per l'uso quotidiano.<\/p>\n<h3>Produttori di occhiali da sole personalizzati: Una miscela di stile e funzionalit\u00e0<\/h3>\n<p>Come produttori di occhiali da sole personalizzati, siamo orgogliosi di creare occhiali che si adattano alle varie forme del viso e agli stili personali. Che preferiate un look di ispirazione vintage o un'estetica elegante e contemporanea, abbiamo qualcosa per tutti.<\/p>\n<h3>Occhiali da sole all'ingrosso: La qualit\u00e0 incontra l'economicit\u00e0<\/h3>\n<p>Con la nostra opzione di vendita all'ingrosso di occhiali da sole, potete godere di occhiali di alta qualit\u00e0 senza spendere troppo. Offriamo un'ampia gamma di occhiali da sole all'ingrosso, rendendoci il fornitore di occhiali da sole ideale per aziende e singoli acquirenti.<\/p>\n<h2>Occhiali da sole unisex: Per ogni stile<\/h2>\n<p>I nostri occhiali da sole sono progettati pensando alla versatilit\u00e0. Che siate uomini o donne, i nostri modelli unisex assicurano una vestibilit\u00e0 perfetta e un look alla moda. I nostri occhiali da sole non sono semplici accessori, ma un'estensione del vostro stile.<\/p>\n<h3>La fabbrica di occhiali da sole Outlet: La qualit\u00e0 incontra l'accessibilit\u00e0<\/h3>\n<p>La nostra fabbrica di occhiali da sole offre un'ampia gamma di modelli e stili per soddisfare qualsiasi preferenza. Dagli occhiali da sole divertenti agli occhiali da sole per bambini, abbiamo tutto ci\u00f2 che vi serve in un unico posto.<\/p>\n<h2>Le migliori aziende di occhiali da sole per gli acquisti all'ingrosso<\/h2>\n<p>Come una delle 10 principali aziende di occhiali da sole, offriamo servizi di vendita all'ingrosso di occhiali, tra cui montature per occhiali all'ingrosso e occhiali da sole all'ingrosso di moda. Con noi avrete pi\u00f9 di un semplice occhiale; avrete un'azienda di occhiali di fiducia che d\u00e0 valore alla qualit\u00e0 e alla soddisfazione del cliente.<\/p>","protected":false},"excerpt":{"rendered":"<p>Scoprite gli occhiali da sole di alta qualit\u00e0 realizzati dai migliori produttori italiani. I nostri occhiali da sole in acetato, progettati con lenti classiche e polarizzate, offrono un mix perfetto di stile e funzionalit\u00e0. Godetevi la nostra vasta gamma di modelli unisex, perfetti per ogni stile. Come una delle migliori aziende di occhiali da sole, offriamo anche opzioni di vendita all'ingrosso per aziende e privati.<\/p>","protected":false},"featured_media":2277,"comment_status":"closed","ping_status":"closed","template":"","meta":[],"product_cat":[51,41],"product_tag":[66,67],"class_list":{"0":"post-2204","1":"product","2":"type-product","3":"status-publish","4":"has-post-thumbnail","6":"product_cat-acetate-sunglasses","7":"product_cat-sunglasses","8":"product_tag-acetate-sunglasses","9":"product_tag-sunglasses","11":"first","12":"instock","13":"shipping-taxable","14":"product-type-simple"},"_links":{"self":[{"href":"https:\/\/www.joysee-optical.com\/it\/wp-json\/wp\/v2\/product\/2204","targetHints":{"allow":["GET"]}}],"collection":[{"href":"https:\/\/www.joysee-optical.com\/it\/wp-json\/wp\/v2\/product"}],"about":[{"href":"https:\/\/www.joysee-optical.com\/it\/wp-json\/wp\/v2\/types\/product"}],"replies":[{"embeddable":true,"href":"https:\/\/www.joysee-optical.com\/it\/wp-json\/wp\/v2\/comments?post=2204"}],"wp:featuredmedia":[{"embeddable":true,"href":"https:\/\/www.joysee-optical.com\/it\/wp-json\/wp\/v2\/media\/2277"}],"wp:attachment":[{"href":"https:\/\/www.joysee-optical.com\/it\/wp-json\/wp\/v2\/media?parent=2204"}],"wp:term":[{"taxonomy":"product_cat","embeddable":true,"href":"https:\/\/www.joysee-optical.com\/it\/wp-json\/wp\/v2\/product_cat?post=2204"},{"taxonomy":"product_tag","embeddable":true,"href":"https:\/\/www.joysee-optical.com\/it\/wp-json\/wp\/v2\/product_tag?post=2204"}],"curies":[{"name":"wp","href":"https:\/\/api.w.org\/{rel}","templated":true}]}}