{"id":1895,"date":"2024-01-04T10:09:37","date_gmt":"2024-01-04T02:09:37","guid":{"rendered":"https:\/\/www.joysee-optical.com\/?post_type=product&#038;p=1895"},"modified":"2024-01-04T19:37:01","modified_gmt":"2024-01-04T11:37:01","slug":"lt1179s-fashionable-designer-wholesale-sunglasses-vendors-manufacturers","status":"publish","type":"product","link":"https:\/\/www.joysee-optical.com\/pl\/produkt\/lt1179s-fashionable-designer-wholesale-sunglasses-vendors-manufacturers\/","title":{"rendered":"LT1179S - Modny projektant hurtowych producent\u00f3w okular\u00f3w przeciws\u0142onecznych"},"content":{"rendered":"<h2>Wysokiej jako\u015bci okulary przeciws\u0142oneczne od najlepszych producent\u00f3w<\/h2>\n<p>Odkryj nasz\u0105 ofert\u0119 okular\u00f3w przeciws\u0142onecznych od najlepszych producent\u00f3w, zapewniaj\u0105cych jako\u015b\u0107 i styl w ka\u017cdej parze. Nasze okulary przeciws\u0142oneczne z octanu s\u0105 tworzone przez do\u015bwiadczonych sprzedawc\u00f3w okular\u00f3w przeciws\u0142onecznych, wykorzystuj\u0105cych najnowsze trendy, aby zapewni\u0107 modne projekty.<\/p>\n<h3>Odwa\u017cne designerskie okulary dla ka\u017cdego stylu<\/h3>\n<p>Oferujemy designerskie okulary, kt\u00f3re s\u0105 r\u00f3wnie odwa\u017cne, co stylowe. Nasze okulary przeciws\u0142oneczne to nie tylko akcesoria, to wyraz twarzy. Od klasycznych po wsp\u00f3\u0142czesne style, nasz wyb\u00f3r zaspokaja niezliczone gusta. Niezale\u017cnie od tego, czy wolisz elegancki, minimalistyczny wygl\u0105d, czy \u017cywy, przyci\u0105gaj\u0105cy wzrok design, nasza kolekcja okular\u00f3w przeciws\u0142onecznych nie zawiedzie.<\/p>\n<h2>Hurtowi sprzedawcy okular\u00f3w przeciws\u0142onecznych: Jako\u015b\u0107 i przyst\u0119pna cena<\/h2>\n<p>Jeste\u015bmy hurtowymi sprzedawcami okular\u00f3w przeciws\u0142onecznych, zaanga\u017cowanymi w dostarczanie wysokiej jako\u015bci designerskich okular\u00f3w w przyst\u0119pnych cenach. Nasze okulary przeciws\u0142oneczne z octanu s\u0105 nie tylko modne, ale tak\u017ce trwa\u0142e, co czyni je godn\u0105 inwestycj\u0105.<\/p>\n<h3>Nowe, modne wzory od producent\u00f3w okular\u00f3w przeciws\u0142onecznych<\/h3>\n<p>Nasi producenci okular\u00f3w przeciws\u0142onecznych nieustannie wprowadzaj\u0105 innowacje, aby zapewni\u0107 najnowsze trendy w okularach. Od unikalnych oprawek po innowacyjn\u0105 technologi\u0119 soczewek, nasze nowe kolekcje s\u0105 zaprojektowane tak, aby imponowa\u0107. Ka\u017cda para oferowanych przez nas okular\u00f3w przeciws\u0142onecznych to po\u0142\u0105czenie komfortu, stylu i ochrony.<\/p>\n<h2>Okulary przeciws\u0142oneczne luzem: Stosunek jako\u015bci do ceny<\/h2>\n<p>Jako hurtownicy okular\u00f3w przeciws\u0142onecznych rozumiemy, jak wa\u017cny jest stosunek jako\u015bci do ceny. Dlatego oferujemy hurtowe opcje okular\u00f3w przeciws\u0142onecznych, oferuj\u0105c wi\u0119ksze oszcz\u0119dno\u015bci dla os\u00f3b kupuj\u0105cych w du\u017cych ilo\u015bciach. Niezale\u017cnie od tego, czy jeste\u015b sprzedawc\u0105 detalicznym, czy entuzjast\u0105 mody, nasze hurtowe opcje okular\u00f3w przeciws\u0142onecznych s\u0105 dla Ciebie idealne.<\/p>","protected":false},"excerpt":{"rendered":"<p>Poznaj nasz\u0105 ofert\u0119 wysokiej jako\u015bci okular\u00f3w przeciws\u0142onecznych od najlepszych producent\u00f3w. Nasze odwa\u017cne designerskie okulary, wykonane z wytrzyma\u0142ego acetatu, s\u0105 dost\u0119pne w wielu modnych wzorach. Jako wiod\u0105cy sprzedawca okular\u00f3w przeciws\u0142onecznych oferujemy opcje hurtowe i ceny hurtowe, zapewniaj\u0105c stosunek jako\u015bci do ceny bez uszczerbku dla stylu<\/p>","protected":false},"featured_media":1896,"comment_status":"closed","ping_status":"closed","template":"","meta":[],"product_cat":[51,41],"product_tag":[66,67],"class_list":{"0":"post-1895","1":"product","2":"type-product","3":"status-publish","4":"has-post-thumbnail","6":"product_cat-acetate-sunglasses","7":"product_cat-sunglasses","8":"product_tag-acetate-sunglasses","9":"product_tag-sunglasses","11":"first","12":"instock","13":"shipping-taxable","14":"product-type-simple"},"_links":{"self":[{"href":"https:\/\/www.joysee-optical.com\/pl\/wp-json\/wp\/v2\/product\/1895","targetHints":{"allow":["GET"]}}],"collection":[{"href":"https:\/\/www.joysee-optical.com\/pl\/wp-json\/wp\/v2\/product"}],"about":[{"href":"https:\/\/www.joysee-optical.com\/pl\/wp-json\/wp\/v2\/types\/product"}],"replies":[{"embeddable":true,"href":"https:\/\/www.joysee-optical.com\/pl\/wp-json\/wp\/v2\/comments?post=1895"}],"wp:featuredmedia":[{"embeddable":true,"href":"https:\/\/www.joysee-optical.com\/pl\/wp-json\/wp\/v2\/media\/1896"}],"wp:attachment":[{"href":"https:\/\/www.joysee-optical.com\/pl\/wp-json\/wp\/v2\/media?parent=1895"}],"wp:term":[{"taxonomy":"product_cat","embeddable":true,"href":"https:\/\/www.joysee-optical.com\/pl\/wp-json\/wp\/v2\/product_cat?post=1895"},{"taxonomy":"product_tag","embeddable":true,"href":"https:\/\/www.joysee-optical.com\/pl\/wp-json\/wp\/v2\/product_tag?post=1895"}],"curies":[{"name":"wp","href":"https:\/\/api.w.org\/{rel}","templated":true}]}}