{"id":2081,"date":"2024-01-04T16:05:46","date_gmt":"2024-01-04T08:05:46","guid":{"rendered":"https:\/\/www.joysee-optical.com\/?post_type=product&#038;p=2081"},"modified":"2024-01-04T19:43:24","modified_gmt":"2024-01-04T11:43:24","slug":"lt4010s-bulk-high-quality-classic-unisex-wholesale-sunglasses-vendor-factory","status":"publish","type":"product","link":"https:\/\/www.joysee-optical.com\/pl\/produkt\/lt4010s-bulk-high-quality-classic-unisex-wholesale-sunglasses-vendor-factory\/","title":{"rendered":"LT4010S - Hurtownia wysokiej jako\u015bci klasycznych okular\u00f3w przeciws\u0142onecznych Unisex"},"content":{"rendered":"<h2>Klasyczne okulary przeciws\u0142oneczne unisex od renomowanego sprzedawcy okular\u00f3w przeciws\u0142onecznych<\/h2>\n<p>Szukasz wiod\u0105cego sprzedawcy okular\u00f3w przeciws\u0142onecznych, kt\u00f3ry oferuje wysokiej jako\u015bci, stylowe i niedrogie okulary? Nasze klasyczne okulary przeciws\u0142oneczne unisex s\u0105 idealne dla ka\u017cdego sprzedawcy detalicznego, kt\u00f3ry chce rozszerzy\u0107 swoje zapasy o okulary przeciws\u0142oneczne luzem. Wykonane z wytrzyma\u0142ego octanu, te okulary przeciws\u0142oneczne zosta\u0142y zaprojektowane z my\u015bl\u0105 o trwa\u0142o\u015bci i ponadczasowym designie, kt\u00f3ry pasuje do ka\u017cdego stylu.<\/p>\n<h3>Hurtownia okular\u00f3w przeciws\u0142onecznych z unikalnymi cechami<\/h3>\n<p>Te okulary przeciws\u0142oneczne nie tylko dobrze wygl\u0105daj\u0105 - s\u0105 r\u00f3wnie\u017c wyposa\u017cone w unikalne funkcje. Ka\u017cda para naszych hurtowych okular\u00f3w przeciws\u0142onecznych jest wyposa\u017cona w soczewki polaryzacyjne, kt\u00f3re chroni\u0105 oczy przed szkodliwym promieniowaniem UV. Wewn\u0119trzny elastyczny zawias zapewnia wygodne dopasowanie dla wszystkich u\u017cytkownik\u00f3w. Ponadto te okulary przeciws\u0142oneczne s\u0105 dost\u0119pne w cenie fabrycznej, oferuj\u0105c bezkonkurencyjn\u0105 warto\u015b\u0107 dla sprzedawc\u00f3w detalicznych.<\/p>\n<h3>Wysokiej jako\u015bci materia\u0142y zapewniaj\u0105ce trwa\u0142o\u015b\u0107 okular\u00f3w<\/h3>\n<p>Wykonane z najwy\u017cszej jako\u015bci acetatu, nasze okulary przeciws\u0142oneczne s\u0105 solidne i trwa\u0142e. Acetat jest znany ze swojej wytrzyma\u0142o\u015bci i trwa\u0142o\u015bci, co czyni go idealnym materia\u0142em na wysokiej jako\u015bci okulary. To w\u0142a\u015bnie dba\u0142o\u015b\u0107 o szczeg\u00f3\u0142y sprawia, \u017ce jeste\u015bmy zaufanym dostawc\u0105 okular\u00f3w przeciws\u0142onecznych dla sprzedawc\u00f3w detalicznych w ca\u0142ym kraju.<\/p>\n<h3>Tw\u00f3j zaufany sprzedawca okular\u00f3w przeciws\u0142onecznych<\/h3>\n<p>Jako wiod\u0105cy sprzedawca okular\u00f3w przeciws\u0142onecznych rozumiemy, jak wa\u017cne jest dostarczanie niezawodnych produkt\u00f3w wysokiej jako\u015bci. Dlatego te\u017c oferujemy okulary przeciws\u0142oneczne luzem w cenach hurtowych, umo\u017cliwiaj\u0105c naszym klientom zaopatrzenie si\u0119 w najwy\u017cszej jako\u015bci okulary bez rozbijania banku.<\/p>","protected":false},"excerpt":{"rendered":"<p>Odkryj idealne po\u0142\u0105czenie stylu i jako\u015bci dzi\u0119ki naszym klasycznym okularom przeciws\u0142onecznym unisex. Jako renomowany sprzedawca okular\u00f3w przeciws\u0142onecznych oferujemy je w cenach hurtowych. Wykonane z wytrzyma\u0142ego octanu z soczewkami polaryzacyjnymi, zosta\u0142y zaprojektowane z my\u015bl\u0105 o komforcie i d\u0142ugowieczno\u015bci.<\/p>","protected":false},"featured_media":2084,"comment_status":"closed","ping_status":"closed","template":"","meta":[],"product_cat":[51,41],"product_tag":[66,67],"class_list":{"0":"post-2081","1":"product","2":"type-product","3":"status-publish","4":"has-post-thumbnail","6":"product_cat-acetate-sunglasses","7":"product_cat-sunglasses","8":"product_tag-acetate-sunglasses","9":"product_tag-sunglasses","11":"first","12":"instock","13":"shipping-taxable","14":"product-type-simple"},"_links":{"self":[{"href":"https:\/\/www.joysee-optical.com\/pl\/wp-json\/wp\/v2\/product\/2081","targetHints":{"allow":["GET"]}}],"collection":[{"href":"https:\/\/www.joysee-optical.com\/pl\/wp-json\/wp\/v2\/product"}],"about":[{"href":"https:\/\/www.joysee-optical.com\/pl\/wp-json\/wp\/v2\/types\/product"}],"replies":[{"embeddable":true,"href":"https:\/\/www.joysee-optical.com\/pl\/wp-json\/wp\/v2\/comments?post=2081"}],"wp:featuredmedia":[{"embeddable":true,"href":"https:\/\/www.joysee-optical.com\/pl\/wp-json\/wp\/v2\/media\/2084"}],"wp:attachment":[{"href":"https:\/\/www.joysee-optical.com\/pl\/wp-json\/wp\/v2\/media?parent=2081"}],"wp:term":[{"taxonomy":"product_cat","embeddable":true,"href":"https:\/\/www.joysee-optical.com\/pl\/wp-json\/wp\/v2\/product_cat?post=2081"},{"taxonomy":"product_tag","embeddable":true,"href":"https:\/\/www.joysee-optical.com\/pl\/wp-json\/wp\/v2\/product_tag?post=2081"}],"curies":[{"name":"wp","href":"https:\/\/api.w.org\/{rel}","templated":true}]}}