{"id":2140,"date":"2024-01-05T14:25:43","date_gmt":"2024-01-05T06:25:43","guid":{"rendered":"https:\/\/www.joysee-optical.com\/?post_type=product&#038;p=2140"},"modified":"2024-01-05T22:56:10","modified_gmt":"2024-01-05T14:56:10","slug":"lt1049-factory-price-female-ladies-womens-optical-frame-glasses-from-trusted-glasses-manufacturers","status":"publish","type":"product","link":"https:\/\/www.joysee-optical.com\/pl\/produkt\/lt1049-factory-price-female-ladies-womens-optical-frame-glasses-from-trusted-glasses-manufacturers\/","title":{"rendered":"LT1049 - Cena fabryczna damskie damskie okulary optyczne z zaufanych producent\u00f3w okular\u00f3w"},"content":{"rendered":"<h2>Wyj\u0105tkowa jako\u015b\u0107 od producent\u00f3w okular\u00f3w<\/h2>\n<p>Odkryj nasze klasyczne okulary unisex z octanu, pochodz\u0105ce bezpo\u015brednio od wiod\u0105cych producent\u00f3w okular\u00f3w. Do\u015bwiadcz idealnego po\u0142\u0105czenia stylu i funkcjonalno\u015bci, dostarczonego przez najlepsz\u0105 hurtowni\u0119 okular\u00f3w.<\/p>\n<h3>Wyrafinowany design i nienaganne funkcje<\/h3>\n<p>Te okulary maj\u0105 klasyczny, unisex design, kt\u00f3ry pasuje ka\u017cdemu. Wykonane z wewn\u0119trznym elastycznym zawiasem i ozdobione eleganckimi metalowymi elementami, okulary te s\u0105 uosobieniem wyrafinowania. Idealne dla kobiet, te okulary podkre\u015blaj\u0105 kobiecy urok, oferuj\u0105c jednocze\u015bnie najwy\u017cszy komfort.<\/p>\n<h3>\u00a0Bezpo\u015brednio z fabryki do klienta<\/h3>\n<p>Jako zaufani hurtownicy okular\u00f3w dostarczamy te najwy\u017cszej jako\u015bci okulary prosto z fabryki, zapewniaj\u0105c najlepsz\u0105 jako\u015b\u0107 w cenach fabrycznych. Jako renomowany sprzedawca okular\u00f3w jeste\u015bmy dumni z oferowania naszym klientom wyj\u0105tkowej warto\u015bci.<\/p>\n<h3>Mo\u017cliwo\u015b\u0107 dostosowania i wszechstronno\u015b\u0107<\/h3>\n<p>Nasze masowe okulary przeciws\u0142oneczne, w tym te klasyczne okulary z octanu dla kobiet, mo\u017cna \u0142atwo dostosowa\u0107 do w\u0142asnych preferencji. Niezale\u017cnie od tego, czy szukasz regulowanych okular\u00f3w do czytania, niebieskich okular\u00f3w blokowych, czy hurtowych modnych okular\u00f3w przeciws\u0142onecznych, mamy dla Ciebie wszystko.<\/p>\n<h3>Idealny na ka\u017cd\u0105 okazj\u0119<\/h3>\n<p>Te okulary s\u0105 uniwersalne i idealne na ka\u017cd\u0105 okazj\u0119. Niezale\u017cnie od tego, czy czytasz, pracujesz przy komputerze, czy wychodzisz na s\u0142o\u0144ce, nasze okulary zapewniaj\u0105 wygod\u0119 i styl. Jako wiod\u0105cy producent okular\u00f3w przeciws\u0142onecznych i hurtownia okular\u00f3w zapewniamy, \u017ce nasze okulary spe\u0142niaj\u0105 Twoje potrzeby.<\/p>\n<h3>Wiod\u0105ca pozycja w bran\u017cy<\/h3>\n<p>B\u0119d\u0105c jedn\u0105 z 10 najlepszych firm produkuj\u0105cych okulary przeciws\u0142oneczne i szanowan\u0105 fabryk\u0105 okular\u00f3w, nasze zaanga\u017cowanie w tworzenie wysokiej jako\u015bci okular\u00f3w jest niezr\u00f3wnane. Nasze okulary to nie tylko akcesoria, ale wyraz Twojego stylu i osobowo\u015bci.<\/p>","protected":false},"excerpt":{"rendered":"<p>Odkryj nasze klasyczne okulary octanowe unisex, idealne po\u0142\u0105czenie stylu i funkcjonalno\u015bci od zaufanych producent\u00f3w okular\u00f3w. Dzi\u0119ki wewn\u0119trznemu elastycznemu zawiasowi, eleganckim metalowym elementom i fabrycznym cenom, okulary te s\u0105 idealne na ka\u017cd\u0105 okazj\u0119. Konfigurowalne i wszechstronne, nasze okulary spe\u0142niaj\u0105 Twoje potrzeby<\/p>","protected":false},"featured_media":2149,"comment_status":"closed","ping_status":"closed","template":"","meta":[],"product_cat":[47,40],"product_tag":[46,65],"class_list":{"0":"post-2140","1":"product","2":"type-product","3":"status-publish","4":"has-post-thumbnail","6":"product_cat-acetate-eyeglasses","7":"product_cat-optical-frames","8":"product_tag-acetate","9":"product_tag-optical-frames","11":"first","12":"instock","13":"shipping-taxable","14":"product-type-simple"},"_links":{"self":[{"href":"https:\/\/www.joysee-optical.com\/pl\/wp-json\/wp\/v2\/product\/2140","targetHints":{"allow":["GET"]}}],"collection":[{"href":"https:\/\/www.joysee-optical.com\/pl\/wp-json\/wp\/v2\/product"}],"about":[{"href":"https:\/\/www.joysee-optical.com\/pl\/wp-json\/wp\/v2\/types\/product"}],"replies":[{"embeddable":true,"href":"https:\/\/www.joysee-optical.com\/pl\/wp-json\/wp\/v2\/comments?post=2140"}],"wp:featuredmedia":[{"embeddable":true,"href":"https:\/\/www.joysee-optical.com\/pl\/wp-json\/wp\/v2\/media\/2149"}],"wp:attachment":[{"href":"https:\/\/www.joysee-optical.com\/pl\/wp-json\/wp\/v2\/media?parent=2140"}],"wp:term":[{"taxonomy":"product_cat","embeddable":true,"href":"https:\/\/www.joysee-optical.com\/pl\/wp-json\/wp\/v2\/product_cat?post=2140"},{"taxonomy":"product_tag","embeddable":true,"href":"https:\/\/www.joysee-optical.com\/pl\/wp-json\/wp\/v2\/product_tag?post=2140"}],"curies":[{"name":"wp","href":"https:\/\/api.w.org\/{rel}","templated":true}]}}