{"id":1895,"date":"2024-01-04T10:09:37","date_gmt":"2024-01-04T02:09:37","guid":{"rendered":"https:\/\/www.joysee-optical.com\/?post_type=product&#038;p=1895"},"modified":"2024-01-04T19:37:01","modified_gmt":"2024-01-04T11:37:01","slug":"lt1179s-fashionable-designer-wholesale-sunglasses-vendors-manufacturers","status":"publish","type":"product","link":"https:\/\/www.joysee-optical.com\/pt\/produto\/lt1179s-fashionable-designer-wholesale-sunglasses-vendors-manufacturers\/","title":{"rendered":"LT1179S-Fashionable Designer Wholesale Sunglasses Vendors Manufacturers"},"content":{"rendered":"<h2>\u00d3culos de sol de qualidade dos principais fabricantes<\/h2>\n<p>Descubra a nossa gama de \u00f3culos de sol de fabricantes de topo, que oferecem qualidade e estilo em cada par. Os nossos \u00f3culos de sol de acetato s\u00e3o fabricados por vendedores de \u00f3culos de sol especializados, que utilizam as \u00faltimas tend\u00eancias para lhe oferecer designs modernos.<\/p>\n<h3>\u00d3culos de design arrojado para todos os estilos<\/h3>\n<p>Oferecemos \u00f3culos de design que s\u00e3o t\u00e3o arrojados quanto elegantes. Os nossos \u00f3culos de sol n\u00e3o s\u00e3o apenas acess\u00f3rios, s\u00e3o uma afirma\u00e7\u00e3o. Do estilo cl\u00e1ssico ao contempor\u00e2neo, a nossa sele\u00e7\u00e3o satisfaz uma mir\u00edade de gostos. Quer prefira um visual elegante e minimalista ou um design vibrante e apelativo, a nossa cole\u00e7\u00e3o de \u00f3culos de sol n\u00e3o o vai desiludir.<\/p>\n<h2>Fornecedores grossistas de \u00f3culos de sol: Qualidade e acessibilidade<\/h2>\n<p>Somos vendedores grossistas de \u00f3culos de sol, empenhados em fornecer \u00f3culos de design de alta qualidade a pre\u00e7os acess\u00edveis. Os nossos \u00f3culos de sol de acetato n\u00e3o s\u00f3 est\u00e3o na moda como tamb\u00e9m s\u00e3o duradouros, o que faz deles um investimento que vale a pena.<\/p>\n<h3>Designs novos e modernos dos fabricantes de \u00f3culos de sol<\/h3>\n<p>Os nossos fabricantes de \u00f3culos de sol inovam constantemente para lhe trazer as \u00faltimas tend\u00eancias em mat\u00e9ria de \u00f3culos. Desde arma\u00e7\u00f5es \u00fanicas a tecnologia inovadora de lentes, as nossas novas colec\u00e7\u00f5es s\u00e3o concebidas para impressionar. Cada par de \u00f3culos de sol que oferecemos \u00e9 uma mistura de conforto, estilo e prote\u00e7\u00e3o.<\/p>\n<h2>\u00d3culos de sol a granel: Rela\u00e7\u00e3o qualidade\/pre\u00e7o<\/h2>\n<p>Como grossistas de \u00f3culos de sol, compreendemos a import\u00e2ncia da rela\u00e7\u00e3o qualidade\/pre\u00e7o. \u00c9 por isso que oferecemos op\u00e7\u00f5es de \u00f3culos de sol a granel, proporcionando maiores poupan\u00e7as para quem compra em grandes quantidades. Quer seja um retalhista ou um entusiasta da moda, as nossas op\u00e7\u00f5es de \u00f3culos de sol por grosso s\u00e3o perfeitas para si.<\/p>","protected":false},"excerpt":{"rendered":"<p>Explore a nossa gama de \u00f3culos de sol de qualidade dos melhores fabricantes. Os nossos \u00f3culos de design arrojado, fabricados em acetato dur\u00e1vel, est\u00e3o dispon\u00edveis numa variedade de designs modernos. Como fornecedor l\u00edder de \u00f3culos de sol, oferecemos op\u00e7\u00f5es a granel e pre\u00e7os por grosso, proporcionando uma boa rela\u00e7\u00e3o qualidade\/pre\u00e7o sem comprometer o estilo<\/p>","protected":false},"featured_media":1896,"comment_status":"closed","ping_status":"closed","template":"","meta":[],"product_cat":[51,41],"product_tag":[66,67],"class_list":{"0":"post-1895","1":"product","2":"type-product","3":"status-publish","4":"has-post-thumbnail","6":"product_cat-acetate-sunglasses","7":"product_cat-sunglasses","8":"product_tag-acetate-sunglasses","9":"product_tag-sunglasses","11":"first","12":"instock","13":"shipping-taxable","14":"product-type-simple"},"_links":{"self":[{"href":"https:\/\/www.joysee-optical.com\/pt\/wp-json\/wp\/v2\/product\/1895","targetHints":{"allow":["GET"]}}],"collection":[{"href":"https:\/\/www.joysee-optical.com\/pt\/wp-json\/wp\/v2\/product"}],"about":[{"href":"https:\/\/www.joysee-optical.com\/pt\/wp-json\/wp\/v2\/types\/product"}],"replies":[{"embeddable":true,"href":"https:\/\/www.joysee-optical.com\/pt\/wp-json\/wp\/v2\/comments?post=1895"}],"wp:featuredmedia":[{"embeddable":true,"href":"https:\/\/www.joysee-optical.com\/pt\/wp-json\/wp\/v2\/media\/1896"}],"wp:attachment":[{"href":"https:\/\/www.joysee-optical.com\/pt\/wp-json\/wp\/v2\/media?parent=1895"}],"wp:term":[{"taxonomy":"product_cat","embeddable":true,"href":"https:\/\/www.joysee-optical.com\/pt\/wp-json\/wp\/v2\/product_cat?post=1895"},{"taxonomy":"product_tag","embeddable":true,"href":"https:\/\/www.joysee-optical.com\/pt\/wp-json\/wp\/v2\/product_tag?post=1895"}],"curies":[{"name":"wp","href":"https:\/\/api.w.org\/{rel}","templated":true}]}}