{"id":1918,"date":"2024-01-04T10:54:19","date_gmt":"2024-01-04T02:54:19","guid":{"rendered":"https:\/\/www.joysee-optical.com\/?post_type=product&#038;p=1918"},"modified":"2024-01-04T19:37:43","modified_gmt":"2024-01-04T11:37:43","slug":"lt4003s-source-unisex-polarized-sunglasses-here-china-sunglasses-manufacturer","status":"publish","type":"product","link":"https:\/\/www.joysee-optical.com\/pt\/produto\/lt4003s-source-unisex-polarized-sunglasses-here-china-sunglasses-manufacturer\/","title":{"rendered":"LT4003S- \u00d3culos de sol polarizados unissex de origem aqui China \u00d3culos de sol Fabricante"},"content":{"rendered":"<p>Bem-vindo \u00e0 nossa empresa, um importante fabricante de \u00f3culos de sol na China, especializado em \u00f3culos de sol personalizados de alta qualidade. Orgulhamo-nos de produzir \u00f3culos de sol cl\u00e1ssicos e unissexo fabricados em acetato de qualidade superior, uma carater\u00edstica que nos distingue de outras f\u00e1bricas de \u00f3culos de sol.<\/p>\n<h2>Descubra a nossa gama de \u00f3culos de sol cl\u00e1ssicos<\/h2>\n<p>Os nossos \u00f3culos de sol ostentam designs intemporais e unissexo que apelam a um vasto grupo demogr\u00e1fico. Como fabricante de \u00f3culos de sol de renome e grossista de \u00f3culos, garantimos que os nossos produtos reflectem um estilo e sofistica\u00e7\u00e3o duradouros.<\/p>\n<h3>Detalhe excecional<\/h3>\n<p>Os \u00f3culos de sol que produzimos possuem dobradi\u00e7as flex\u00edveis internas, oferecendo uma durabilidade superior. Os nossos modelos tamb\u00e9m incorporam lentes polarizadas, proporcionando a m\u00e1xima prote\u00e7\u00e3o contra os raios UV nocivos.<\/p>\n<h2>Os seus fabricantes de \u00f3culos de sol personalizados<\/h2>\n<p>Para al\u00e9m de sermos um fabricante de \u00f3culos de sol de confian\u00e7a, tamb\u00e9m atendemos a pedidos personalizados. Quer seja um vendedor de \u00f3culos de sol ou uma empresa de \u00f3culos que pretenda expandir a sua linha de produtos, n\u00f3s tratamos de si. A nossa equipa de artes\u00e3os qualificados trabalhar\u00e1 em estreita colabora\u00e7\u00e3o consigo para dar vida \u00e0 sua vis\u00e3o.<\/p>\n<h3>Encomenda de \u00f3culos de sol a granel<\/h3>\n<p>Oferecemos tamb\u00e9m extensas op\u00e7\u00f5es de \u00f3culos de sol a granel, tornando-nos o fornecedor de \u00f3culos de sol para crian\u00e7as e de \u00f3culos de sol por grosso.<\/p>\n<h2>Fabricante de \u00f3culos de sol na China: Materiais de Acetato<\/h2>\n<p>Utilizamos acetato, um material topo de gama popular entre as 10 principais empresas de \u00f3culos de sol. Oferece uma durabilidade inigual\u00e1vel, tornando os nossos \u00f3culos de sol inquebr\u00e1veis para leitura. Al\u00e9m disso, o acetato permite op\u00e7\u00f5es de cores vibrantes, perfeitas para quem procura \u00f3culos de sol divertidos.<\/p>\n<h3>\u00d3culos de sol por grosso: Qualidade e pre\u00e7o acess\u00edvel<\/h3>\n<p>Como fabricante de \u00f3culos por atacado, garantimos a qualidade dos nossos \u00f3culos sem comprometer a acessibilidade. Somos um grossista de \u00f3culos de sol que acredita em fornecer valor aos nossos clientes, quer estejam \u00e0 procura de \u00f3culos de sol de moda por atacado ou de produtos de f\u00e1brica de \u00f3culos de sol.<\/p>","protected":false},"excerpt":{"rendered":"<p>Como um dos principais fabricantes de \u00f3culos de sol da China, oferecemos \u00f3culos de sol cl\u00e1ssicos, unissexo e personalizados. Fabricados com acetato de alta qualidade, os nossos produtos apresentam dobradi\u00e7as flex\u00edveis internas e lentes polarizadas. Os nossos fabricantes de \u00f3culos de sol personalizados tamb\u00e9m atendem a encomendas em massa. Escolha-nos para obter \u00f3culos de sol duradouros, elegantes e econ\u00f3micos.<\/p>","protected":false},"featured_media":1919,"comment_status":"closed","ping_status":"closed","template":"","meta":[],"product_cat":[51,41],"product_tag":[66,67],"class_list":{"0":"post-1918","1":"product","2":"type-product","3":"status-publish","4":"has-post-thumbnail","6":"product_cat-acetate-sunglasses","7":"product_cat-sunglasses","8":"product_tag-acetate-sunglasses","9":"product_tag-sunglasses","11":"first","12":"instock","13":"shipping-taxable","14":"product-type-simple"},"_links":{"self":[{"href":"https:\/\/www.joysee-optical.com\/pt\/wp-json\/wp\/v2\/product\/1918","targetHints":{"allow":["GET"]}}],"collection":[{"href":"https:\/\/www.joysee-optical.com\/pt\/wp-json\/wp\/v2\/product"}],"about":[{"href":"https:\/\/www.joysee-optical.com\/pt\/wp-json\/wp\/v2\/types\/product"}],"replies":[{"embeddable":true,"href":"https:\/\/www.joysee-optical.com\/pt\/wp-json\/wp\/v2\/comments?post=1918"}],"wp:featuredmedia":[{"embeddable":true,"href":"https:\/\/www.joysee-optical.com\/pt\/wp-json\/wp\/v2\/media\/1919"}],"wp:attachment":[{"href":"https:\/\/www.joysee-optical.com\/pt\/wp-json\/wp\/v2\/media?parent=1918"}],"wp:term":[{"taxonomy":"product_cat","embeddable":true,"href":"https:\/\/www.joysee-optical.com\/pt\/wp-json\/wp\/v2\/product_cat?post=1918"},{"taxonomy":"product_tag","embeddable":true,"href":"https:\/\/www.joysee-optical.com\/pt\/wp-json\/wp\/v2\/product_tag?post=1918"}],"curies":[{"name":"wp","href":"https:\/\/api.w.org\/{rel}","templated":true}]}}