{"id":1961,"date":"2024-01-04T11:57:42","date_gmt":"2024-01-04T03:57:42","guid":{"rendered":"https:\/\/www.joysee-optical.com\/?post_type=product&#038;p=1961"},"modified":"2024-01-04T19:40:21","modified_gmt":"2024-01-04T11:40:21","slug":"lt4005s-classic-unisex-polarized-lenses-china-custom-premier-sunglasses-factory","status":"publish","type":"product","link":"https:\/\/www.joysee-optical.com\/pt\/produto\/lt4005s-classic-unisex-polarized-lenses-china-custom-premier-sunglasses-factory\/","title":{"rendered":"LT4005S- Lentes Polarizadas Unissex Cl\u00e1ssicas F\u00e1brica de \u00d3culos de Sol Premier Personalizados da China"},"content":{"rendered":"<h2>\u00d3culos de sol cl\u00e1ssicos unissexo: Um produto da Premier Sunglasses Factory<\/h2>\n<p>Experimente a qualidade de topo e o design deslumbrante dos nossos \u00f3culos de sol unissexo cl\u00e1ssicos. Este produto n\u00e3o \u00e9 apenas uma afirma\u00e7\u00e3o de moda, mas tamb\u00e9m uma prote\u00e7\u00e3o ocular fi\u00e1vel. Fabricados pelas m\u00e3os de artes\u00e3os especializados na nossa f\u00e1brica de \u00f3culos de sol de primeira classe, garantimos que cada par acrescenta sofistica\u00e7\u00e3o ao seu estilo.<\/p>\n<h3>Fabricante de \u00f3culos de sol na China: Excel\u00eancia em cada pe\u00e7a<\/h3>\n<p>Como fabricante l\u00edder de \u00f3culos de sol na China, orgulhamo-nos de criar \u00f3culos que combinam funcionalidade, durabilidade e moda. Os nossos \u00f3culos de sol s\u00e3o feitos de material de acetato de alta qualidade, garantindo um ajuste confort\u00e1vel e uma utiliza\u00e7\u00e3o duradoura.<\/p>\n<h2>Carater\u00edsticas que se destacam<\/h2>\n<p>Os nossos \u00f3culos de sol s\u00e3o fornecidos com uma dobradi\u00e7a interna flex\u00edvel e lentes polarizadas. A dobradi\u00e7a flex\u00edvel assegura um ajuste perfeito, enquanto as lentes polarizadas protegem os seus olhos dos raios UV nocivos. Quer esteja a conduzir, a fazer caminhadas ou apenas a desfrutar de um dia de sol, estes \u00f3culos de sol s\u00e3o a sua companhia perfeita.<\/p>\n<h3>\u00d3culos de sol por atacado: Qualidade a um pre\u00e7o imbat\u00edvel<\/h3>\n<p>Para quem procura uma compra a granel, os nossos \u00f3culos de sol tamb\u00e9m est\u00e3o dispon\u00edveis para venda por grosso. Somos um fornecedor reconhecido de \u00f3culos de sol, fornecendo \u00f3culos de sol de alta qualidade a pre\u00e7os imbat\u00edveis. Quando se trata de \u00f3culos por atacado, somos o nome de confian\u00e7a.<\/p>\n<h2>\u00d3culos de sol personalizados: O seu design, o nosso trabalho artesanal<\/h2>\n<p>Oferecemos servi\u00e7os de \u00f3culos de sol personalizados, adaptados \u00e0s suas especifica\u00e7\u00f5es. Como uma empresa de \u00f3culos de confian\u00e7a, transformamos a sua vis\u00e3o em realidade.<\/p>\n<h3>Arma\u00e7\u00e3o \u00f3tica: Concebida para o conforto<\/h3>\n<p>Os nossos \u00f3culos de sol t\u00eam uma arma\u00e7\u00e3o \u00f3tica. Este design garante um ajuste confort\u00e1vel e melhora o aspeto geral dos \u00f3culos de sol.<\/p>\n<h2>F\u00e1brica de \u00f3culos de sol Outlet: Confian\u00e7a em cada compra<\/h2>\n<p>Compre-nos e desfrute das vantagens de comprar diretamente \u00e0 f\u00e1brica. Garantimos a qualidade dos nossos produtos e prestamos um servi\u00e7o superior ao cliente.<\/p>\n<h3>The Sunglass Company: O seu grossista de \u00f3culos de confian\u00e7a<\/h3>\n<p>Como grossista de \u00f3culos de confian\u00e7a, estamos empenhados em fornecer produtos de alta qualidade a pre\u00e7os grossistas. Somos reconhecidos como uma das 10 maiores empresas de \u00f3culos de sol do mundo.<\/p>","protected":false},"excerpt":{"rendered":"<p>Experimente os \u00f3culos de sol unisexo de alta qualidade de uma f\u00e1brica de \u00f3culos de sol de primeira linha. Como fabricante l\u00edder de \u00f3culos de sol na China, fabricamos \u00f3culos de sol com lentes polarizadas, dobradi\u00e7as flex\u00edveis internas e arma\u00e7\u00f5es de acetato confort\u00e1veis e duradouras. Perfeitos para todas as ocasi\u00f5es. Dispon\u00edvel para compra a granel<\/p>","protected":false},"featured_media":1962,"comment_status":"closed","ping_status":"closed","template":"","meta":[],"product_cat":[51,41],"product_tag":[66,67],"class_list":{"0":"post-1961","1":"product","2":"type-product","3":"status-publish","4":"has-post-thumbnail","6":"product_cat-acetate-sunglasses","7":"product_cat-sunglasses","8":"product_tag-acetate-sunglasses","9":"product_tag-sunglasses","11":"first","12":"instock","13":"shipping-taxable","14":"product-type-simple"},"_links":{"self":[{"href":"https:\/\/www.joysee-optical.com\/pt\/wp-json\/wp\/v2\/product\/1961","targetHints":{"allow":["GET"]}}],"collection":[{"href":"https:\/\/www.joysee-optical.com\/pt\/wp-json\/wp\/v2\/product"}],"about":[{"href":"https:\/\/www.joysee-optical.com\/pt\/wp-json\/wp\/v2\/types\/product"}],"replies":[{"embeddable":true,"href":"https:\/\/www.joysee-optical.com\/pt\/wp-json\/wp\/v2\/comments?post=1961"}],"wp:featuredmedia":[{"embeddable":true,"href":"https:\/\/www.joysee-optical.com\/pt\/wp-json\/wp\/v2\/media\/1962"}],"wp:attachment":[{"href":"https:\/\/www.joysee-optical.com\/pt\/wp-json\/wp\/v2\/media?parent=1961"}],"wp:term":[{"taxonomy":"product_cat","embeddable":true,"href":"https:\/\/www.joysee-optical.com\/pt\/wp-json\/wp\/v2\/product_cat?post=1961"},{"taxonomy":"product_tag","embeddable":true,"href":"https:\/\/www.joysee-optical.com\/pt\/wp-json\/wp\/v2\/product_tag?post=1961"}],"curies":[{"name":"wp","href":"https:\/\/api.w.org\/{rel}","templated":true}]}}