{"id":1973,"date":"2024-01-04T14:13:18","date_gmt":"2024-01-04T06:13:18","guid":{"rendered":"https:\/\/www.joysee-optical.com\/?post_type=product&#038;p=1973"},"modified":"2024-01-04T19:40:40","modified_gmt":"2024-01-04T11:40:40","slug":"lt4006-whoesale-high-quality-classic-unisex-acetate-frames-glasses-vendor-factory","status":"publish","type":"product","link":"https:\/\/www.joysee-optical.com\/pt\/produto\/lt4006-whoesale-high-quality-classic-unisex-acetate-frames-glasses-vendor-factory\/","title":{"rendered":"LT4006- Whoesale F\u00e1brica de \u00d3culos de Acetato Cl\u00e1ssicos Unissexo de Alta Qualidade"},"content":{"rendered":"<h2>Introdu\u00e7\u00e3o aos nossos \u00f3culos de acetato cl\u00e1ssicos unissexo<\/h2>\n<p>Enquanto fornecedor l\u00edder de \u00f3culos, orgulhamo-nos de oferecer \u00f3culos de alta qualidade e com estilo, adaptados \u00e0s necessidades de cada indiv\u00edduo. Os nossos \u00f3culos de acetato cl\u00e1ssicos unissexo s\u00e3o fabricados com os melhores materiais e concebidos com uma dobradi\u00e7a interna flex\u00edvel, o que os torna uma escolha popular entre as f\u00e1bricas de \u00f3culos.<\/p>\n<h3>Carater\u00edsticas dos nossos \u00f3culos<\/h3>\n<p>Os nossos \u00f3culos unissexo s\u00e3o uma combina\u00e7\u00e3o perfeita de estilo e conforto. S\u00e3o fabricados em acetato dur\u00e1vel, garantindo uma maior durabilidade e resist\u00eancia \u00e0 quebra. Al\u00e9m disso, a dobradi\u00e7a interna flex\u00edvel oferece versatilidade, facilitando o ajuste da arma\u00e7\u00e3o para um ajuste perfeito.<\/p>\n<h3>Porqu\u00ea escolher-nos como o seu fornecedor de \u00f3culos?<\/h3>\n<p>A nossa reputa\u00e7\u00e3o como um vendedor de \u00f3culos fi\u00e1vel foi constru\u00edda com base no nosso compromisso com a qualidade e a satisfa\u00e7\u00e3o do cliente. Trabalhamos em estreita colabora\u00e7\u00e3o com f\u00e1bricas de \u00f3culos e fabricantes de \u00f3culos para garantir que fornecemos apenas os melhores produtos aos nossos clientes.<\/p>\n<h3>O nosso compromisso com a qualidade<\/h3>\n<p>Compreendemos a import\u00e2ncia de \u00f3culos de qualidade superior. \u00c9 por isso que, como fabricante de \u00f3culos de confian\u00e7a, garantimos que os nossos \u00f3culos s\u00e3o submetidos a rigorosos controlos de qualidade antes de estarem prontos para venda.<\/p>\n<h2>Excelentes oportunidades de venda por grosso<\/h2>\n<p>Enquanto fornecedor de \u00f3culos de renome, oferecemos excelentes oportunidades de venda por grosso aos retalhistas. Os nossos \u00f3culos de acetato est\u00e3o dispon\u00edveis a granel a pre\u00e7os competitivos. N\u00e3o somos apenas um fornecedor, mas um parceiro empenhado em fazer crescer o seu neg\u00f3cio.<\/p>\n<h3>Servi\u00e7o de \u00f3culos personalizados<\/h3>\n<p>Para al\u00e9m dos nossos \u00f3culos prontos a usar, oferecemos um servi\u00e7o de \u00f3culos personalizados. Os clientes podem personalizar as suas arma\u00e7\u00f5es, garantindo que recebem um produto verdadeiramente \u00fanico.<\/p>","protected":false},"excerpt":{"rendered":"<p>Descubra os nossos \u00f3culos de acetato cl\u00e1ssicos unissexo de alta qualidade de um dos principais vendedores de \u00f3culos. Fabricadas com materiais dur\u00e1veis, estas arma\u00e7\u00f5es s\u00e3o uma mistura perfeita de estilo e conforto. Fa\u00e7a parceria connosco para excelentes oportunidades de venda por grosso e fa\u00e7a crescer o seu neg\u00f3cio com a nossa gama de \u00f3culos.<\/p>","protected":false},"featured_media":1982,"comment_status":"closed","ping_status":"closed","template":"","meta":[],"product_cat":[47,40],"product_tag":[46,65],"class_list":{"0":"post-1973","1":"product","2":"type-product","3":"status-publish","4":"has-post-thumbnail","6":"product_cat-acetate-eyeglasses","7":"product_cat-optical-frames","8":"product_tag-acetate","9":"product_tag-optical-frames","11":"first","12":"instock","13":"shipping-taxable","14":"product-type-simple"},"_links":{"self":[{"href":"https:\/\/www.joysee-optical.com\/pt\/wp-json\/wp\/v2\/product\/1973","targetHints":{"allow":["GET"]}}],"collection":[{"href":"https:\/\/www.joysee-optical.com\/pt\/wp-json\/wp\/v2\/product"}],"about":[{"href":"https:\/\/www.joysee-optical.com\/pt\/wp-json\/wp\/v2\/types\/product"}],"replies":[{"embeddable":true,"href":"https:\/\/www.joysee-optical.com\/pt\/wp-json\/wp\/v2\/comments?post=1973"}],"wp:featuredmedia":[{"embeddable":true,"href":"https:\/\/www.joysee-optical.com\/pt\/wp-json\/wp\/v2\/media\/1982"}],"wp:attachment":[{"href":"https:\/\/www.joysee-optical.com\/pt\/wp-json\/wp\/v2\/media?parent=1973"}],"wp:term":[{"taxonomy":"product_cat","embeddable":true,"href":"https:\/\/www.joysee-optical.com\/pt\/wp-json\/wp\/v2\/product_cat?post=1973"},{"taxonomy":"product_tag","embeddable":true,"href":"https:\/\/www.joysee-optical.com\/pt\/wp-json\/wp\/v2\/product_tag?post=1973"}],"curies":[{"name":"wp","href":"https:\/\/api.w.org\/{rel}","templated":true}]}}