{"id":1984,"date":"2024-01-04T14:16:15","date_gmt":"2024-01-04T06:16:15","guid":{"rendered":"https:\/\/www.joysee-optical.com\/?post_type=product&#038;p=1984"},"modified":"2024-01-04T19:40:01","modified_gmt":"2024-01-04T11:40:01","slug":"lt4006s-polarized-lenses-classic-acetate-unisex-china-sunglasses-manufacturer-factory-price","status":"publish","type":"product","link":"https:\/\/www.joysee-optical.com\/pt\/produto\/lt4006s-polarized-lenses-classic-acetate-unisex-china-sunglasses-manufacturer-factory-price\/","title":{"rendered":"LT4006S - Lentes Polarizadas Cl\u00e1ssicas Acetato Unisex China \u00d3culos de Sol Fabricante Pre\u00e7o de F\u00e1brica"},"content":{"rendered":"<h2>\u00d3culos de sol de qualidade superior de fabricantes de \u00f3culos de sol de confian\u00e7a<\/h2>\n<h3>O design cl\u00e1ssico unissexo encontra a funcionalidade moderna<\/h3>\n<p>Quando se trata de \u00f3culos, poucos produtos conseguem igualar o estilo e o car\u00e1cter pr\u00e1tico dos nossos \u00f3culos de sol cl\u00e1ssicos unissexo em acetato. Com um design intemporal, estes \u00f3culos de sol s\u00e3o perfeitos para homens e mulheres, tornando-os no derradeiro acess\u00f3rio de moda.<\/p>\n<h3>Materiais superiores para um conforto e durabilidade inigual\u00e1veis<\/h3>\n<p>Como um dos principais vendedores de \u00f3culos de sol, orgulhamo-nos de utilizar apenas materiais da mais alta qualidade nos nossos produtos. Estes \u00f3culos de sol apresentam arma\u00e7\u00f5es feitas de acetato de primeira qualidade, conhecido pela sua durabilidade, leveza e propriedades hipoalerg\u00e9nicas.<\/p>\n<h2>Lentes polarizadas para uma prote\u00e7\u00e3o \u00f3ptima da vis\u00e3o<\/h2>\n<h3>Bloqueia os raios UV nocivos<\/h3>\n<p>Os nossos \u00f3culos de sol n\u00e3o s\u00f3 lhe d\u00e3o um bom aspeto, como tamb\u00e9m protegem os seus olhos. Equipados com lentes polarizadas, os nossos \u00f3culos de sol bloqueiam os raios UV nocivos, reduzindo o encandeamento e evitando a fadiga ocular.<\/p>\n<h2>\u00d3culos de sol por atacado a pre\u00e7os diretos de f\u00e1brica<\/h2>\n<h3>Valor excecional para compradores a granel e retalhistas<\/h3>\n<p>\u00c9 um retalhista que procura um grossista de \u00f3culos de sol fi\u00e1vel ou um comprador a granel que procura grandes neg\u00f3cios? Como fabricante de \u00f3culos de sol de confian\u00e7a na China, oferecemos pre\u00e7os diretos de f\u00e1brica, proporcionando um valor excecional aos nossos clientes.<\/p>\n<h2>Op\u00e7\u00f5es personaliz\u00e1veis para \u00f3culos de sol \u00fanicos<\/h2>\n<h3>Fa\u00e7a com que os seus \u00f3culos de sol se destaquem<\/h3>\n<p>Na nossa f\u00e1brica de \u00f3culos de sol, compreendemos que toda a gente tem prefer\u00eancias de estilo \u00fanicas. \u00c9 por isso que oferecemos op\u00e7\u00f5es personaliz\u00e1veis, permitindo-lhe criar \u00f3culos que reflectem verdadeiramente o seu estilo pessoal.<\/p>\n<h2>A empresa de \u00f3culos de sol em que pode confiar<\/h2>\n<h3>Um fornecedor de \u00f3culos de sol com anos de experi\u00eancia<\/h3>\n<p>Com anos de experi\u00eancia no fabrico de \u00f3culos de sol, estabelecemo-nos como uma das 10 maiores empresas de \u00f3culos de sol a n\u00edvel mundial. N\u00e3o somos apenas um grossista de \u00f3culos de sol - somos uma empresa empenhada em fornecer qualidade, estilo e valor<\/p>","protected":false},"excerpt":{"rendered":"<p>Descubra o m\u00e1ximo em estilo e prote\u00e7\u00e3o ocular com os nossos \u00f3culos de sol unissexo cl\u00e1ssicos. Como fabricante l\u00edder de \u00f3culos de sol, oferecemos arma\u00e7\u00f5es de acetato de alta qualidade e lentes polarizadas, garantindo durabilidade e conforto. Quer seja um retalhista \u00e0 procura de \u00f3culos de sol por atacado ou um indiv\u00edduo que gosta de moda, os nossos pre\u00e7os de f\u00e1brica n\u00e3o deixar\u00e3o de impressionar.<\/p>","protected":false},"featured_media":1987,"comment_status":"closed","ping_status":"closed","template":"","meta":[],"product_cat":[51,41],"product_tag":[66,67],"class_list":{"0":"post-1984","1":"product","2":"type-product","3":"status-publish","4":"has-post-thumbnail","6":"product_cat-acetate-sunglasses","7":"product_cat-sunglasses","8":"product_tag-acetate-sunglasses","9":"product_tag-sunglasses","11":"first","12":"instock","13":"shipping-taxable","14":"product-type-simple"},"_links":{"self":[{"href":"https:\/\/www.joysee-optical.com\/pt\/wp-json\/wp\/v2\/product\/1984","targetHints":{"allow":["GET"]}}],"collection":[{"href":"https:\/\/www.joysee-optical.com\/pt\/wp-json\/wp\/v2\/product"}],"about":[{"href":"https:\/\/www.joysee-optical.com\/pt\/wp-json\/wp\/v2\/types\/product"}],"replies":[{"embeddable":true,"href":"https:\/\/www.joysee-optical.com\/pt\/wp-json\/wp\/v2\/comments?post=1984"}],"wp:featuredmedia":[{"embeddable":true,"href":"https:\/\/www.joysee-optical.com\/pt\/wp-json\/wp\/v2\/media\/1987"}],"wp:attachment":[{"href":"https:\/\/www.joysee-optical.com\/pt\/wp-json\/wp\/v2\/media?parent=1984"}],"wp:term":[{"taxonomy":"product_cat","embeddable":true,"href":"https:\/\/www.joysee-optical.com\/pt\/wp-json\/wp\/v2\/product_cat?post=1984"},{"taxonomy":"product_tag","embeddable":true,"href":"https:\/\/www.joysee-optical.com\/pt\/wp-json\/wp\/v2\/product_tag?post=1984"}],"curies":[{"name":"wp","href":"https:\/\/api.w.org\/{rel}","templated":true}]}}