{"id":1995,"date":"2024-01-04T14:36:47","date_gmt":"2024-01-04T06:36:47","guid":{"rendered":"https:\/\/www.joysee-optical.com\/?post_type=product&#038;p=1995"},"modified":"2024-01-04T19:41:08","modified_gmt":"2024-01-04T11:41:08","slug":"lt4007-wholesale-high-quality-eyewear-frames-expert-glasses-frame-manufacturers-factory-price","status":"publish","type":"product","link":"https:\/\/www.joysee-optical.com\/pt\/produto\/lt4007-wholesale-high-quality-eyewear-frames-expert-glasses-frame-manufacturers-factory-price\/","title":{"rendered":"LT4007 - Pre\u00e7o de F\u00e1brica de Arma\u00e7\u00f5es de \u00d3culos de Alta Qualidade para Fabricantes de Arma\u00e7\u00f5es de \u00d3culos"},"content":{"rendered":"<h2>Arma\u00e7\u00f5es de \u00f3culos excepcionais dos fabricantes de arma\u00e7\u00f5es de \u00f3culos mais conceituados<\/h2>\n<p>No mundo das solu\u00e7\u00f5es \u00f3pticas, n\u00f3s, como fabricantes de arma\u00e7\u00f5es de \u00f3culos de renome, estamos na vanguarda. Os nossos \u00f3culos de acetato cl\u00e1ssicos e unissexo s\u00e3o o ep\u00edtome do estilo e do conforto.<\/p>\n<h3>Materiais e design de alta qualidade<\/h3>\n<p>Os nossos \u00f3culos s\u00e3o fabricados em acetato de primeira qualidade, um material conhecido pela sua durabilidade e leveza. Isto torna-os confort\u00e1veis para uma utiliza\u00e7\u00e3o prolongada, quer os utilize para ler ou para estilizar.<\/p>\n<h3>Carater\u00edsticas das nossas arma\u00e7\u00f5es de \u00f3culos<\/h3>\n<p>Como fabricantes l\u00edderes de arma\u00e7\u00f5es de \u00f3culos, concebemos os nossos \u00f3culos a pensar no utilizador. As nossas arma\u00e7\u00f5es n\u00e3o s\u00e3o apenas cl\u00e1ssicas e unissexo, mas tamb\u00e9m apresentam uma dobradi\u00e7a interna flex\u00edvel, tornando-as f\u00e1ceis de usar e remover.<\/p>\n<h3>\u00a0Molduras \u00f3pticas vers\u00e1teis<\/h3>\n<p>Quer se trate de um grossista de \u00f3culos que procura \u00f3culos de sol a granel ou de um fabricante de \u00f3culos de sol que procura arma\u00e7\u00f5es de alta qualidade, os nossos \u00f3culos foram concebidos para responder a v\u00e1rias necessidades.<\/p>\n<h3>\u00a0A f\u00e1brica de \u00f3culos em que pode confiar<\/h3>\n<p>Somos mais do que simples fabricantes de arma\u00e7\u00f5es para \u00f3culos; somos uma f\u00e1brica de \u00f3culos de confian\u00e7a que fornece uma variedade de solu\u00e7\u00f5es para \u00f3culos, desde \u00f3culos de sol por atacado a \u00f3culos personalizados.<\/p>\n<h3>Solu\u00e7\u00f5es de venda grossista de \u00f3culos<\/h3>\n<p>Compreendemos a necessidade de \u00f3culos acess\u00edveis mas de alta qualidade, e \u00e9 por isso que oferecemos \u00f3culos de sol a granel e arma\u00e7\u00f5es de \u00f3culos por grosso. Como grossista de \u00f3culos de confian\u00e7a, prometemos excelente qualidade a pre\u00e7os competitivos.<\/p>\n<h3>Fabricante de \u00f3culos de confian\u00e7a<\/h3>\n<p>A nossa reputa\u00e7\u00e3o como fabricante de \u00f3culos fi\u00e1vel resulta do nosso compromisso com a qualidade e a satisfa\u00e7\u00e3o do cliente. Fabricamos cada par das nossas arma\u00e7\u00f5es de acetato com precis\u00e3o e cuidado, garantindo que cumprem os nossos elevados padr\u00f5es.<\/p>\n<h3>\u00a0\u00d3culos personalizados para personalidades \u00fanicas<\/h3>\n<p>Para quem procura algo \u00fanico, oferecemos \u00f3culos de sol personalizados. Entre em contacto connosco para discutir as suas necessidades espec\u00edficas e obter \u00f3culos personalizados que reflectem verdadeiramente o seu estilo.<\/p>","protected":false},"excerpt":{"rendered":"<p>Descubra arma\u00e7\u00f5es de \u00f3culos de alta qualidade dos fabricantes de arma\u00e7\u00f5es de \u00f3culos mais conceituados. As nossas arma\u00e7\u00f5es de acetato cl\u00e1ssicas e unissexo apresentam uma dobradi\u00e7a interna flex\u00edvel para maior conforto. Quer precise de \u00f3culos de sol por atacado ou de \u00f3culos personalizados, somos o grossista de \u00f3culos de confian\u00e7a e o fabricante de \u00f3culos em que pode confiar<\/p>","protected":false},"featured_media":2000,"comment_status":"closed","ping_status":"closed","template":"","meta":[],"product_cat":[47,40],"product_tag":[46,65],"class_list":{"0":"post-1995","1":"product","2":"type-product","3":"status-publish","4":"has-post-thumbnail","6":"product_cat-acetate-eyeglasses","7":"product_cat-optical-frames","8":"product_tag-acetate","9":"product_tag-optical-frames","11":"first","12":"instock","13":"shipping-taxable","14":"product-type-simple"},"_links":{"self":[{"href":"https:\/\/www.joysee-optical.com\/pt\/wp-json\/wp\/v2\/product\/1995","targetHints":{"allow":["GET"]}}],"collection":[{"href":"https:\/\/www.joysee-optical.com\/pt\/wp-json\/wp\/v2\/product"}],"about":[{"href":"https:\/\/www.joysee-optical.com\/pt\/wp-json\/wp\/v2\/types\/product"}],"replies":[{"embeddable":true,"href":"https:\/\/www.joysee-optical.com\/pt\/wp-json\/wp\/v2\/comments?post=1995"}],"wp:featuredmedia":[{"embeddable":true,"href":"https:\/\/www.joysee-optical.com\/pt\/wp-json\/wp\/v2\/media\/2000"}],"wp:attachment":[{"href":"https:\/\/www.joysee-optical.com\/pt\/wp-json\/wp\/v2\/media?parent=1995"}],"wp:term":[{"taxonomy":"product_cat","embeddable":true,"href":"https:\/\/www.joysee-optical.com\/pt\/wp-json\/wp\/v2\/product_cat?post=1995"},{"taxonomy":"product_tag","embeddable":true,"href":"https:\/\/www.joysee-optical.com\/pt\/wp-json\/wp\/v2\/product_tag?post=1995"}],"curies":[{"name":"wp","href":"https:\/\/api.w.org\/{rel}","templated":true}]}}