{"id":2038,"date":"2024-01-04T15:35:57","date_gmt":"2024-01-04T07:35:57","guid":{"rendered":"https:\/\/www.joysee-optical.com\/?post_type=product&#038;p=2038"},"modified":"2024-01-04T19:42:49","modified_gmt":"2024-01-04T11:42:49","slug":"lt4009-wholesale-classic-unisex-designs-optical-frames-by-custom-eyewear-manufacturers","status":"publish","type":"product","link":"https:\/\/www.joysee-optical.com\/pt\/produto\/lt4009-wholesale-classic-unisex-designs-optical-frames-by-custom-eyewear-manufacturers\/","title":{"rendered":"LT4009 - Venda por grosso de arma\u00e7\u00f5es \u00f3pticas de design cl\u00e1ssico e unissexo por fabricantes de \u00f3culos personalizados"},"content":{"rendered":"<h2>\u00a0Fabricantes de \u00f3culos personalizados - \u00d3culos de acetato unissexo<\/h2>\n<h2>Apresenta\u00e7\u00e3o dos \u00f3culos de acetato unissexo dos fabricantes de \u00f3culos personalizados<\/h2>\n<p>Bem-vindo \u00e0 nossa cole\u00e7\u00e3o de \u00f3culos de acetato unissexo de alta qualidade de fabricantes de \u00f3culos personalizados de confian\u00e7a. Os nossos designs cl\u00e1ssicos e intemporais n\u00e3o s\u00e3o apenas uma afirma\u00e7\u00e3o de moda, mas tamb\u00e9m um testemunho da nossa dedica\u00e7\u00e3o \u00e0 qualidade. Como l\u00edderes no com\u00e9rcio grossista de \u00f3culos, garantimos que os nossos \u00f3culos personalizados s\u00e3o feitos para durar e se adequam a todos os estilos.<\/p>\n<h3>Material e design de alta qualidade<\/h3>\n<p>Fabricados a partir do melhor acetato, estes \u00f3culos possuem uma dobradi\u00e7a interna flex\u00edvel que os torna simultaneamente robustos e confort\u00e1veis de usar. Como parte da nossa gama de arma\u00e7\u00f5es \u00f3pticas, estes \u00f3culos podem ser equipados com lentes de prescri\u00e7\u00e3o, oferecendo estilo e praticidade em medidas iguais.<\/p>\n<h3>\u00d3culos de sol por grosso e muito mais de um grossista de \u00f3culos de topo<\/h3>\n<p>N\u00e3o s\u00f3 somos fabricantes de \u00f3culos personalizados, como tamb\u00e9m somos um grossista de \u00f3culos que oferece uma vasta gama de produtos, incluindo \u00f3culos de sol por atacado, \u00f3culos \u00f3pticos e \u00f3culos de sol para crian\u00e7as a granel. Somos o seu balc\u00e3o \u00fanico para todas as necessidades em mat\u00e9ria de \u00f3culos.<\/p>\n<h2>\u00d3culos personalizados vers\u00e1teis e com estilo<\/h2>\n<p>Estes \u00f3culos cl\u00e1ssicos de acetato unissexo n\u00e3o servem apenas para corrigir a vis\u00e3o; podem tamb\u00e9m ser parte integrante do seu conjunto de moda. Compreendemos que os \u00f3culos n\u00e3o s\u00e3o apenas funcionais, mas tamb\u00e9m uma afirma\u00e7\u00e3o de estilo e, como tal, oferecemos \u00f3culos personalizados adaptados aos gostos individuais.<\/p>\n<h2>O seu fabricante e grossista de \u00f3culos de confian\u00e7a<\/h2>\n<p>omo fabricante e grossista de \u00f3culos de renome, dedicamo-nos a fornecer produtos de topo a pre\u00e7os competitivos. Quer necessite de \u00f3culos de sol a granel ou de \u00f3culos personalizados, o nosso compromisso com a qualidade mant\u00e9m-se inabal\u00e1vel.<\/p>\n<h3>Porqu\u00ea escolher-nos como seu fornecedor de \u00f3culos<\/h3>\n<p>A nossa vasta sele\u00e7\u00e3o de \u00f3culos, aliada ao nosso compromisso de qualidade e acessibilidade, faz de n\u00f3s o seu fornecedor ideal de \u00f3culos. Esfor\u00e7amo-nos continuamente por exceder as expectativas dos nossos clientes e manter a nossa reputa\u00e7\u00e3o como grossista e fabricante de \u00f3culos de confian\u00e7a.<\/p>","protected":false},"excerpt":{"rendered":"<p>Descubra os nossos \u00f3culos de acetato unissexo de alta qualidade de fabricantes de \u00f3culos personalizados de confian\u00e7a. Com um design cl\u00e1ssico e durabilidade com uma dobradi\u00e7a interna flex\u00edvel, estes \u00f3culos s\u00e3o indispens\u00e1veis. Como grossista de \u00f3culos de renome, tamb\u00e9m fornecemos \u00f3culos de sol por atacado, \u00f3culos \u00f3pticos e muito mais.<\/p>","protected":false},"featured_media":2041,"comment_status":"closed","ping_status":"closed","template":"","meta":[],"product_cat":[47,40],"product_tag":[46,65],"class_list":{"0":"post-2038","1":"product","2":"type-product","3":"status-publish","4":"has-post-thumbnail","6":"product_cat-acetate-eyeglasses","7":"product_cat-optical-frames","8":"product_tag-acetate","9":"product_tag-optical-frames","11":"first","12":"instock","13":"shipping-taxable","14":"product-type-simple"},"_links":{"self":[{"href":"https:\/\/www.joysee-optical.com\/pt\/wp-json\/wp\/v2\/product\/2038","targetHints":{"allow":["GET"]}}],"collection":[{"href":"https:\/\/www.joysee-optical.com\/pt\/wp-json\/wp\/v2\/product"}],"about":[{"href":"https:\/\/www.joysee-optical.com\/pt\/wp-json\/wp\/v2\/types\/product"}],"replies":[{"embeddable":true,"href":"https:\/\/www.joysee-optical.com\/pt\/wp-json\/wp\/v2\/comments?post=2038"}],"wp:featuredmedia":[{"embeddable":true,"href":"https:\/\/www.joysee-optical.com\/pt\/wp-json\/wp\/v2\/media\/2041"}],"wp:attachment":[{"href":"https:\/\/www.joysee-optical.com\/pt\/wp-json\/wp\/v2\/media?parent=2038"}],"wp:term":[{"taxonomy":"product_cat","embeddable":true,"href":"https:\/\/www.joysee-optical.com\/pt\/wp-json\/wp\/v2\/product_cat?post=2038"},{"taxonomy":"product_tag","embeddable":true,"href":"https:\/\/www.joysee-optical.com\/pt\/wp-json\/wp\/v2\/product_tag?post=2038"}],"curies":[{"name":"wp","href":"https:\/\/api.w.org\/{rel}","templated":true}]}}