{"id":2091,"date":"2024-01-04T16:29:02","date_gmt":"2024-01-04T08:29:02","guid":{"rendered":"https:\/\/www.joysee-optical.com\/?post_type=product&#038;p=2091"},"modified":"2024-01-04T19:43:36","modified_gmt":"2024-01-04T11:43:36","slug":"lt4011-top-quality-acetate-spectacle-glasses-wholesaler-and-custom-glasses-factory","status":"publish","type":"product","link":"https:\/\/www.joysee-optical.com\/pt\/produto\/lt4011-top-quality-acetate-spectacle-glasses-wholesaler-and-custom-glasses-factory\/","title":{"rendered":"LT4011 - Atacadista de \u00d3culos de Acetato de Alta Qualidade e F\u00e1brica de \u00d3culos Personalizados"},"content":{"rendered":"<h2>Experimente a qualidade superior com o nosso grossista de \u00f3culos<\/h2>\n<p>Como grossista l\u00edder de \u00f3culos, estamos empenhados em fornecer \u00f3culos de alta qualidade que combinam estilo, conforto e durabilidade. Os nossos \u00f3culos s\u00e3o meticulosamente concebidos e fabricados a partir de acetato de alta qualidade, garantindo que resistem ao teste do tempo.<\/p>\n<h3>Ofertas exclusivas da nossa f\u00e1brica de \u00f3culos de confian\u00e7a<\/h3>\n<p>Na nossa f\u00e1brica de \u00f3culos, n\u00e3o nos limitamos a fabricar \u00f3culos; criamos uma experi\u00eancia de vis\u00e3o \u00fanica para os nossos clientes. Os nossos \u00f3culos s\u00e3o fornecidos com dobradi\u00e7as flex\u00edveis internas e foram concebidos para serem unissexo e cl\u00e1ssicos. Enquanto fabricante de \u00f3culos por medida, permitimos-lhe personalizar os seus \u00f3culos, garantindo que estes reflectem o seu gosto e estilo.<\/p>\n<h3>Porqu\u00ea escolher os nossos \u00f3culos de sol por atacado?<\/h3>\n<p>Quando se trata de \u00f3culos de sol a granel, poucos conseguem igualar a nossa qualidade e os nossos pre\u00e7os. Os nossos \u00f3culos de sol n\u00e3o s\u00e3o apenas funcionais, oferecendo a m\u00e1xima prote\u00e7\u00e3o contra os raios UV nocivos, mas tamb\u00e9m elegantes, permitindo-lhe fazer a sua declara\u00e7\u00e3o de moda.<\/p>\n<h3>\u00d3culos de qualidade da nossa f\u00e1brica de \u00f3culos<\/h3>\n<p>A nossa f\u00e1brica de \u00f3culos \u00e9 conhecida pelos seus \u00f3culos de alta qualidade. Quer esteja \u00e0 procura de \u00f3culos de leitura ajust\u00e1veis, \u00f3culos de leitura inquebr\u00e1veis ou \u00f3culos de bloco azul, n\u00f3s temos tudo o que precisa. Confie em n\u00f3s para sermos o seu grossista de \u00f3culos de elei\u00e7\u00e3o.<\/p>\n<h3>\u00d3culos personalizados para um estilo personalizado<\/h3>\n<p>Porqu\u00ea contentar-se com \u00f3culos de prateleira quando pode ter \u00f3culos personalizados concebidos s\u00f3 para si? Permitimos-lhe personalizar todos os aspectos dos seus \u00f3culos, desde as arma\u00e7\u00f5es \u00e0s lentes, garantindo que correspondem ao seu estilo e conforto \u00fanicos.<\/p>","protected":false},"excerpt":{"rendered":"<p>Como principal grossista de \u00f3culos e f\u00e1brica de \u00f3culos personalizados, oferecemos \u00f3culos de acetato unissexo, cl\u00e1ssicos e de alta qualidade. Os nossos \u00f3culos possuem dobradi\u00e7as internas flex\u00edveis para maior conforto e durabilidade. Escolha entre a nossa vasta gama de \u00f3culos de sol por grosso ou personalize o seu pr\u00f3prio estilo na nossa f\u00e1brica de \u00f3culos.<\/p>","protected":false},"featured_media":2096,"comment_status":"closed","ping_status":"closed","template":"","meta":[],"product_cat":[47,40],"product_tag":[46,65],"class_list":{"0":"post-2091","1":"product","2":"type-product","3":"status-publish","4":"has-post-thumbnail","6":"product_cat-acetate-eyeglasses","7":"product_cat-optical-frames","8":"product_tag-acetate","9":"product_tag-optical-frames","11":"first","12":"instock","13":"shipping-taxable","14":"product-type-simple"},"_links":{"self":[{"href":"https:\/\/www.joysee-optical.com\/pt\/wp-json\/wp\/v2\/product\/2091","targetHints":{"allow":["GET"]}}],"collection":[{"href":"https:\/\/www.joysee-optical.com\/pt\/wp-json\/wp\/v2\/product"}],"about":[{"href":"https:\/\/www.joysee-optical.com\/pt\/wp-json\/wp\/v2\/types\/product"}],"replies":[{"embeddable":true,"href":"https:\/\/www.joysee-optical.com\/pt\/wp-json\/wp\/v2\/comments?post=2091"}],"wp:featuredmedia":[{"embeddable":true,"href":"https:\/\/www.joysee-optical.com\/pt\/wp-json\/wp\/v2\/media\/2096"}],"wp:attachment":[{"href":"https:\/\/www.joysee-optical.com\/pt\/wp-json\/wp\/v2\/media?parent=2091"}],"wp:term":[{"taxonomy":"product_cat","embeddable":true,"href":"https:\/\/www.joysee-optical.com\/pt\/wp-json\/wp\/v2\/product_cat?post=2091"},{"taxonomy":"product_tag","embeddable":true,"href":"https:\/\/www.joysee-optical.com\/pt\/wp-json\/wp\/v2\/product_tag?post=2091"}],"curies":[{"name":"wp","href":"https:\/\/api.w.org\/{rel}","templated":true}]}}