{"id":2129,"date":"2024-01-05T14:22:45","date_gmt":"2024-01-05T06:22:45","guid":{"rendered":"https:\/\/www.joysee-optical.com\/?post_type=product&#038;p=2129"},"modified":"2024-01-05T22:39:56","modified_gmt":"2024-01-05T14:39:56","slug":"lt1032-unisex-italy-design-acetate-eyewear-from-trusted-vendor-china-glasses-manufacturer","status":"publish","type":"product","link":"https:\/\/www.joysee-optical.com\/pt\/produto\/lt1032-unisex-italy-design-acetate-eyewear-from-trusted-vendor-china-glasses-manufacturer\/","title":{"rendered":"LT1032 - \u00d3culos de acetato unissexo de design italiano de um fornecedor de confian\u00e7a Fabricante de \u00f3culos na China"},"content":{"rendered":"<h2>\u00d3culos de acetato de alta qualidade de um fabricante de \u00f3culos de confian\u00e7a na China<\/h2>\n<p>Descubra a combina\u00e7\u00e3o perfeita de estilo, conforto e durabilidade com os nossos \u00f3culos de acetato. Enquanto fabricante l\u00edder de \u00f3culos, especializamo-nos na produ\u00e7\u00e3o de \u00f3culos cl\u00e1ssicos e unissexo que apelam a todos os sentidos da moda.<\/p>\n<h3>Materiais superiores para o m\u00e1ximo conforto<\/h3>\n<p>Os nossos \u00f3culos s\u00e3o fabricados em acetato de alta qualidade, conhecido pela sua resist\u00eancia, conforto leve e rica satura\u00e7\u00e3o de cores. Este material, combinado com as nossas t\u00e9cnicas de fabrico avan\u00e7adas, resulta em \u00f3culos que n\u00e3o s\u00f3 t\u00eam estilo, como tamb\u00e9m s\u00e3o duradouros e confort\u00e1veis.<\/p>\n<h3>Design cl\u00e1ssico para um apelo unissexo<\/h3>\n<p>O design cl\u00e1ssico dos nossos \u00f3culos de acetato \u00e9 simultaneamente moderno e intemporal. Adequados para homens e mulheres, estes \u00f3culos apresentam uma dobradi\u00e7a interna flex\u00edvel e pe\u00e7as met\u00e1licas elegantes que d\u00e3o um toque de sofistica\u00e7\u00e3o. Os nossos \u00f3culos s\u00e3o o acess\u00f3rio ideal para qualquer roupa, garantindo que est\u00e1 sempre no seu melhor.<\/p>\n<h2>\u00d3culos de sol por atacado de um fornecedor de \u00f3culos respeit\u00e1vel<\/h2>\n<p>Como um fornecedor de \u00f3culos de confian\u00e7a, oferecemos pre\u00e7os de f\u00e1brica aos nossos clientes. Acreditamos no fornecimento de \u00f3culos de alta qualidade a pre\u00e7os acess\u00edveis, tornando-nos a escolha certa para \u00f3culos de sol a granel, \u00f3culos de sol de moda por atacado e arma\u00e7\u00f5es de \u00f3culos por atacado.<\/p>\n<h3>\u00d3culos personalizados de uma empresa l\u00edder em \u00f3culos<\/h3>\n<p>A nossa empresa de \u00f3culos oferece op\u00e7\u00f5es de personaliza\u00e7\u00e3o para satisfazer as suas necessidades \u00fanicas. Quer esteja \u00e0 procura de \u00f3culos de sol personalizados, arma\u00e7\u00f5es \u00f3pticas ou \u00f3culos de leitura ajust\u00e1veis, temos tudo o que precisa. Os nossos \u00f3culos personalizados garantem que se destaca da multid\u00e3o com um estilo \u00fanico que \u00e9 verdadeiramente seu.<\/p>\n<h2>Parceria com um fabricante l\u00edder de \u00f3culos de sol<\/h2>\n<p>Quando nos escolhe como fabricante de \u00f3culos de sol, est\u00e1 a escolher uma empresa empenhada na qualidade, no estilo e na acessibilidade. O nosso estatuto de grossista de \u00f3culos permite-nos fornecer \u00f3culos de sol para crian\u00e7as a granel, \u00f3culos de leitura inquebr\u00e1veis e muito mais a pre\u00e7os imbat\u00edveis.<\/p>","protected":false},"excerpt":{"rendered":"<p>Obtenha a combina\u00e7\u00e3o perfeita de estilo, conforto e durabilidade com os nossos \u00f3culos de acetato. Fabricados a partir de acetato leve e de alta qualidade e com um design cl\u00e1ssico e unissexo, os nossos \u00f3culos s\u00e3o um corte acima do resto. Como um fabricante l\u00edder de \u00f3culos na China e fornecedor de \u00f3culos, oferecemos pre\u00e7os de f\u00e1brica para nossos produtos superiores. Escolha-nos para as suas necessidades de \u00f3culos por atacado<\/p>","protected":false},"featured_media":2139,"comment_status":"closed","ping_status":"closed","template":"","meta":[],"product_cat":[47,40],"product_tag":[46,65],"class_list":{"0":"post-2129","1":"product","2":"type-product","3":"status-publish","4":"has-post-thumbnail","6":"product_cat-acetate-eyeglasses","7":"product_cat-optical-frames","8":"product_tag-acetate","9":"product_tag-optical-frames","11":"first","12":"instock","13":"shipping-taxable","14":"product-type-simple"},"_links":{"self":[{"href":"https:\/\/www.joysee-optical.com\/pt\/wp-json\/wp\/v2\/product\/2129","targetHints":{"allow":["GET"]}}],"collection":[{"href":"https:\/\/www.joysee-optical.com\/pt\/wp-json\/wp\/v2\/product"}],"about":[{"href":"https:\/\/www.joysee-optical.com\/pt\/wp-json\/wp\/v2\/types\/product"}],"replies":[{"embeddable":true,"href":"https:\/\/www.joysee-optical.com\/pt\/wp-json\/wp\/v2\/comments?post=2129"}],"wp:featuredmedia":[{"embeddable":true,"href":"https:\/\/www.joysee-optical.com\/pt\/wp-json\/wp\/v2\/media\/2139"}],"wp:attachment":[{"href":"https:\/\/www.joysee-optical.com\/pt\/wp-json\/wp\/v2\/media?parent=2129"}],"wp:term":[{"taxonomy":"product_cat","embeddable":true,"href":"https:\/\/www.joysee-optical.com\/pt\/wp-json\/wp\/v2\/product_cat?post=2129"},{"taxonomy":"product_tag","embeddable":true,"href":"https:\/\/www.joysee-optical.com\/pt\/wp-json\/wp\/v2\/product_tag?post=2129"}],"curies":[{"name":"wp","href":"https:\/\/api.w.org\/{rel}","templated":true}]}}