{"id":2140,"date":"2024-01-05T14:25:43","date_gmt":"2024-01-05T06:25:43","guid":{"rendered":"https:\/\/www.joysee-optical.com\/?post_type=product&#038;p=2140"},"modified":"2024-01-05T22:56:10","modified_gmt":"2024-01-05T14:56:10","slug":"lt1049-factory-price-female-ladies-womens-optical-frame-glasses-from-trusted-glasses-manufacturers","status":"publish","type":"product","link":"https:\/\/www.joysee-optical.com\/pt\/produto\/lt1049-factory-price-female-ladies-womens-optical-frame-glasses-from-trusted-glasses-manufacturers\/","title":{"rendered":"LT1049 - Pre\u00e7o de F\u00e1brica de \u00d3culos de Arma\u00e7\u00e3o \u00d3tica Feminina de Senhoras de Fabricantes de \u00d3culos de Confian\u00e7a"},"content":{"rendered":"<h2>Qualidade excecional dos fabricantes de \u00f3culos<\/h2>\n<p>Descubra os nossos \u00f3culos cl\u00e1ssicos de acetato unissexo, provenientes diretamente dos principais fabricantes de \u00f3culos. Experimente a mistura perfeita de estilo e funcionalidade, trazida at\u00e9 si pelo grossista de \u00f3culos de topo.<\/p>\n<h3>Design sofisticado e carater\u00edsticas impec\u00e1veis<\/h3>\n<p>Estes \u00f3culos t\u00eam um design cl\u00e1ssico e unissexo que se adapta a toda a gente. Fabricados com uma dobradi\u00e7a interna flex\u00edvel e detalhados com pe\u00e7as met\u00e1licas elegantes, estes \u00f3culos s\u00e3o o ep\u00edtome da sofistica\u00e7\u00e3o. Ideais para mulher, estes \u00f3culos real\u00e7am o charme feminino e oferecem o m\u00e1ximo conforto.<\/p>\n<h3>\u00a0Diretamente da f\u00e1brica para si<\/h3>\n<p>Como grossistas de \u00f3culos de confian\u00e7a, fornecemos estes \u00f3culos de alta qualidade diretamente da f\u00e1brica, garantindo que obt\u00e9m a melhor qualidade a pre\u00e7os de f\u00e1brica. Como fornecedor de \u00f3culos de renome, orgulhamo-nos de oferecer um valor excecional aos nossos clientes.<\/p>\n<h3>Personaliz\u00e1vel e vers\u00e1til<\/h3>\n<p>Os nossos \u00f3culos de sol a granel, incluindo estes \u00f3culos cl\u00e1ssicos de acetato para mulher, podem ser facilmente personalizados de acordo com a sua prefer\u00eancia. Quer esteja \u00e0 procura de \u00f3culos de leitura ajust\u00e1veis, \u00f3culos de bloco azul ou \u00f3culos de sol de moda por atacado, temos tudo o que precisa.<\/p>\n<h3>Perfeito para qualquer ocasi\u00e3o<\/h3>\n<p>Estes \u00f3culos s\u00e3o vers\u00e1teis e perfeitos para qualquer ocasi\u00e3o. Quer esteja a ler, a trabalhar no computador ou ao sol, os nossos \u00f3culos mant\u00eam-no confort\u00e1vel e com estilo. Como fabricante l\u00edder de \u00f3culos de sol e grossista de \u00f3culos, garantimos que os nossos \u00f3culos satisfazem as suas necessidades.<\/p>\n<h3>Lideran\u00e7a no sector<\/h3>\n<p>Estando entre as 10 maiores empresas de \u00f3culos de sol e uma f\u00e1brica de \u00f3culos respeitada, o nosso compromisso de criar \u00f3culos de alta qualidade \u00e9 inigual\u00e1vel. Os nossos \u00f3culos n\u00e3o s\u00e3o apenas acess\u00f3rios, mas uma express\u00e3o do seu estilo e personalidade.<\/p>","protected":false},"excerpt":{"rendered":"<p>Descubra os nossos \u00f3culos de acetato unissexo cl\u00e1ssicos, uma mistura perfeita de estilo e funcionalidade de fabricantes de \u00f3culos de confian\u00e7a. Com uma dobradi\u00e7a interna flex\u00edvel, pe\u00e7as met\u00e1licas elegantes e pre\u00e7os de f\u00e1brica, estes \u00f3culos s\u00e3o perfeitos para qualquer ocasi\u00e3o. Personaliz\u00e1veis e vers\u00e1teis, os nossos \u00f3culos satisfazem as suas necessidades<\/p>","protected":false},"featured_media":2149,"comment_status":"closed","ping_status":"closed","template":"","meta":[],"product_cat":[47,40],"product_tag":[46,65],"class_list":{"0":"post-2140","1":"product","2":"type-product","3":"status-publish","4":"has-post-thumbnail","6":"product_cat-acetate-eyeglasses","7":"product_cat-optical-frames","8":"product_tag-acetate","9":"product_tag-optical-frames","11":"first","12":"instock","13":"shipping-taxable","14":"product-type-simple"},"_links":{"self":[{"href":"https:\/\/www.joysee-optical.com\/pt\/wp-json\/wp\/v2\/product\/2140","targetHints":{"allow":["GET"]}}],"collection":[{"href":"https:\/\/www.joysee-optical.com\/pt\/wp-json\/wp\/v2\/product"}],"about":[{"href":"https:\/\/www.joysee-optical.com\/pt\/wp-json\/wp\/v2\/types\/product"}],"replies":[{"embeddable":true,"href":"https:\/\/www.joysee-optical.com\/pt\/wp-json\/wp\/v2\/comments?post=2140"}],"wp:featuredmedia":[{"embeddable":true,"href":"https:\/\/www.joysee-optical.com\/pt\/wp-json\/wp\/v2\/media\/2149"}],"wp:attachment":[{"href":"https:\/\/www.joysee-optical.com\/pt\/wp-json\/wp\/v2\/media?parent=2140"}],"wp:term":[{"taxonomy":"product_cat","embeddable":true,"href":"https:\/\/www.joysee-optical.com\/pt\/wp-json\/wp\/v2\/product_cat?post=2140"},{"taxonomy":"product_tag","embeddable":true,"href":"https:\/\/www.joysee-optical.com\/pt\/wp-json\/wp\/v2\/product_tag?post=2140"}],"curies":[{"name":"wp","href":"https:\/\/api.w.org\/{rel}","templated":true}]}}