{"id":2173,"date":"2024-01-05T14:50:07","date_gmt":"2024-01-05T06:50:07","guid":{"rendered":"https:\/\/www.joysee-optical.com\/?post_type=product&#038;p=2173"},"modified":"2024-01-06T13:58:35","modified_gmt":"2024-01-06T05:58:35","slug":"classic-square-shape-acetate-glasses-the-eyewear-choice-of-manufacturers-vendors","status":"publish","type":"product","link":"https:\/\/www.joysee-optical.com\/pt\/produto\/classic-square-shape-acetate-glasses-the-eyewear-choice-of-manufacturers-vendors\/","title":{"rendered":"LT4012 - \u00d3culos de acetato cl\u00e1ssicos de formato quadrado - A escolha de \u00f3culos de fabricantes e vendedores"},"content":{"rendered":"<h2>Qualidade excecional com os nossos \u00f3culos de acetato<\/h2>\n<p>Como um dos principais fabricantes de \u00f3culos, oferecemos \u00f3culos de acetato da melhor qualidade. Os nossos \u00f3culos por atacado trazem-lhe o melhor do mercado, diretamente do centro dos fabricantes de \u00f3culos de topo de gama.<\/p>\n<h3>O design cl\u00e1ssico chique<\/h3>\n<p>Os nossos \u00f3culos apresentam um design intemporal em forma de quadrado, tornando-os uma escolha popular para todos os indiv\u00edduos preocupados com a moda. O design cl\u00e1ssico, combinado com os detalhes em metal, confere aos \u00f3culos uma est\u00e9tica refinada, melhorando o seu visual geral.<\/p>\n<h2>Mais do que um simples par de \u00f3culos<\/h2>\n<p>Como fornecedor grossista de \u00f3culos dominante, compreendemos que os nossos clientes esperam mais do que apenas funcionalidade. Por isso, garantimos que os nossos \u00f3culos oferecem n\u00e3o s\u00f3 um ajuste confort\u00e1vel, mas tamb\u00e9m uma afirma\u00e7\u00e3o de estilo.<\/p>\n<h2>A vantagem do acetato<\/h2>\n<p>Fabricados em acetato de alta qualidade, os \u00f3culos n\u00e3o s\u00e3o apenas dur\u00e1veis, mas tamb\u00e9m oferecem um conforto superior. A utiliza\u00e7\u00e3o de acetato como material de base torna os \u00f3culos leves, o que os torna perfeitos para longas horas de utiliza\u00e7\u00e3o.<\/p>\n<h2>\u00d3culos de sol a granel para todas as necessidades<\/h2>\n<p>Como fornecedor de \u00f3culos de confian\u00e7a, oferecemos \u00f3culos de sol a granel que satisfazem diversas necessidades. Quer necessite deles para fins de prote\u00e7\u00e3o ou apenas para dar um toque de estilo, os nossos \u00f3culos de sol para crian\u00e7as a granel e as aulas de sol por atacado s\u00e3o as escolhas perfeitas.<\/p>\n<h3>O com\u00e9rcio grossista de \u00f3culos em que pode confiar<\/h3>\n<p>A nossa dedica\u00e7\u00e3o \u00e0 qualidade e \u00e0 satisfa\u00e7\u00e3o do cliente fez de n\u00f3s uma das 10 maiores empresas de \u00f3culos de sol a n\u00edvel mundial. N\u00e3o somos apenas o seu fabricante de \u00f3culos de sol comum; somos a sua empresa de \u00f3culos de confian\u00e7a, trazendo-lhe as melhores ofertas de \u00f3culos por atacado.<\/p>","protected":false},"excerpt":{"rendered":"<p>Descubra os nossos \u00f3culos de acetato de alta qualidade, um produto de qualidade artesanal e design superior. Como um dos principais fabricantes de \u00f3culos, garantimos que cada par apresenta estilo e durabilidade. A forma quadrada cl\u00e1ssica, complementada por detalhes met\u00e1licos, aperfei\u00e7oa os \u00f3culos para qualquer ocasi\u00e3o. Confie em n\u00f3s, o seu fornecedor grossista de \u00f3culos de confian\u00e7a, para lhe fornecer os melhores \u00f3culos<\/p>","protected":false},"featured_media":2251,"comment_status":"closed","ping_status":"closed","template":"","meta":[],"product_cat":[47,40],"product_tag":[46,65],"class_list":{"0":"post-2173","1":"product","2":"type-product","3":"status-publish","4":"has-post-thumbnail","6":"product_cat-acetate-eyeglasses","7":"product_cat-optical-frames","8":"product_tag-acetate","9":"product_tag-optical-frames","11":"first","12":"instock","13":"shipping-taxable","14":"product-type-simple"},"_links":{"self":[{"href":"https:\/\/www.joysee-optical.com\/pt\/wp-json\/wp\/v2\/product\/2173","targetHints":{"allow":["GET"]}}],"collection":[{"href":"https:\/\/www.joysee-optical.com\/pt\/wp-json\/wp\/v2\/product"}],"about":[{"href":"https:\/\/www.joysee-optical.com\/pt\/wp-json\/wp\/v2\/types\/product"}],"replies":[{"embeddable":true,"href":"https:\/\/www.joysee-optical.com\/pt\/wp-json\/wp\/v2\/comments?post=2173"}],"wp:featuredmedia":[{"embeddable":true,"href":"https:\/\/www.joysee-optical.com\/pt\/wp-json\/wp\/v2\/media\/2251"}],"wp:attachment":[{"href":"https:\/\/www.joysee-optical.com\/pt\/wp-json\/wp\/v2\/media?parent=2173"}],"wp:term":[{"taxonomy":"product_cat","embeddable":true,"href":"https:\/\/www.joysee-optical.com\/pt\/wp-json\/wp\/v2\/product_cat?post=2173"},{"taxonomy":"product_tag","embeddable":true,"href":"https:\/\/www.joysee-optical.com\/pt\/wp-json\/wp\/v2\/product_tag?post=2173"}],"curies":[{"name":"wp","href":"https:\/\/api.w.org\/{rel}","templated":true}]}}