{"id":2184,"date":"2024-01-05T14:54:03","date_gmt":"2024-01-05T06:54:03","guid":{"rendered":"https:\/\/www.joysee-optical.com\/?post_type=product&#038;p=2184"},"modified":"2024-01-06T19:45:57","modified_gmt":"2024-01-06T11:45:57","slug":"lt4012s-classic-unisex-polarized-sunglasses-premium-quality-by-top-sunglasses-manufacturers-factorylt4012s","status":"publish","type":"product","link":"https:\/\/www.joysee-optical.com\/pt\/produto\/lt4012s-classic-unisex-polarized-sunglasses-premium-quality-by-top-sunglasses-manufacturers-factorylt4012s\/","title":{"rendered":"LT4012S - \u00d3culos de sol polarizados unissexo cl\u00e1ssico: Qualidade Premium da F\u00e1brica dos Melhores Fabricantes de \u00d3culos de Sol"},"content":{"rendered":"<h2>Apresentamos os nossos \u00f3culos de sol de acetato superiores de fabricantes de \u00f3culos de sol conceituados<\/h2>\n<p>Experimente a derradeira mistura de estilo, conforto e prote\u00e7\u00e3o com os nossos \u00f3culos de sol de acetato de alta qualidade. Como um dos principais fabricantes de \u00f3culos de sol, apresentamos-lhe uma sele\u00e7\u00e3o excecional de arma\u00e7\u00f5es cl\u00e1ssicas unissexo concebidas com perfei\u00e7\u00e3o absoluta.<\/p>\n<h3>Design cl\u00e1ssico: O apelo universal<\/h3>\n<p>Os nossos \u00f3culos de sol apresentam um design intemporal que se adequa tanto a homens como a mulheres. A est\u00e9tica cl\u00e1ssica \u00e9 vers\u00e1til e chique, garantindo que estes \u00f3culos de sol estar\u00e3o sempre na moda. De tardes descontra\u00eddas a eventos formais, estes \u00f3culos s\u00e3o o seu acess\u00f3rio perfeito.<\/p>\n<h3>O vendedor de \u00f3culos de sol com uma diferen\u00e7a<\/h3>\n<p>Como fornecedor de \u00f3culos de sol de confian\u00e7a, compreendemos a import\u00e2ncia da qualidade. \u00c9 por isso que os nossos \u00f3culos de sol s\u00e3o fabricados em acetato dur\u00e1vel, prometendo longevidade e um acabamento topo de gama. A estrutura robusta das nossas arma\u00e7\u00f5es garante que pode desfrutar do seu par de \u00f3culos de sol favorito durante muitos anos.<\/p>\n<h3>Lentes Polarizadas: Prote\u00e7\u00e3o superior<\/h3>\n<p>Desfrute de uma vis\u00e3o mais clara sob o sol forte, uma vez que os nossos \u00f3culos de sol s\u00e3o fornecidos com lentes polarizadas. Estas lentes reduzem o brilho e protegem os olhos contra os raios UV nocivos, tornando os nossos \u00f3culos de sol n\u00e3o s\u00f3 uma afirma\u00e7\u00e3o de moda, mas tamb\u00e9m uma necessidade de sa\u00fade.<\/p>\n<h3>\u00d3culos de sol unissexo: O par perfeito para todos<\/h3>\n<p>Os nossos \u00f3culos de sol foram concebidos para agradar a todos. Sendo um modelo unissexo, oferecem uma excelente adapta\u00e7\u00e3o tanto para homens como para mulheres. Por isso, quer seja um homem \u00e0 procura de um par de \u00f3culos de sol resistente ou uma mulher \u00e0 procura de algo chique e protetor, temos tudo o que precisa.<\/p>\n<p>O nosso compromisso como f\u00e1brica de \u00f3culos de sol \u00e9 fornecer \u00f3culos de sol de qualidade superior e que definam tend\u00eancias que satisfa\u00e7am as necessidades de todos. Ent\u00e3o, porqu\u00ea esperar? Escolha os nossos \u00f3culos de sol e experimente a diferen\u00e7a que um fabricante de \u00f3culos de sol de topo pode fazer.<\/p>","protected":false},"excerpt":{"rendered":"<p>Junte-se \u00e0 liga de estilo e prote\u00e7\u00e3o com os nossos \u00f3culos de sol de acetato. Como fabricantes e vendedores l\u00edderes de \u00f3culos de sol, apresentamos-lhe designs unissexo cl\u00e1ssicos que nunca saem de moda. Fabricados com acetato dur\u00e1vel e com lentes polarizadas, os nossos \u00f3culos de sol s\u00e3o uma prova de qualidade e conforto. Experimente a diferen\u00e7a hoje.<\/p>","protected":false},"featured_media":2263,"comment_status":"closed","ping_status":"closed","template":"","meta":[],"product_cat":[51,41],"product_tag":[66,67],"class_list":{"0":"post-2184","1":"product","2":"type-product","3":"status-publish","4":"has-post-thumbnail","6":"product_cat-acetate-sunglasses","7":"product_cat-sunglasses","8":"product_tag-acetate-sunglasses","9":"product_tag-sunglasses","11":"first","12":"instock","13":"shipping-taxable","14":"product-type-simple"},"_links":{"self":[{"href":"https:\/\/www.joysee-optical.com\/pt\/wp-json\/wp\/v2\/product\/2184","targetHints":{"allow":["GET"]}}],"collection":[{"href":"https:\/\/www.joysee-optical.com\/pt\/wp-json\/wp\/v2\/product"}],"about":[{"href":"https:\/\/www.joysee-optical.com\/pt\/wp-json\/wp\/v2\/types\/product"}],"replies":[{"embeddable":true,"href":"https:\/\/www.joysee-optical.com\/pt\/wp-json\/wp\/v2\/comments?post=2184"}],"wp:featuredmedia":[{"embeddable":true,"href":"https:\/\/www.joysee-optical.com\/pt\/wp-json\/wp\/v2\/media\/2263"}],"wp:attachment":[{"href":"https:\/\/www.joysee-optical.com\/pt\/wp-json\/wp\/v2\/media?parent=2184"}],"wp:term":[{"taxonomy":"product_cat","embeddable":true,"href":"https:\/\/www.joysee-optical.com\/pt\/wp-json\/wp\/v2\/product_cat?post=2184"},{"taxonomy":"product_tag","embeddable":true,"href":"https:\/\/www.joysee-optical.com\/pt\/wp-json\/wp\/v2\/product_tag?post=2184"}],"curies":[{"name":"wp","href":"https:\/\/api.w.org\/{rel}","templated":true}]}}