{"id":2213,"date":"2024-01-05T15:40:01","date_gmt":"2024-01-05T07:40:01","guid":{"rendered":"https:\/\/www.joysee-optical.com\/?post_type=product&#038;p=2213"},"modified":"2024-01-06T19:37:36","modified_gmt":"2024-01-06T11:37:36","slug":"lt4014-high-quality-classic-acetate-glasses-from-reliable-glasses-manufacturer-chinalt4014","status":"publish","type":"product","link":"https:\/\/www.joysee-optical.com\/pt\/produto\/lt4014-high-quality-classic-acetate-glasses-from-reliable-glasses-manufacturer-chinalt4014\/","title":{"rendered":"LT4014 - \u00d3culos de Acetato Cl\u00e1ssicos de Alta Qualidade de um Fabricante de \u00d3culos de Confian\u00e7a na China"},"content":{"rendered":"<h2>\u00d3culos de acetato de qualidade de um fabricante de \u00f3culos de renome<\/h2>\n<p>Fabricados com precis\u00e3o e estilo, os nossos \u00f3culos de acetato reflectem a qualidade e a habilidade que n\u00f3s, como fabricante l\u00edder de \u00f3culos, oferecemos aos nossos clientes. Estes \u00f3culos cl\u00e1ssicos, de forma quadrada e com partes met\u00e1licas, n\u00e3o s\u00f3 aumentam o seu quociente de estilo como oferecem uma durabilidade duradoura.<\/p>\n<h3>O seu fabricante de \u00f3culos de sol de confian\u00e7a na China<\/h3>\n<p>Como um respeitado fabricante de \u00f3culos de sol na China, especializamo-nos em fornecer \u00f3culos de sol personalizados que incorporam as \u00faltimas tend\u00eancias e padr\u00f5es. Os nossos \u00f3culos, caracterizados pela sua forma quadrada e design cl\u00e1ssico, s\u00e3o feitos de acetato de alta qualidade, garantindo um ajuste confort\u00e1vel e uma utiliza\u00e7\u00e3o duradoura.<\/p>\n<h3>Mais do que um simples vendedor de \u00f3culos de sol<\/h3>\n<p>Fazemos mais do que apenas fabricar \u00f3culos de sol. Oferecemos um conjunto completo de solu\u00e7\u00f5es de \u00f3culos, desde \u00f3culos de sol por grosso a \u00f3culos de sol a granel. A nossa empresa de \u00f3culos n\u00e3o se limita aos \u00f3culos de sol. Tamb\u00e9m satisfazemos v\u00e1rias outras necessidades em termos de \u00f3culos, tais como \u00f3culos de leitura ajust\u00e1veis, \u00f3culos de bloqueio azul e \u00f3culos de leitura inquebr\u00e1veis.<\/p>\n<h3>Spectacle Factory - Compromisso com a qualidade<\/h3>\n<p>A nossa f\u00e1brica de \u00f3culos dedica-se a produzir arma\u00e7\u00f5es de alta qualidade que n\u00e3o s\u00e3o apenas funcionais, mas tamb\u00e9m est\u00e3o na moda. Como f\u00e1brica de \u00f3culos que oferece uma vasta gama de produtos, desde \u00f3culos de sol de moda por atacado a \u00f3culos personalizados, somos a sua solu\u00e7\u00e3o \u00fanica para todas as necessidades de \u00f3culos.<\/p>\n<h3>Wholesale Sunnies Company - \u00d3culos de sol acess\u00edveis e com estilo<\/h3>\n<p>Como empresa de \u00f3culos de sol, oferecemos \u00f3ptimos neg\u00f3cios para quem procura \u00f3culos a granel. Quer esteja \u00e0 procura de \u00f3culos de sol por atacado ou de \u00f3culos de sol para crian\u00e7as a granel, temos tudo o que precisa. Tamb\u00e9m oferecemos a qualidade das 10 melhores empresas de \u00f3culos de sol por uma fra\u00e7\u00e3o do pre\u00e7o.<\/p>","protected":false},"excerpt":{"rendered":"<p>\u00d3culos de acetato de qualidade superior de um fabricante de \u00f3culos de renome. Os nossos modelos cl\u00e1ssicos de formato quadrado s\u00e3o fabricados com precis\u00e3o para uma durabilidade duradoura. Como um fabricante de \u00f3culos de sol de confian\u00e7a na China, oferecemos \u00f3culos de sol personalizados e uma gama de outras solu\u00e7\u00f5es de \u00f3culos, tornando-nos a sua solu\u00e7\u00e3o \u00fanica para todas as necessidades de \u00f3culos<\/p>","protected":false},"featured_media":2223,"comment_status":"closed","ping_status":"closed","template":"","meta":[],"product_cat":[47,40],"product_tag":[46,65],"class_list":{"0":"post-2213","1":"product","2":"type-product","3":"status-publish","4":"has-post-thumbnail","6":"product_cat-acetate-eyeglasses","7":"product_cat-optical-frames","8":"product_tag-acetate","9":"product_tag-optical-frames","11":"first","12":"instock","13":"shipping-taxable","14":"product-type-simple"},"_links":{"self":[{"href":"https:\/\/www.joysee-optical.com\/pt\/wp-json\/wp\/v2\/product\/2213","targetHints":{"allow":["GET"]}}],"collection":[{"href":"https:\/\/www.joysee-optical.com\/pt\/wp-json\/wp\/v2\/product"}],"about":[{"href":"https:\/\/www.joysee-optical.com\/pt\/wp-json\/wp\/v2\/types\/product"}],"replies":[{"embeddable":true,"href":"https:\/\/www.joysee-optical.com\/pt\/wp-json\/wp\/v2\/comments?post=2213"}],"wp:featuredmedia":[{"embeddable":true,"href":"https:\/\/www.joysee-optical.com\/pt\/wp-json\/wp\/v2\/media\/2223"}],"wp:attachment":[{"href":"https:\/\/www.joysee-optical.com\/pt\/wp-json\/wp\/v2\/media?parent=2213"}],"wp:term":[{"taxonomy":"product_cat","embeddable":true,"href":"https:\/\/www.joysee-optical.com\/pt\/wp-json\/wp\/v2\/product_cat?post=2213"},{"taxonomy":"product_tag","embeddable":true,"href":"https:\/\/www.joysee-optical.com\/pt\/wp-json\/wp\/v2\/product_tag?post=2213"}],"curies":[{"name":"wp","href":"https:\/\/api.w.org\/{rel}","templated":true}]}}